{"id":694622,"date":"2026-03-16T15:55:19","date_gmt":"2026-03-16T14:55:19","guid":{"rendered":"https:\/\/shop.kustom.ch\/?post_type=product&#038;p=694622"},"modified":"2026-03-31T08:33:43","modified_gmt":"2026-03-31T07:33:43","slug":"blaklaeder-toolrig-handwerker-arbeitshose-4-wege-stretch","status":"publish","type":"product","link":"https:\/\/shop.kustom.ch\/fr\/produit\/blaklaeder-toolrig-handwerker-arbeitshose-4-wege-stretch\/","title":{"rendered":"Bl\u00e5kl\u00e4der ToolRig\u2122 Pantalon de travail artisanal 4-way stretch"},"content":{"rendered":"<p>Quand le confort passe avant tout, mais que la durabilit\u00e9 ne doit pas \u00eatre n\u00e9glig\u00e9e. Ce pantalon d'artisan avec stretch 4 directions suit tous les mouvements et permet de travailler \u00e0 fond toute la journ\u00e9e. Les d\u00e9tails quotidiens font la diff\u00e9rence : Poches genouill\u00e8res en CORDURA\u00ae stretch renforc\u00e9 avec ouverture sur le bas, poches arri\u00e8re cargo spacieuses et poche m\u00e8tre, con\u00e7ues pour \u00eatre utilis\u00e9es sur le terrain. Ouvertures et ourlets des poches renforc\u00e9s et d\u00e9tails r\u00e9fl\u00e9chissants sur les jambes pour une visibilit\u00e9 discr\u00e8te. La ceinture ToolRig\u2122 s'\u00e9tend \u00e0 360\u00b0 autour de la taille, ce qui permet de d\u00e9placer librement les poches et les accessoires. Des poches \u00e0 outils ToolRig\u2122 et un porte-marteau sont inclus. Si davantage d'\u00e9quipement doit \u00eatre ajout\u00e9, des boucles pour bretelles\/harnais ToolRig\u2122 sont disponibles pour garantir une r\u00e9partition stable et ergonomique de la charge. Stretch 4 directions pour un grand confort et une grande libert\u00e9 de mouvement Ceinture ToolRig\u2122 360\u00b0 autour de la taille - les poches et les accessoires sont libres de bouger ToolRig\u2122 Poches \u00e0 outils et porte-marteau inclus. Passants pour bretelles\/harnais ToolRig\u2122 pour une meilleure ergonomie et une meilleure r\u00e9partition de la charge Poches genouill\u00e8res en CORDURA\u00ae stretch avec ouverture sur la partie inf\u00e9rieure Renforts sur les poches et les bas de jambes D\u00e9tails r\u00e9fl\u00e9chissants sur les jambes<\/p>\n<p>92% polyamide, 8% \u00e9lasthanne, double tissage, stretch quadri-directionnel, 230 g\/m<\/p>","protected":false},"excerpt":{"rendered":"<p>Wenn Komfort an erster Stelle steht, aber die Haltbarkeit nicht zu kurz kommen darf. Diese Handwerkerhose mit 4-Wege-Stretch macht jede Bewegung mit und erm\u00f6glicht den ganzen Tag \u00fcber volle Leistung. Allt\u00e4gliche Details machen den Unterschied aus: Kniepolstertaschen aus verst\u00e4rktem CORDURA\u00ae-Stretch mit \u00d6ffnung an der Unterseite, ger\u00e4umige Cargo-Ges\u00e4sstaschen und eine Zollstocktasche, entwickelt f\u00fcr den Einsatz in [&hellip;]<\/p>\n","protected":false},"featured_media":694623,"template":"","meta":[],"product_brand":[],"product_cat":[4185],"product_tag":[],"class_list":{"0":"post-694622","1":"product","2":"type-product","3":"status-publish","4":"has-post-thumbnail","6":"product_cat-hosen","7":"pa_brand-blaklaeder","8":"pa_brand-type-workwear","9":"pa_filter-color-blau","10":"pa_filter-color-schwarz","12":"first","13":"instock","14":"sale","15":"taxable","16":"shipping-taxable","17":"purchasable","18":"product-type-variable","19":"add-to-wishlist-before_image"},"exclude_global_add_ons":[],"addons":[],"acf":[],"_links":{"self":[{"href":"https:\/\/shop.kustom.ch\/fr\/wp-json\/wp\/v2\/product\/694622"}],"collection":[{"href":"https:\/\/shop.kustom.ch\/fr\/wp-json\/wp\/v2\/product"}],"about":[{"href":"https:\/\/shop.kustom.ch\/fr\/wp-json\/wp\/v2\/types\/product"}],"wp:featuredmedia":[{"embeddable":true,"href":"https:\/\/shop.kustom.ch\/fr\/wp-json\/wp\/v2\/media\/694623"}],"wp:attachment":[{"href":"https:\/\/shop.kustom.ch\/fr\/wp-json\/wp\/v2\/media?parent=694622"}],"wp:term":[{"taxonomy":"product_brand","embeddable":true,"href":"https:\/\/shop.kustom.ch\/fr\/wp-json\/wp\/v2\/product_brand?post=694622"},{"taxonomy":"product_cat","embeddable":true,"href":"https:\/\/shop.kustom.ch\/fr\/wp-json\/wp\/v2\/product_cat?post=694622"},{"taxonomy":"product_tag","embeddable":true,"href":"https:\/\/shop.kustom.ch\/fr\/wp-json\/wp\/v2\/product_tag?post=694622"}],"curies":[{"name":"wp","href":"https:\/\/api.w.org\/{rel}","templated":true}]}}