{"id":694146,"date":"2026-03-16T15:50:28","date_gmt":"2026-03-16T14:50:28","guid":{"rendered":"https:\/\/shop.kustom.ch\/?post_type=product&#038;p=694146"},"modified":"2026-03-31T08:17:40","modified_gmt":"2026-03-31T07:17:40","slug":"blaklaeder-toolrig-high-vis-arbeitshose-4-wege-stretch","status":"publish","type":"product","link":"https:\/\/shop.kustom.ch\/fr\/produit\/blaklaeder-toolrig-high-vis-arbeitshose-4-wege-stretch\/","title":{"rendered":"Bl\u00e5kl\u00e4der ToolRig\u2122 Pantalon de travail haute visibilit\u00e9 4-way stretch"},"content":{"rendered":"<p>Pour un travail rapide et une haute visibilit\u00e9. Le mat\u00e9riau principal est un tissu stretch 4 directions confortable, flexible et robuste qui offre un confort tout au long de la journ\u00e9e, tandis que des inserts en mesh respirant au niveau des genoux et de l'empi\u00e8cement permettent de maintenir une temp\u00e9rature corporelle ad\u00e9quate, m\u00eame lors de travaux exigeants. La ceinture ToolRig\u2122 s'\u00e9tend \u00e0 360\u00b0 autour de la taille, ce qui permet de d\u00e9placer librement les sacs et les accessoires. Des poches \u00e0 outils ToolRig\u2122 et un porte-marteau sont inclus et amovibles. C'est id\u00e9al pour passer d'une t\u00e2che \u00e0 l'autre. Pour pouvoir fixer des \u00e9quipements plus lourds, le pantalon poss\u00e8de des boucles pour bretelles\/harnais ToolRig\u2122 pour une meilleure ergonomie et une meilleure r\u00e9partition de la charge. Des poches de genouill\u00e8res en CORDURA\u00ae stretch renforc\u00e9 permettent de travailler confortablement et en toute s\u00e9curit\u00e9 au niveau des genoux. Les poches \u00e0 outils extra larges offrent un espace de rangement g\u00e9n\u00e9reux, les renforts en CORDURA\u00ae prot\u00e8gent les zones les plus sollicit\u00e9es et la taille sur\u00e9lev\u00e9e dans le dos te permet d'\u00eatre toujours bien prot\u00e9g\u00e9, m\u00eame en mouvement. La bande r\u00e9fl\u00e9chissante segment\u00e9e garantit que tu seras vu lorsque tu en auras vraiment besoin. Confortable, flexible et robuste Stretch 4 directions Inserts en mesh respirant aux genoux et \u00e0 la taille ToolRig\u2122 Ceinture 360\u00b0 autour de la taille - poches et accessoires libres de bouger ToolRig\u2122 Poches \u00e0 outils et porte marteau inclus. Passants pour ToolRig\u2122 Bretelles\/harnais pour une meilleure ergonomie et une meilleure r\u00e9partition de la charge Poches genouill\u00e8res en CORDURA\u00ae stretch renforc\u00e9 Taille sur\u00e9lev\u00e9e dans le dos Poches \u00e0 outils renforc\u00e9es en CORDURA\u00ae Bande r\u00e9fl\u00e9chissante segment\u00e9e<\/p>\n<p>100% Polyester, double tissage, stretch 4 directions, 260 g\/m<\/p>","protected":false},"excerpt":{"rendered":"<p>F\u00fcr schnelles Arbeiten und hohe Sichtbarkeit. Das Hauptmaterial ist ein bequemes, flexibles und robustes 4-Wege-Stretchmaterial, das ganzt\u00e4gigen Komfort bietet, w\u00e4hrend atmungsaktive Mesh-Eins\u00e4tze an den Knien und an der Passe auch bei anstrengenden Arbeiten f\u00fcr die richtige K\u00f6rpertemperatur sorgen. Der ToolRig\u2122 G\u00fcrtel verl\u00e4uft 360\u00b0 um die Taille, sodass Taschen und Zubeh\u00f6r frei bewegt werden k\u00f6nnen. ToolRig\u2122 [&hellip;]<\/p>\n","protected":false},"featured_media":694147,"template":"","meta":[],"product_brand":[],"product_cat":[4185],"product_tag":[],"class_list":{"0":"post-694146","1":"product","2":"type-product","3":"status-publish","4":"has-post-thumbnail","6":"product_cat-hosen","7":"pa_brand-blaklaeder","8":"pa_brand-type-workwear","9":"pa_filter-color-blau","10":"pa_filter-color-gelb","11":"pa_filter-color-orange","12":"pa_filter-color-rot","13":"pa_filter-color-schwarz","15":"first","16":"instock","17":"sale","18":"taxable","19":"shipping-taxable","20":"purchasable","21":"product-type-variable","22":"add-to-wishlist-before_image"},"exclude_global_add_ons":[],"addons":[],"acf":[],"_links":{"self":[{"href":"https:\/\/shop.kustom.ch\/fr\/wp-json\/wp\/v2\/product\/694146"}],"collection":[{"href":"https:\/\/shop.kustom.ch\/fr\/wp-json\/wp\/v2\/product"}],"about":[{"href":"https:\/\/shop.kustom.ch\/fr\/wp-json\/wp\/v2\/types\/product"}],"wp:featuredmedia":[{"embeddable":true,"href":"https:\/\/shop.kustom.ch\/fr\/wp-json\/wp\/v2\/media\/694147"}],"wp:attachment":[{"href":"https:\/\/shop.kustom.ch\/fr\/wp-json\/wp\/v2\/media?parent=694146"}],"wp:term":[{"taxonomy":"product_brand","embeddable":true,"href":"https:\/\/shop.kustom.ch\/fr\/wp-json\/wp\/v2\/product_brand?post=694146"},{"taxonomy":"product_cat","embeddable":true,"href":"https:\/\/shop.kustom.ch\/fr\/wp-json\/wp\/v2\/product_cat?post=694146"},{"taxonomy":"product_tag","embeddable":true,"href":"https:\/\/shop.kustom.ch\/fr\/wp-json\/wp\/v2\/product_tag?post=694146"}],"curies":[{"name":"wp","href":"https:\/\/api.w.org\/{rel}","templated":true}]}}