{"id":691834,"date":"2026-03-09T17:12:00","date_gmt":"2026-03-09T16:12:00","guid":{"rendered":"https:\/\/shop.kustom.ch\/?post_type=product&#038;p=691834"},"modified":"2026-03-31T12:01:28","modified_gmt":"2026-03-31T11:01:28","slug":"signature-suit-trouser","status":"publish","type":"product","link":"https:\/\/shop.kustom.ch\/fr\/produit\/signature-suit-trouser\/","title":{"rendered":"Trousse Signature Suit"},"content":{"rendered":"<p>Pantalon de costume au look classique et formel, fabriqu\u00e9 dans une mati\u00e8re stretch moderne de qualit\u00e9 sup\u00e9rieure. Le m\u00e9lange de mati\u00e8res est infroissable et offre une libert\u00e9 de mouvement illimit\u00e9e gr\u00e2ce \u00e0 un stretch \u00e0 360 degr\u00e9s. Combine-le avec le blazer et le gilet Signature pour un costume complet.<\/p>\n<p>Mati\u00e8re : 63 % polyester recycl\u00e9, 33 % LENZING\u2122 ECOVERO\u2122 viscose, 4 % \u00e9lasthanne<\/p>","protected":false},"excerpt":{"rendered":"<p>Pantalon de costume au look classique et formel, fabriqu\u00e9 dans une mati\u00e8re stretch moderne de qualit\u00e9 sup\u00e9rieure. Le m\u00e9lange de mati\u00e8res est infroissable et offre une libert\u00e9 de mouvement illimit\u00e9e gr\u00e2ce \u00e0 un stretch \u00e0 360 degr\u00e9s. Combine-le avec le blazer et le gilet Signature pour un costume complet. Composition : 63 % de polyester recycl\u00e9, 33 % de LENZING\u2122 ECOVERO\u2122 viscose, 4 % d'\u00e9lasthanne<\/p>","protected":false},"featured_media":692024,"template":"","meta":[],"product_brand":[],"product_cat":[4185],"product_tag":[],"class_list":{"0":"post-691834","1":"product","2":"type-product","3":"status-publish","4":"has-post-thumbnail","6":"product_cat-hosen","7":"pa_brand-harvest-frost","8":"pa_brand-type-workwear","9":"pa_filter-color-blau","10":"pa_filter-color-schwarz","12":"first","13":"instock","14":"sale","15":"taxable","16":"shipping-taxable","17":"purchasable","18":"product-type-variable","19":"add-to-wishlist-before_image"},"exclude_global_add_ons":[],"addons":[],"acf":[],"_links":{"self":[{"href":"https:\/\/shop.kustom.ch\/fr\/wp-json\/wp\/v2\/product\/691834"}],"collection":[{"href":"https:\/\/shop.kustom.ch\/fr\/wp-json\/wp\/v2\/product"}],"about":[{"href":"https:\/\/shop.kustom.ch\/fr\/wp-json\/wp\/v2\/types\/product"}],"wp:featuredmedia":[{"embeddable":true,"href":"https:\/\/shop.kustom.ch\/fr\/wp-json\/wp\/v2\/media\/692024"}],"wp:attachment":[{"href":"https:\/\/shop.kustom.ch\/fr\/wp-json\/wp\/v2\/media?parent=691834"}],"wp:term":[{"taxonomy":"product_brand","embeddable":true,"href":"https:\/\/shop.kustom.ch\/fr\/wp-json\/wp\/v2\/product_brand?post=691834"},{"taxonomy":"product_cat","embeddable":true,"href":"https:\/\/shop.kustom.ch\/fr\/wp-json\/wp\/v2\/product_cat?post=691834"},{"taxonomy":"product_tag","embeddable":true,"href":"https:\/\/shop.kustom.ch\/fr\/wp-json\/wp\/v2\/product_tag?post=691834"}],"curies":[{"name":"wp","href":"https:\/\/api.w.org\/{rel}","templated":true}]}}