{"id":691730,"date":"2026-03-09T17:10:58","date_gmt":"2026-03-09T16:10:58","guid":{"rendered":"https:\/\/shop.kustom.ch\/?post_type=product&#038;p=691730"},"modified":"2026-03-31T12:00:50","modified_gmt":"2026-03-31T11:00:50","slug":"signature-suit-skirt","status":"publish","type":"product","link":"https:\/\/shop.kustom.ch\/fr\/produit\/signature-suit-skirt\/","title":{"rendered":"Signature Suit Skirt"},"content":{"rendered":"<p>Jupe crayon au look classique et formel, fabriqu\u00e9e dans une mati\u00e8re stretch moderne de qualit\u00e9 sup\u00e9rieure. Le m\u00e9lange de mati\u00e8res est infroissable et offre une agr\u00e9able libert\u00e9 de mouvement gr\u00e2ce \u00e0 un stretch \u00e0 360 degr\u00e9s. Associe-le \u00e0 une chemise ou \u00e0 un chemisier. Pour un costume complet, il s'accorde parfaitement avec le blazer Signature et le gilet Signature.<\/p>\n<p>Mati\u00e8re : 63 % polyester recycl\u00e9, 33 % LENZING\u2122 ECOVERO\u2122 viscose, 4 % \u00e9lasthanne<\/p>","protected":false},"excerpt":{"rendered":"<p>Bleistiftrock mit klassisch-formellem Look, gefertigt aus einem modernen Stretch-Material in bevorzugter Qualit\u00e4t. Das Materialgemisch ist knitterarm und bietet dank 360-Grad-Stretch angenehme Bewegungsfreiheit. Kombiniere ihn mit einem Hemd oder einer Bluse. F\u00fcr einen kompletten Anzug passt er perfekt zum Signature Blazer und zur Signature Weste. Material: 63 % recycelter Polyester, 33 % LENZING\u2122 ECOVERO\u2122 Viskose, 4 [&hellip;]<\/p>\n","protected":false},"featured_media":692033,"template":"","meta":[],"product_brand":[],"product_cat":[4194],"product_tag":[],"class_list":{"0":"post-691730","1":"product","2":"type-product","3":"status-publish","4":"has-post-thumbnail","6":"product_cat-roecke","7":"pa_brand-harvest-frost","8":"pa_brand-type-workwear","9":"pa_filter-color-blau","10":"pa_filter-color-schwarz","12":"first","13":"instock","14":"sale","15":"taxable","16":"shipping-taxable","17":"purchasable","18":"product-type-variable","19":"add-to-wishlist-before_image"},"exclude_global_add_ons":[],"addons":[],"acf":[],"_links":{"self":[{"href":"https:\/\/shop.kustom.ch\/fr\/wp-json\/wp\/v2\/product\/691730"}],"collection":[{"href":"https:\/\/shop.kustom.ch\/fr\/wp-json\/wp\/v2\/product"}],"about":[{"href":"https:\/\/shop.kustom.ch\/fr\/wp-json\/wp\/v2\/types\/product"}],"wp:featuredmedia":[{"embeddable":true,"href":"https:\/\/shop.kustom.ch\/fr\/wp-json\/wp\/v2\/media\/692033"}],"wp:attachment":[{"href":"https:\/\/shop.kustom.ch\/fr\/wp-json\/wp\/v2\/media?parent=691730"}],"wp:term":[{"taxonomy":"product_brand","embeddable":true,"href":"https:\/\/shop.kustom.ch\/fr\/wp-json\/wp\/v2\/product_brand?post=691730"},{"taxonomy":"product_cat","embeddable":true,"href":"https:\/\/shop.kustom.ch\/fr\/wp-json\/wp\/v2\/product_cat?post=691730"},{"taxonomy":"product_tag","embeddable":true,"href":"https:\/\/shop.kustom.ch\/fr\/wp-json\/wp\/v2\/product_tag?post=691730"}],"curies":[{"name":"wp","href":"https:\/\/api.w.org\/{rel}","templated":true}]}}