{"id":691672,"date":"2026-03-09T17:10:21","date_gmt":"2026-03-09T16:10:21","guid":{"rendered":"https:\/\/shop.kustom.ch\/?post_type=product&#038;p=691672"},"modified":"2026-03-31T12:00:38","modified_gmt":"2026-03-31T11:00:38","slug":"yb50-twill-extra-long-regular-fit","status":"publish","type":"product","link":"https:\/\/shop.kustom.ch\/fr\/produit\/yb50-twill-extra-long-regular-fit\/","title":{"rendered":"YB50 Twill Extra Long Regular Fit"},"content":{"rendered":"<p>Yellow Bow 50 est une chemise haute performance en serg\u00e9 m\u00e9lang\u00e9 fin avec un traitement Easy-Care unique et une grande infroissabilit\u00e9. Col semi-\u00e9cart\u00e9. Comme toujours, coutures scell\u00e9es et empi\u00e8cement dos fendu.<\/p>","protected":false},"excerpt":{"rendered":"<p>Yellow Bow 50 est une chemise haute performance en serg\u00e9 m\u00e9lang\u00e9 fin avec un traitement Easy-Care unique et une grande infroissabilit\u00e9. Col semi-\u00e9cart\u00e9. Comme toujours, coutures scell\u00e9es et empi\u00e8cement dos fendu.<\/p>","protected":false},"featured_media":692045,"template":"","meta":[],"product_brand":[],"product_cat":[9874],"product_tag":[],"class_list":{"0":"post-691672","1":"product","2":"type-product","3":"status-publish","4":"has-post-thumbnail","6":"product_cat-hemden","7":"pa_brand-harvest-frost","8":"pa_brand-type-workwear","9":"pa_filter-color-blau","10":"pa_filter-color-weiss","12":"first","13":"instock","14":"sale","15":"taxable","16":"shipping-taxable","17":"purchasable","18":"product-type-variable","19":"add-to-wishlist-before_image"},"exclude_global_add_ons":[],"addons":[],"acf":[],"_links":{"self":[{"href":"https:\/\/shop.kustom.ch\/fr\/wp-json\/wp\/v2\/product\/691672"}],"collection":[{"href":"https:\/\/shop.kustom.ch\/fr\/wp-json\/wp\/v2\/product"}],"about":[{"href":"https:\/\/shop.kustom.ch\/fr\/wp-json\/wp\/v2\/types\/product"}],"wp:featuredmedia":[{"embeddable":true,"href":"https:\/\/shop.kustom.ch\/fr\/wp-json\/wp\/v2\/media\/692045"}],"wp:attachment":[{"href":"https:\/\/shop.kustom.ch\/fr\/wp-json\/wp\/v2\/media?parent=691672"}],"wp:term":[{"taxonomy":"product_brand","embeddable":true,"href":"https:\/\/shop.kustom.ch\/fr\/wp-json\/wp\/v2\/product_brand?post=691672"},{"taxonomy":"product_cat","embeddable":true,"href":"https:\/\/shop.kustom.ch\/fr\/wp-json\/wp\/v2\/product_cat?post=691672"},{"taxonomy":"product_tag","embeddable":true,"href":"https:\/\/shop.kustom.ch\/fr\/wp-json\/wp\/v2\/product_tag?post=691672"}],"curies":[{"name":"wp","href":"https:\/\/api.w.org\/{rel}","templated":true}]}}