{"id":691671,"date":"2026-03-09T17:10:21","date_gmt":"2026-03-09T16:10:21","guid":{"rendered":"https:\/\/shop.kustom.ch\/?post_type=product&#038;p=691671"},"modified":"2026-03-31T12:00:36","modified_gmt":"2026-03-31T11:00:36","slug":"signature-suit-vest-woman","status":"publish","type":"product","link":"https:\/\/shop.kustom.ch\/fr\/produit\/signature-suit-vest-woman\/","title":{"rendered":"Gilet Signature Suit Woman"},"content":{"rendered":"<p>Gilet de costume au look classique et formel, fabriqu\u00e9 dans un mat\u00e9riau stretch moderne de qualit\u00e9 sup\u00e9rieure. Le m\u00e9lange de mati\u00e8res est infroissable et offre une libert\u00e9 de mouvement illimit\u00e9e gr\u00e2ce \u00e0 un stretch \u00e0 360 degr\u00e9s. Le compl\u00e9ment parfait du costume. Combine-le avec le blazer Signature et le pantalon Signature.<\/p>\n<p>Mati\u00e8re : 63 % polyester recycl\u00e9, 33 % LENZING\u2122 ECOVERO\u2122 viscose, 4 % \u00e9lasthanne<\/p>","protected":false},"excerpt":{"rendered":"<p>Gilet de costume au look classique et formel, fabriqu\u00e9 dans un mat\u00e9riau stretch moderne de qualit\u00e9 sup\u00e9rieure. Le m\u00e9lange de mati\u00e8res est infroissable et offre une libert\u00e9 de mouvement illimit\u00e9e gr\u00e2ce \u00e0 un stretch \u00e0 360 degr\u00e9s. Le compl\u00e9ment parfait du costume. Combine-le avec le blazer Signature et le pantalon Signature. Composition : 63 % de polyester recycl\u00e9, 33 % de LENZING\u2122 ECOVERO\u2122 viscose, 4 % d'\u00e9lasthanne<\/p>","protected":false},"featured_media":692041,"template":"","meta":[],"product_brand":[],"product_cat":[4208],"product_tag":[],"class_list":{"0":"post-691671","1":"product","2":"type-product","3":"status-publish","4":"has-post-thumbnail","6":"product_cat-westen","7":"pa_brand-harvest-frost","8":"pa_brand-type-workwear","9":"pa_filter-color-blau","10":"pa_filter-color-schwarz","12":"first","13":"instock","14":"sale","15":"taxable","16":"shipping-taxable","17":"purchasable","18":"product-type-variable","19":"add-to-wishlist-before_image"},"exclude_global_add_ons":[],"addons":[],"acf":[],"_links":{"self":[{"href":"https:\/\/shop.kustom.ch\/fr\/wp-json\/wp\/v2\/product\/691671"}],"collection":[{"href":"https:\/\/shop.kustom.ch\/fr\/wp-json\/wp\/v2\/product"}],"about":[{"href":"https:\/\/shop.kustom.ch\/fr\/wp-json\/wp\/v2\/types\/product"}],"wp:featuredmedia":[{"embeddable":true,"href":"https:\/\/shop.kustom.ch\/fr\/wp-json\/wp\/v2\/media\/692041"}],"wp:attachment":[{"href":"https:\/\/shop.kustom.ch\/fr\/wp-json\/wp\/v2\/media?parent=691671"}],"wp:term":[{"taxonomy":"product_brand","embeddable":true,"href":"https:\/\/shop.kustom.ch\/fr\/wp-json\/wp\/v2\/product_brand?post=691671"},{"taxonomy":"product_cat","embeddable":true,"href":"https:\/\/shop.kustom.ch\/fr\/wp-json\/wp\/v2\/product_cat?post=691671"},{"taxonomy":"product_tag","embeddable":true,"href":"https:\/\/shop.kustom.ch\/fr\/wp-json\/wp\/v2\/product_tag?post=691671"}],"curies":[{"name":"wp","href":"https:\/\/api.w.org\/{rel}","templated":true}]}}