{"id":691670,"date":"2026-03-09T17:10:21","date_gmt":"2026-03-09T16:10:21","guid":{"rendered":"https:\/\/shop.kustom.ch\/?post_type=product&#038;p=691670"},"modified":"2026-03-31T12:00:35","modified_gmt":"2026-03-31T11:00:35","slug":"crepe-satin-blouse","status":"publish","type":"product","link":"https:\/\/shop.kustom.ch\/fr\/produit\/crepe-satin-blouse\/","title":{"rendered":"Blouse en satin cr\u00eape"},"content":{"rendered":"<p>Une blouse en satin l\u00e9ger et doux au joli tomb\u00e9, fabriqu\u00e9e \u00e0 partir de mat\u00e9riaux recycl\u00e9s. Une alternative \u00e9l\u00e9gante \u00e0 la chemise. Le chemisier a un col de chemise, des manchettes et une coupe d\u00e9contract\u00e9e. La variante blanche n'est pas transparente.<\/p>\n<p>Mati\u00e8re : 100 % polyester recycl\u00e9<\/p>","protected":false},"excerpt":{"rendered":"<p>Eine Bluse aus einem leichten und weichen Satin-Stoff mit sch\u00f6nem Fall, gefertigt aus recyceltem Material. Eine stilvolle Alternative zum Hemd. Die Bluse hat einen Hemdkragen, Manschetten und eine lockere Passform. Die weisse Variante ist nicht transparent. Material: 100 % recycelter Polyester<\/p>","protected":false},"featured_media":692038,"template":"","meta":[],"product_brand":[],"product_cat":[9895],"product_tag":[],"class_list":{"0":"post-691670","1":"product","2":"type-product","3":"status-publish","4":"has-post-thumbnail","6":"product_cat-blusen","7":"pa_brand-harvest-frost","8":"pa_brand-type-workwear","9":"pa_filter-color-schwarz","10":"pa_filter-color-weiss","12":"first","13":"instock","14":"sale","15":"taxable","16":"shipping-taxable","17":"purchasable","18":"product-type-variable","19":"add-to-wishlist-before_image"},"exclude_global_add_ons":[],"addons":[],"acf":[],"_links":{"self":[{"href":"https:\/\/shop.kustom.ch\/fr\/wp-json\/wp\/v2\/product\/691670"}],"collection":[{"href":"https:\/\/shop.kustom.ch\/fr\/wp-json\/wp\/v2\/product"}],"about":[{"href":"https:\/\/shop.kustom.ch\/fr\/wp-json\/wp\/v2\/types\/product"}],"wp:featuredmedia":[{"embeddable":true,"href":"https:\/\/shop.kustom.ch\/fr\/wp-json\/wp\/v2\/media\/692038"}],"wp:attachment":[{"href":"https:\/\/shop.kustom.ch\/fr\/wp-json\/wp\/v2\/media?parent=691670"}],"wp:term":[{"taxonomy":"product_brand","embeddable":true,"href":"https:\/\/shop.kustom.ch\/fr\/wp-json\/wp\/v2\/product_brand?post=691670"},{"taxonomy":"product_cat","embeddable":true,"href":"https:\/\/shop.kustom.ch\/fr\/wp-json\/wp\/v2\/product_cat?post=691670"},{"taxonomy":"product_tag","embeddable":true,"href":"https:\/\/shop.kustom.ch\/fr\/wp-json\/wp\/v2\/product_tag?post=691670"}],"curies":[{"name":"wp","href":"https:\/\/api.w.org\/{rel}","templated":true}]}}