{"id":691610,"date":"2026-03-09T17:09:58","date_gmt":"2026-03-09T16:09:58","guid":{"rendered":"https:\/\/shop.kustom.ch\/?post_type=product&#038;p=691610"},"modified":"2026-03-31T12:00:25","modified_gmt":"2026-03-31T11:00:25","slug":"signature-suit-blazer","status":"publish","type":"product","link":"https:\/\/shop.kustom.ch\/fr\/produit\/signature-suit-blazer\/","title":{"rendered":"Blazer Signature Suit"},"content":{"rendered":"<p>Blazer \u00e0 une rang\u00e9e de boutons avec un look classique et formel, fabriqu\u00e9 dans une mati\u00e8re stretch moderne de qualit\u00e9 sup\u00e9rieure. Le m\u00e9lange de mati\u00e8res est infroissable et offre une libert\u00e9 de mouvement illimit\u00e9e gr\u00e2ce \u00e0 un stretch \u00e0 360 degr\u00e9s. Le blazer est enti\u00e8rement doubl\u00e9 et ses \u00e9paules sont travaill\u00e9es en douceur. Combine-le avec le pantalon Signature et le gilet Signature pour un costume complet.<\/p>\n<p>Mati\u00e8re : 63 % polyester recycl\u00e9, 33 % LENZING\u2122 ECOVERO\u2122 viscose, 4 % \u00e9lasthanne<\/p>","protected":false},"excerpt":{"rendered":"<p>Einreihiger Blazer mit klassisch-formellem Look, gefertigt aus einem modernen Stretch-Material in bevorzugter Qualit\u00e4t. Das Materialgemisch ist knitterarm und bietet dank 360-Grad-Stretch uneingeschr\u00e4nkte Bewegungsfreiheit. Der Blazer ist vollst\u00e4ndig gef\u00fcttert und hat weich gearbeitete Schultern. Kombiniere ihn mit der Signature Hose und der Signature Weste f\u00fcr einen vollst\u00e4ndigen Anzug. Material: 63 % recycelter Polyester, 33 % LENZING\u2122 [&hellip;]<\/p>\n","protected":false},"featured_media":692051,"template":"","meta":[],"product_brand":[],"product_cat":[4186],"product_tag":[],"class_list":{"0":"post-691610","1":"product","2":"type-product","3":"status-publish","4":"has-post-thumbnail","6":"product_cat-jacken","7":"pa_brand-harvest-frost","8":"pa_brand-type-workwear","9":"pa_filter-color-blau","10":"pa_filter-color-schwarz","12":"first","13":"instock","14":"sale","15":"taxable","16":"shipping-taxable","17":"purchasable","18":"product-type-variable","19":"add-to-wishlist-before_image"},"exclude_global_add_ons":[],"addons":[],"acf":[],"_links":{"self":[{"href":"https:\/\/shop.kustom.ch\/fr\/wp-json\/wp\/v2\/product\/691610"}],"collection":[{"href":"https:\/\/shop.kustom.ch\/fr\/wp-json\/wp\/v2\/product"}],"about":[{"href":"https:\/\/shop.kustom.ch\/fr\/wp-json\/wp\/v2\/types\/product"}],"wp:featuredmedia":[{"embeddable":true,"href":"https:\/\/shop.kustom.ch\/fr\/wp-json\/wp\/v2\/media\/692051"}],"wp:attachment":[{"href":"https:\/\/shop.kustom.ch\/fr\/wp-json\/wp\/v2\/media?parent=691610"}],"wp:term":[{"taxonomy":"product_brand","embeddable":true,"href":"https:\/\/shop.kustom.ch\/fr\/wp-json\/wp\/v2\/product_brand?post=691610"},{"taxonomy":"product_cat","embeddable":true,"href":"https:\/\/shop.kustom.ch\/fr\/wp-json\/wp\/v2\/product_cat?post=691610"},{"taxonomy":"product_tag","embeddable":true,"href":"https:\/\/shop.kustom.ch\/fr\/wp-json\/wp\/v2\/product_tag?post=691610"}],"curies":[{"name":"wp","href":"https:\/\/api.w.org\/{rel}","templated":true}]}}