{"id":690939,"date":"2026-03-09T14:38:34","date_gmt":"2026-03-09T13:38:34","guid":{"rendered":"https:\/\/shop.kustom.ch\/?post_type=product&#038;p=690939"},"modified":"2026-03-31T13:06:12","modified_gmt":"2026-03-31T12:06:12","slug":"bryan-patch","status":"publish","type":"product","link":"https:\/\/shop.kustom.ch\/fr\/produit\/bryan-patch\/","title":{"rendered":"Bryan Patch"},"content":{"rendered":"<p>Bonnet tricot\u00e9 de mani\u00e8re classique avec un revers. Pompon bicolore et patch en serg\u00e9 de coton.<\/p>\n<p>Mati\u00e8re : 100% acrylique, \u00e9cusson en twill de coton.<\/p>","protected":false},"excerpt":{"rendered":"<p>Bonnet tricot\u00e9 de mani\u00e8re classique avec un revers. Pompon bicolore et patch en twill de coton. Composition : 100% acrylique, \u00e9cusson en twill de coton.<\/p>","protected":false},"featured_media":691383,"template":"","meta":[],"product_brand":[],"product_cat":[4177,4209],"product_tag":[],"class_list":{"0":"post-690939","1":"product","2":"type-product","3":"status-publish","4":"has-post-thumbnail","6":"product_cat-caps-muetzen","7":"product_cat-zubehoer","8":"pa_brand-clique","9":"pa_brand-type-workwear","10":"pa_filter-color-blau","11":"pa_filter-color-grau","12":"pa_filter-color-schwarz","14":"first","15":"instock","16":"sale","17":"taxable","18":"shipping-taxable","19":"purchasable","20":"product-type-variable","21":"add-to-wishlist-before_image"},"exclude_global_add_ons":[],"addons":[],"acf":[],"_links":{"self":[{"href":"https:\/\/shop.kustom.ch\/fr\/wp-json\/wp\/v2\/product\/690939"}],"collection":[{"href":"https:\/\/shop.kustom.ch\/fr\/wp-json\/wp\/v2\/product"}],"about":[{"href":"https:\/\/shop.kustom.ch\/fr\/wp-json\/wp\/v2\/types\/product"}],"wp:featuredmedia":[{"embeddable":true,"href":"https:\/\/shop.kustom.ch\/fr\/wp-json\/wp\/v2\/media\/691383"}],"wp:attachment":[{"href":"https:\/\/shop.kustom.ch\/fr\/wp-json\/wp\/v2\/media?parent=690939"}],"wp:term":[{"taxonomy":"product_brand","embeddable":true,"href":"https:\/\/shop.kustom.ch\/fr\/wp-json\/wp\/v2\/product_brand?post=690939"},{"taxonomy":"product_cat","embeddable":true,"href":"https:\/\/shop.kustom.ch\/fr\/wp-json\/wp\/v2\/product_cat?post=690939"},{"taxonomy":"product_tag","embeddable":true,"href":"https:\/\/shop.kustom.ch\/fr\/wp-json\/wp\/v2\/product_tag?post=690939"}],"curies":[{"name":"wp","href":"https:\/\/api.w.org\/{rel}","templated":true}]}}