{"id":690332,"date":"2026-02-09T17:28:05","date_gmt":"2026-02-09T16:28:05","guid":{"rendered":"https:\/\/shop.kustom.ch\/?post_type=product&#038;p=690332"},"modified":"2026-03-30T07:35:09","modified_gmt":"2026-03-30T06:35:09","slug":"hakro-activehose-3","status":"publish","type":"product","link":"https:\/\/shop.kustom.ch\/fr\/produit\/hakro-activehose-3\/","title":{"rendered":"Pantalon Active HAKRO"},"content":{"rendered":"<p>Pantalon actif \u00e0 la coupe sportive avec bouton-pression dissimul\u00e9. Ceinture extensible avec logo HAKRO tiss\u00e9 ton sur ton, fermeture \u00e0 glissi\u00e8re et passants pour ceinture. Deux poches pour les mains et poches arri\u00e8re avec fermeture \u00e9clair cach\u00e9e, une poche \u00e0 fermeture \u00e9clair avec garage \u00e0 fermeture \u00e9clair et application r\u00e9fl\u00e9chissante sur la jambe gauche et une poche cargo \u00e9labor\u00e9e avec bande r\u00e9fl\u00e9chissante int\u00e9gr\u00e9e sur la jambe droite. Bas de jambe avec fermeture \u00e0 glissi\u00e8re et soufflet d'aisance dans la couture lat\u00e9rale. Toutes les fermetures \u00e0 glissi\u00e8re sont de marque YKK\u00ae. Mat\u00e9riau \u00e9lastique et robuste en stretch 4 directions. Empi\u00e8cements renforc\u00e9s aux genoux, \u00e0 l'int\u00e9rieur de la jambe et au fessier en mat\u00e9riau Ripstop et point d'arr\u00eat Safety de couleur anthracite contrast\u00e9e. Disponible \u00e9galement en mod\u00e8le femme. Coupe normale : Regular Fit.<\/p>\n<p>- Mati\u00e8re : tissu stretch 4 directions en 88 % polyamide (nylon) et 12 % \u00e9lasthanne, inserts ripstop en 90 % polyamide (nylon) et 10 % \u00e9lasthanne<br \/>\n- Poids : mat\u00e9riau principal 190 g\/m\u00b2, empi\u00e8cements 235 g\/m<br \/>\n- Propri\u00e9t\u00e9 : respirant, hydrofuge<br \/>\n- Coupe : Regular Fit<br \/>\n- Certificats : Fair Wear, OEKO-TEX\u00ae STANDARD 100<br \/>\n- Temp\u00e9rature de lavage : 40 \u00b0C<br \/>\n- tailles : XS-3XL<\/p>\n<p><a href=\"http:\/\/media.hakro.com\/productsheets\/productsheet_791S_de.pdf\" target=\"_blank\" rel=\"noopener\"><u>Ouvrir la fiche produit<\/u><\/a><\/p>","protected":false},"excerpt":{"rendered":"<p>Sportiv geschnittene Activehose mit verdeckt eingearbeitetem Druckknopf. Dehnbarer Hosenbund mit Ton in Ton eingewebtem HAKRO Logo, Reissverschluss und G\u00fcrtelschlaufen. Zwei Einschubtaschen und Ges\u00e4sstaschen mit verdecktem Reissverschluss, eine Reissverschlusstasche mit Reissverschlussgarage und Reflexapplikation am linken Bein und eine aufwendig gearbeitete Cargotasche mit eingearbeitetem Reflexband am rechten Bein. Beinabschl\u00fcsse mit Reissverschluss und Kellerfalte in der Seitennaht. Alle [&hellip;]<\/p>\n","protected":false},"featured_media":690397,"template":"","meta":[],"product_brand":[],"product_cat":[4185],"product_tag":[],"class_list":{"0":"post-690332","1":"product","2":"type-product","3":"status-publish","4":"has-post-thumbnail","6":"product_cat-hosen","7":"pa_brand-hakro","8":"pa_brand-type-workwear","9":"pa_filter-color-blau","10":"pa_filter-color-schwarz","12":"first","13":"instock","14":"sale","15":"taxable","16":"shipping-taxable","17":"purchasable","18":"product-type-variable","19":"add-to-wishlist-before_image"},"exclude_global_add_ons":[],"addons":[],"acf":[],"_links":{"self":[{"href":"https:\/\/shop.kustom.ch\/fr\/wp-json\/wp\/v2\/product\/690332"}],"collection":[{"href":"https:\/\/shop.kustom.ch\/fr\/wp-json\/wp\/v2\/product"}],"about":[{"href":"https:\/\/shop.kustom.ch\/fr\/wp-json\/wp\/v2\/types\/product"}],"wp:featuredmedia":[{"embeddable":true,"href":"https:\/\/shop.kustom.ch\/fr\/wp-json\/wp\/v2\/media\/690397"}],"wp:attachment":[{"href":"https:\/\/shop.kustom.ch\/fr\/wp-json\/wp\/v2\/media?parent=690332"}],"wp:term":[{"taxonomy":"product_brand","embeddable":true,"href":"https:\/\/shop.kustom.ch\/fr\/wp-json\/wp\/v2\/product_brand?post=690332"},{"taxonomy":"product_cat","embeddable":true,"href":"https:\/\/shop.kustom.ch\/fr\/wp-json\/wp\/v2\/product_cat?post=690332"},{"taxonomy":"product_tag","embeddable":true,"href":"https:\/\/shop.kustom.ch\/fr\/wp-json\/wp\/v2\/product_tag?post=690332"}],"curies":[{"name":"wp","href":"https:\/\/api.w.org\/{rel}","templated":true}]}}