{"id":690330,"date":"2026-02-09T17:28:04","date_gmt":"2026-02-09T16:28:04","guid":{"rendered":"https:\/\/shop.kustom.ch\/?post_type=product&#038;p=690330"},"modified":"2026-03-30T07:35:04","modified_gmt":"2026-03-30T06:35:04","slug":"hakro-cargo-funktionshose-x-stretch-3","status":"publish","type":"product","link":"https:\/\/shop.kustom.ch\/fr\/produit\/hakro-cargo-funktionshose-x-stretch-3\/","title":{"rendered":"Pantalon fonctionnel Cargo X-Stretch HAKRO"},"content":{"rendered":"<p>Pantalon fonctionnel avec ceinture extensible gr\u00e2ce \u00e0 un empi\u00e8cement en tricot r\u00e9sistant \u00e0 l'arri\u00e8re. Bouton de s\u00e9curit\u00e9, fermeture \u00e0 glissi\u00e8re, passants pour ceinture, bandes r\u00e9fl\u00e9chissantes cousues et coupe ergonomique pr\u00e9form\u00e9e. Deux poches pour les mains, avec une poche de s\u00e9curit\u00e9 suppl\u00e9mentaire \u00e0 fermeture \u00e9clair \u00e0 droite. Deux poches arri\u00e8re avec broderie, \u00e0 droite avec rabat et fermeture velcro. Deux poches cargo avec s\u00e9parations multifonctionnelles, ferm\u00e9es par des rabats et une fermeture \u00e0 glissi\u00e8re sur la poche cargo droite, ainsi qu'une poche pour m\u00e8tre pliant \u00e0 droite. Toutes les fermetures \u00e0 glissi\u00e8re sont de marque YKK\u00ae. Mat\u00e9riau stretch 4 directions \u00e9lastique, tr\u00e8s robuste et respirant. Disponible \u00e9galement en mod\u00e8le femme. Coupe normale : Regular Fit.<\/p>\n<p>- Mat\u00e9riau : mat\u00e9riau stretch 4 directions (double tissu) en 90 % polyamide (nylon) et 10 % \u00e9lasthanne<br \/>\n- poids : 215 g\/m<br \/>\n- Propri\u00e9t\u00e9 : respirant, hydrofuge<br \/>\n- Coupe : Regular Fit<br \/>\n- Certificats : Fair Wear, OEKO-TEX\u00ae STANDARD 100<br \/>\n- Temp\u00e9rature de lavage : 40 \u00b0C<br \/>\n- Tailles : XS-6XL<\/p>\n<p><a href=\"http:\/\/media.hakro.com\/productsheets\/productsheet_745S_de.pdf\" target=\"_blank\" rel=\"noopener\"><u>Ouvrir la fiche produit<\/u><\/a><\/p>","protected":false},"excerpt":{"rendered":"<p>Funktionelle Hose mit dehnbarem Hosenbund durch strapazierf\u00e4higen Strickeinsatz hinten. Sicherheitsknopf, Reissverschluss, G\u00fcrtelschlaufen, eingen\u00e4hte Reflexb\u00e4nder und ergonomisch vorgeformte Passform. Zwei Einschubtaschen, rechts mit zus\u00e4tzlicher Sicherheits-Reissverschlusstasche. Zwei Ges\u00e4sstaschen mit Stickerei, rechts mit Patte und Klettverschluss. Zwei Cargotaschen mit multifunktionellen Unterteilungen, verschliessbar mit Patten und Reissverschluss an der rechten Cargotasche, sowie eine Zollstock-Einschubtasche rechts. Alle Reissverschl\u00fcsse von YKK\u00ae. [&hellip;]<\/p>\n","protected":false},"featured_media":690335,"template":"","meta":[],"product_brand":[],"product_cat":[4185],"product_tag":[],"class_list":{"0":"post-690330","1":"product","2":"type-product","3":"status-publish","4":"has-post-thumbnail","6":"product_cat-hosen","7":"pa_brand-hakro","8":"pa_brand-type-workwear","9":"pa_filter-color-blau","10":"pa_filter-color-grau","11":"pa_filter-color-gruen","12":"pa_filter-color-schwarz","14":"first","15":"instock","16":"sale","17":"taxable","18":"shipping-taxable","19":"purchasable","20":"product-type-variable","21":"add-to-wishlist-before_image"},"exclude_global_add_ons":[],"addons":[],"acf":[],"_links":{"self":[{"href":"https:\/\/shop.kustom.ch\/fr\/wp-json\/wp\/v2\/product\/690330"}],"collection":[{"href":"https:\/\/shop.kustom.ch\/fr\/wp-json\/wp\/v2\/product"}],"about":[{"href":"https:\/\/shop.kustom.ch\/fr\/wp-json\/wp\/v2\/types\/product"}],"wp:featuredmedia":[{"embeddable":true,"href":"https:\/\/shop.kustom.ch\/fr\/wp-json\/wp\/v2\/media\/690335"}],"wp:attachment":[{"href":"https:\/\/shop.kustom.ch\/fr\/wp-json\/wp\/v2\/media?parent=690330"}],"wp:term":[{"taxonomy":"product_brand","embeddable":true,"href":"https:\/\/shop.kustom.ch\/fr\/wp-json\/wp\/v2\/product_brand?post=690330"},{"taxonomy":"product_cat","embeddable":true,"href":"https:\/\/shop.kustom.ch\/fr\/wp-json\/wp\/v2\/product_cat?post=690330"},{"taxonomy":"product_tag","embeddable":true,"href":"https:\/\/shop.kustom.ch\/fr\/wp-json\/wp\/v2\/product_tag?post=690330"}],"curies":[{"name":"wp","href":"https:\/\/api.w.org\/{rel}","templated":true}]}}