{"id":690196,"date":"2026-02-09T17:27:25","date_gmt":"2026-02-09T16:27:25","guid":{"rendered":"https:\/\/shop.kustom.ch\/?post_type=product&#038;p=690196"},"modified":"2026-03-30T07:34:41","modified_gmt":"2026-03-30T06:34:41","slug":"hakro-funktionshose-x-stretch-3","status":"publish","type":"product","link":"https:\/\/shop.kustom.ch\/fr\/produit\/hakro-funktionshose-x-stretch-3\/","title":{"rendered":"Pantalon fonctionnel X-Stretch HAKRO"},"content":{"rendered":"<p>Pantalon l\u00e9ger et fonctionnel avec ceinture extensible gr\u00e2ce \u00e0 un empi\u00e8cement en tricot r\u00e9sistant \u00e0 l'arri\u00e8re. Bouton de s\u00e9curit\u00e9, fermeture \u00e0 glissi\u00e8re, passants pour ceinture, bandes r\u00e9fl\u00e9chissantes cousues et coupe ergonomique pr\u00e9form\u00e9e. Deux poches pour les mains avec fermeture \u00e0 glissi\u00e8re, deux poches arri\u00e8re avec broderie et poche \u00e0 fermeture \u00e0 glissi\u00e8re \u00e0 droite, une poche sur la cuisse \u00e0 droite et deux a\u00e9rations, chacune avec fermeture \u00e0 glissi\u00e8re et garage \u00e0 glissi\u00e8re. Toutes les fermetures \u00e0 glissi\u00e8re sont de marque YKK\u00ae. Mat\u00e9riau stretch 4 directions \u00e9lastique, robuste et respirant. Disponible \u00e9galement en mod\u00e8le femme. Coupe normale : Regular Fit.<\/p>\n<p>- Mati\u00e8re : mat\u00e9riau stretch 4 directions (tissu) en 91 % polyamide (nylon) et 9 % \u00e9lasthanne<br \/>\n- Poids : 175 g\/m<br \/>\n- Propri\u00e9t\u00e9 : respirant, hydrofuge<br \/>\n- Coupe : Regular Fit<br \/>\n- Certificats : Fair Wear, OEKO-TEX\u00ae STANDARD 100<br \/>\n- Temp\u00e9rature de lavage : 40 \u00b0C<br \/>\n- Tailles : XS-6XL<\/p>\n<p><a href=\"http:\/\/media.hakro.com\/productsheets\/productsheet_741S_de.pdf\" target=\"_blank\" rel=\"noopener\"><u>Ouvrir la fiche produit<\/u><\/a><\/p>","protected":false},"excerpt":{"rendered":"<p>Leichte und funktionelle Hose mit dehnbarem Hosenbund durch strapazierf\u00e4higen Strickeinsatz hinten. Sicherheitsknopf, Reissverschluss, G\u00fcrtelschlaufen, eingen\u00e4hte Reflexb\u00e4nder und ergonomisch vorgeformte Passform. Zwei Einschubtaschen mit Reissverschluss, zwei Ges\u00e4sstaschen mit Stickerei und Reissverschlusstasche rechts, eine Oberschenkeltasche am rechten Bein und zwei Bel\u00fcftungen, jeweils mit Reissverschluss und Reissverschlussgarage. Alle Reissverschl\u00fcsse von YKK\u00ae. Elastisches, robustes und atmungsaktives 4-Wege-Stretchmaterial. Verf\u00fcgbar auch [&hellip;]<\/p>\n","protected":false},"featured_media":690241,"template":"","meta":[],"product_brand":[],"product_cat":[4185],"product_tag":[],"class_list":{"0":"post-690196","1":"product","2":"type-product","3":"status-publish","4":"has-post-thumbnail","6":"product_cat-hosen","7":"pa_brand-hakro","8":"pa_brand-type-workwear","9":"pa_filter-color-blau","10":"pa_filter-color-grau","11":"pa_filter-color-gruen","12":"pa_filter-color-schwarz","14":"first","15":"instock","16":"sale","17":"taxable","18":"shipping-taxable","19":"purchasable","20":"product-type-variable","21":"add-to-wishlist-before_image"},"exclude_global_add_ons":[],"addons":[],"acf":[],"_links":{"self":[{"href":"https:\/\/shop.kustom.ch\/fr\/wp-json\/wp\/v2\/product\/690196"}],"collection":[{"href":"https:\/\/shop.kustom.ch\/fr\/wp-json\/wp\/v2\/product"}],"about":[{"href":"https:\/\/shop.kustom.ch\/fr\/wp-json\/wp\/v2\/types\/product"}],"wp:featuredmedia":[{"embeddable":true,"href":"https:\/\/shop.kustom.ch\/fr\/wp-json\/wp\/v2\/media\/690241"}],"wp:attachment":[{"href":"https:\/\/shop.kustom.ch\/fr\/wp-json\/wp\/v2\/media?parent=690196"}],"wp:term":[{"taxonomy":"product_brand","embeddable":true,"href":"https:\/\/shop.kustom.ch\/fr\/wp-json\/wp\/v2\/product_brand?post=690196"},{"taxonomy":"product_cat","embeddable":true,"href":"https:\/\/shop.kustom.ch\/fr\/wp-json\/wp\/v2\/product_cat?post=690196"},{"taxonomy":"product_tag","embeddable":true,"href":"https:\/\/shop.kustom.ch\/fr\/wp-json\/wp\/v2\/product_tag?post=690196"}],"curies":[{"name":"wp","href":"https:\/\/api.w.org\/{rel}","templated":true}]}}