{"id":690009,"date":"2026-02-09T17:26:14","date_gmt":"2026-02-09T16:26:14","guid":{"rendered":"https:\/\/shop.kustom.ch\/?post_type=product&#038;p=690009"},"modified":"2026-03-30T07:34:10","modified_gmt":"2026-03-30T06:34:10","slug":"hakro-worker-performancehose-eco-2","status":"publish","type":"product","link":"https:\/\/shop.kustom.ch\/fr\/produit\/hakro-worker-performancehose-eco-2\/","title":{"rendered":"Pantalon de performance HAKRO Worker ECO"},"content":{"rendered":"<p>Pantalon extr\u00eamement robuste et fonctionnel avec une ceinture extensible gr\u00e2ce \u00e0 des inserts en tricot r\u00e9sistants sur les c\u00f4t\u00e9s. Bouton de s\u00e9curit\u00e9, fermeture \u00e0 glissi\u00e8re, passants pour ceinture, bandes r\u00e9fl\u00e9chissantes cousues et coupe ergonomique pr\u00e9form\u00e9e. Deux poches pour les mains, avec une poche de s\u00e9curit\u00e9 suppl\u00e9mentaire \u00e0 fermeture \u00e9clair \u00e0 droite. Deux poches arri\u00e8re avec broderie, \u00e0 droite avec rabat et fermeture velcro. Deux poches cargo avec s\u00e9parations multifonctionnelles, ferm\u00e9es par des rabats et une fermeture \u00e0 glissi\u00e8re sur la poche cargo gauche. Poche m\u00e8tre plaqu\u00e9e sur le c\u00f4t\u00e9 droit. Toutes les poches appliqu\u00e9es sont en CORDURA\u00ae et toutes les fermetures \u00e0 glissi\u00e8re sont de marque YKK\u00ae. M\u00e9lange de mat\u00e9riaux extr\u00eamement robustes en coton, polyester recycl\u00e9 certifi\u00e9 GRS et \u00e9lastol\u00e9fine. Disponible \u00e9galement en mod\u00e8le femme. Coupe normale : Regular Fit.<\/p>\n<p>- Mati\u00e8re : satin (tissu) en 74 % polyester (recycl\u00e9), 21 % coton (bio) et 5 % \u00e9lastol\u00e9fine (XLANCE\u00ae), garniture en 100 % CORDURA\u00ae.<br \/>\n- Poids : 285 g\/m<br \/>\n- Propri\u00e9t\u00e9 : convient au lavage industriel selon la norme DIN EN ISO 15797, pr\u00e9traitement au r\u00e9tr\u00e9cissement, facile d'entretien<br \/>\n- Coupe : Regular Fit<br \/>\n- Certificats : Fair Wear, OEKO-TEX\u00ae STANDARD 100, Global Recycled Standard (GRS), bouton vert<br \/>\n- Temp\u00e9rature de lavage : 60 \u00b0C<br \/>\n- Tailles : XS-6XL<\/p>\n<p><a href=\"http:\/\/media.hakro.com\/productsheets\/productsheet_715L_de.pdf\" target=\"_blank\" rel=\"noopener\"><u>Ouvrir la fiche produit<\/u><\/a><\/p>","protected":false},"excerpt":{"rendered":"<p>Extrem robuste und funktionelle Hose mit dehnbarem Hosenbund durch strapazierf\u00e4hige Strickeins\u00e4tze an den Seiten. Sicherheitsknopf, Reissverschluss, G\u00fcrtelschlaufen, eingen\u00e4hte Reflexb\u00e4nder und ergonomisch vorgeformte Passform. Zwei Einschubtaschen, rechts mit zus\u00e4tzlicher Sicherheits-Reissverschlusstasche. Zwei Ges\u00e4sstaschen mit Stickerei, rechts mit Patte und Klettverschluss. Zwei Cargotaschen mit multifunktionellen Unterteilungen, verschliessbar mit Patten und Reissverschluss an der linken Cargotasche. Aufgesetzte Zollstocktasche auf [&hellip;]<\/p>\n","protected":false},"featured_media":690051,"template":"","meta":[],"product_brand":[],"product_cat":[4185],"product_tag":[],"class_list":{"0":"post-690009","1":"product","2":"type-product","3":"status-publish","4":"has-post-thumbnail","6":"product_cat-hosen","7":"pa_brand-hakro","8":"pa_brand-type-workwear","9":"pa_filter-color-blau","10":"pa_filter-color-grau","11":"pa_filter-color-gruen","12":"pa_filter-color-schwarz","14":"first","15":"instock","16":"sale","17":"taxable","18":"shipping-taxable","19":"purchasable","20":"product-type-variable","21":"add-to-wishlist-before_image"},"exclude_global_add_ons":[],"addons":[],"acf":[],"_links":{"self":[{"href":"https:\/\/shop.kustom.ch\/fr\/wp-json\/wp\/v2\/product\/690009"}],"collection":[{"href":"https:\/\/shop.kustom.ch\/fr\/wp-json\/wp\/v2\/product"}],"about":[{"href":"https:\/\/shop.kustom.ch\/fr\/wp-json\/wp\/v2\/types\/product"}],"wp:featuredmedia":[{"embeddable":true,"href":"https:\/\/shop.kustom.ch\/fr\/wp-json\/wp\/v2\/media\/690051"}],"wp:attachment":[{"href":"https:\/\/shop.kustom.ch\/fr\/wp-json\/wp\/v2\/media?parent=690009"}],"wp:term":[{"taxonomy":"product_brand","embeddable":true,"href":"https:\/\/shop.kustom.ch\/fr\/wp-json\/wp\/v2\/product_brand?post=690009"},{"taxonomy":"product_cat","embeddable":true,"href":"https:\/\/shop.kustom.ch\/fr\/wp-json\/wp\/v2\/product_cat?post=690009"},{"taxonomy":"product_tag","embeddable":true,"href":"https:\/\/shop.kustom.ch\/fr\/wp-json\/wp\/v2\/product_tag?post=690009"}],"curies":[{"name":"wp","href":"https:\/\/api.w.org\/{rel}","templated":true}]}}