{"id":689958,"date":"2026-02-09T17:25:49","date_gmt":"2026-02-09T16:25:49","guid":{"rendered":"https:\/\/shop.kustom.ch\/?post_type=product&#038;p=689958"},"modified":"2026-03-30T07:33:55","modified_gmt":"2026-03-30T06:33:55","slug":"hakro-performancehose-eco-2","status":"publish","type":"product","link":"https:\/\/shop.kustom.ch\/fr\/produit\/hakro-performancehose-eco-2\/","title":{"rendered":"Pantalon performance ECO HAKRO"},"content":{"rendered":"<p>Pantalon extr\u00eamement robuste et fonctionnel avec ceinture extensible gr\u00e2ce \u00e0 un empi\u00e8cement en tricot r\u00e9sistant \u00e0 l'arri\u00e8re. Bouton de s\u00e9curit\u00e9, fermeture \u00e0 glissi\u00e8re, passants pour ceinture, bandes r\u00e9fl\u00e9chissantes cousues et coupe ergonomique pr\u00e9form\u00e9e. Deux poches pour les mains et poches arri\u00e8re avec broderie et poche \u00e0 fermeture \u00e9clair \u00e0 droite. Poche sur la cuisse droite et deux a\u00e9rations pour les jambes, chacune avec fermeture \u00e0 glissi\u00e8re et garage \u00e0 glissi\u00e8re. Toutes les fermetures \u00e0 glissi\u00e8re sont de marque YKK\u00ae. M\u00e9lange de mat\u00e9riaux extr\u00eamement robuste en coton, polyester recycl\u00e9 certifi\u00e9 GRS et \u00e9lastol\u00e9fine. Disponible \u00e9galement en mod\u00e8le femme. Coupe normale : Regular Fit.<\/p>\n<p>- Mati\u00e8re : satin (tissu) compos\u00e9 de 74 % de polyester (recycl\u00e9), 21 % de coton (bio) et 5 % d'\u00e9lastol\u00e9fine (XLANCE\u00ae)<br \/>\n- Poids : 285 g\/m<br \/>\n- Propri\u00e9t\u00e9 : convient au lavage industriel selon la norme DIN EN ISO 15797, pr\u00e9traitement au r\u00e9tr\u00e9cissement, facile d'entretien<br \/>\n- Coupe : Regular Fit<br \/>\n- Certificats : Fair Wear, OEKO-TEX\u00ae STANDARD 100, Global Recycled Standard (GRS), bouton vert<br \/>\n- Temp\u00e9rature de lavage : 60 \u00b0C<br \/>\n- Tailles : XS-6XL<\/p>\n<p><a href=\"http:\/\/media.hakro.com\/productsheets\/productsheet_711L_de.pdf\" target=\"_blank\" rel=\"noopener\"><u>Ouvrir la fiche produit<\/u><\/a><\/p>","protected":false},"excerpt":{"rendered":"<p>Extrem robuste, funktionelle Hose mit dehnbarem Hosenbund durch strapazierf\u00e4higen Strickeinsatz hinten. Sicherheitsknopf, Reissverschluss, G\u00fcrtelschlaufen, eingen\u00e4hte Reflexb\u00e4nder und ergonomisch vorgeformte Passform. Zwei Einschubtaschen und Ges\u00e4sstaschen mit Stickerei und Reissverschlusstasche rechts. Oberschenkeltasche am rechten Bein und zwei Beinbel\u00fcftungen, jeweils mit Reissverschluss und Reissverschlussgarage. Alle Reissverschl\u00fcsse von YKK\u00ae. Extrem robuster Materialmix aus Baumwolle, GRS-zertifiziertem, recyceltem Polyester und Elastolefin. [&hellip;]<\/p>\n","protected":false},"featured_media":689960,"template":"","meta":[],"product_brand":[],"product_cat":[4185],"product_tag":[],"class_list":{"0":"post-689958","1":"product","2":"type-product","3":"status-publish","4":"has-post-thumbnail","6":"product_cat-hosen","7":"pa_brand-hakro","8":"pa_brand-type-workwear","9":"pa_filter-color-blau","10":"pa_filter-color-grau","11":"pa_filter-color-gruen","12":"pa_filter-color-schwarz","14":"first","15":"instock","16":"sale","17":"taxable","18":"shipping-taxable","19":"purchasable","20":"product-type-variable","21":"add-to-wishlist-before_image"},"exclude_global_add_ons":[],"addons":[],"acf":[],"_links":{"self":[{"href":"https:\/\/shop.kustom.ch\/fr\/wp-json\/wp\/v2\/product\/689958"}],"collection":[{"href":"https:\/\/shop.kustom.ch\/fr\/wp-json\/wp\/v2\/product"}],"about":[{"href":"https:\/\/shop.kustom.ch\/fr\/wp-json\/wp\/v2\/types\/product"}],"wp:featuredmedia":[{"embeddable":true,"href":"https:\/\/shop.kustom.ch\/fr\/wp-json\/wp\/v2\/media\/689960"}],"wp:attachment":[{"href":"https:\/\/shop.kustom.ch\/fr\/wp-json\/wp\/v2\/media?parent=689958"}],"wp:term":[{"taxonomy":"product_brand","embeddable":true,"href":"https:\/\/shop.kustom.ch\/fr\/wp-json\/wp\/v2\/product_brand?post=689958"},{"taxonomy":"product_cat","embeddable":true,"href":"https:\/\/shop.kustom.ch\/fr\/wp-json\/wp\/v2\/product_cat?post=689958"},{"taxonomy":"product_tag","embeddable":true,"href":"https:\/\/shop.kustom.ch\/fr\/wp-json\/wp\/v2\/product_tag?post=689958"}],"curies":[{"name":"wp","href":"https:\/\/api.w.org\/{rel}","templated":true}]}}