{"id":689921,"date":"2026-02-09T17:25:30","date_gmt":"2026-02-09T16:25:30","guid":{"rendered":"https:\/\/shop.kustom.ch\/?post_type=product&#038;p=689921"},"modified":"2026-03-30T07:33:44","modified_gmt":"2026-03-30T06:33:44","slug":"hakro-sneaker-eco-vegan","status":"publish","type":"product","link":"https:\/\/shop.kustom.ch\/fr\/produit\/hakro-sneaker-eco-vegan\/","title":{"rendered":"Sneaker ECO Vegan HAKRO"},"content":{"rendered":"<p>Sneakers durables avec des lacets et un bout arri\u00e8re l\u00e9g\u00e8rement relev\u00e9. Languette et bord de tige rembourr\u00e9s. Semelle int\u00e9rieure amovible en mousse PU l\u00e9g\u00e8rement rembourr\u00e9e, fabriqu\u00e9e \u00e0 partir de plastique recycl\u00e9. Dessus en cuir de pomme issu de d\u00e9chets de production de l'industrie de la pomme et semelle ext\u00e9rieure crant\u00e9e en caoutchouc recycl\u00e9. Disponible \u00e9galement en mod\u00e8le femme.<\/p>\n<p>- Mat\u00e9riau : cuir de pomme principal compos\u00e9 de 40 % de polyur\u00e9thane, 24% de chutes de pommes, 20 % de polyester et 16 % de coton<br \/>\n- Poids :<br \/>\n- Propri\u00e9t\u00e9 : hydrofuge, v\u00e9g\u00e9talien, respirant<br \/>\n- Ajustement :<br \/>\n- Certificats : Fair Wear, OEKO-TEX\u00ae STANDARD 100<br \/>\n- Temp\u00e9rature de lavage :<br \/>\n- Tailles : 39-49<\/p>\n<p><a href=\"http:\/\/media.hakro.com\/productsheets\/productsheet_0983_de.pdf\" target=\"_blank\" rel=\"noopener\"><u>Ouvrir la fiche produit<\/u><\/a><\/p>","protected":false},"excerpt":{"rendered":"<p>Nachhaltige Sneaker mit Schn\u00fcrsenkeln und leicht hochgezogener Hinterkappe. Zunge und Schaftrand gepolstert. Herausnehmbare leicht gepolsterte PU-Schaumstoff-Innensohle aus recycelten Kunststoffen. Obermaterial Apfelleder aus Produktionsabf\u00e4llen der Apfelindustrie und geriffelte Laufsohle aus Gummi mit Recyclinganteil. Verf\u00fcgbar auch als Damenmodell. \u2022 Material: Hauptmaterial Apfelleder aus 40 % Polyurethan, 24% Apfelreste, 20 % Polyester und 16 % Baumwolle \u2022 Gewicht: [&hellip;]<\/p>\n","protected":false},"featured_media":624436,"template":"","meta":[],"product_brand":[],"product_cat":[4197,4209],"product_tag":[],"class_list":{"0":"post-689921","1":"product","2":"type-product","3":"status-publish","4":"has-post-thumbnail","6":"product_cat-schuhe-sandalen","7":"product_cat-zubehoer","8":"pa_brand-hakro","9":"pa_brand-type-workwear","10":"pa_filter-color-weiss","12":"first","13":"instock","14":"sale","15":"taxable","16":"shipping-taxable","17":"purchasable","18":"product-type-variable","19":"add-to-wishlist-before_image"},"exclude_global_add_ons":[],"addons":[],"acf":[],"_links":{"self":[{"href":"https:\/\/shop.kustom.ch\/fr\/wp-json\/wp\/v2\/product\/689921"}],"collection":[{"href":"https:\/\/shop.kustom.ch\/fr\/wp-json\/wp\/v2\/product"}],"about":[{"href":"https:\/\/shop.kustom.ch\/fr\/wp-json\/wp\/v2\/types\/product"}],"wp:featuredmedia":[{"embeddable":true,"href":"https:\/\/shop.kustom.ch\/fr\/wp-json\/wp\/v2\/media\/624436"}],"wp:attachment":[{"href":"https:\/\/shop.kustom.ch\/fr\/wp-json\/wp\/v2\/media?parent=689921"}],"wp:term":[{"taxonomy":"product_brand","embeddable":true,"href":"https:\/\/shop.kustom.ch\/fr\/wp-json\/wp\/v2\/product_brand?post=689921"},{"taxonomy":"product_cat","embeddable":true,"href":"https:\/\/shop.kustom.ch\/fr\/wp-json\/wp\/v2\/product_cat?post=689921"},{"taxonomy":"product_tag","embeddable":true,"href":"https:\/\/shop.kustom.ch\/fr\/wp-json\/wp\/v2\/product_tag?post=689921"}],"curies":[{"name":"wp","href":"https:\/\/api.w.org\/{rel}","templated":true}]}}