{"id":689845,"date":"2026-02-09T17:24:43","date_gmt":"2026-02-09T16:24:43","guid":{"rendered":"https:\/\/shop.kustom.ch\/?post_type=product&#038;p=689845"},"modified":"2026-03-30T07:33:14","modified_gmt":"2026-03-30T06:33:14","slug":"hakro-guertel-eco","status":"publish","type":"product","link":"https:\/\/shop.kustom.ch\/fr\/produit\/hakro-guertel-eco\/","title":{"rendered":"Ceinture HAKRO ECO"},"content":{"rendered":"<p>Ceinture robuste, r\u00e9sistante \u00e0 la d\u00e9chirure et \u00e9lastique. Longueur r\u00e9glable individuellement gr\u00e2ce \u00e0 la boucle de serrage. Boucle de serrage solide et de haute qualit\u00e9 en polyamide avec logo HAKRO grav\u00e9 au laser \u00e0 l'int\u00e9rieur de la boucle de ceinture. \u00c9tiquette HAKRO tiss\u00e9e \u00e0 l'extr\u00e9mit\u00e9 de la ceinture. Tricot\u00e9 \u00e0 partir de fil de polyester recycl\u00e9.<\/p>\n<p>- Mat\u00e9riau : maille de 100 % polyester (recycl\u00e9), boucle de 100 % polyamide<br \/>\n- Poids :<br \/>\n- Propri\u00e9t\u00e9 :<br \/>\n- Ajustement :<br \/>\n- Certificats : Fair Wear, OEKO-TEX\u00ae STANDARD 100<br \/>\n- Temp\u00e9rature de lavage :<br \/>\n- Tailles :<\/p>\n<p><a href=\"http:\/\/media.hakro.com\/productsheets\/productsheet_0965_de.pdf\" target=\"_blank\" rel=\"noopener\"><u>Ouvrir la fiche produit<\/u><\/a><\/p>","protected":false},"excerpt":{"rendered":"<p>Robuster, reissfester und elastischer G\u00fcrtel. L\u00e4nge durch Klemmschliesse individuell einstellbar. Hochwertige, stabile Klemmschliesse aus Polyamid mit gelasertem HAKRO Logo auf der Innenseite der G\u00fcrtelschliesse. Gewebtes HAKRO Label am G\u00fcrtelende. Gestrickt aus recyceltem Polyester-Garn. \u2022 Material: Maschenware aus 100 % Polyester (recycelt), Schliesse aus 100 % Polyamid \u2022 Gewicht: \u2022 Eigenschaft: \u2022 Passform: \u2022 Zertifikate: Fair [&hellip;]<\/p>\n","protected":false},"featured_media":689887,"template":"","meta":[],"product_brand":[],"product_cat":[4209,4178],"product_tag":[],"class_list":{"0":"post-689845","1":"product","2":"type-product","3":"status-publish","4":"has-post-thumbnail","6":"product_cat-zubehoer","7":"product_cat-guertel","8":"pa_brand-hakro","9":"pa_brand-type-workwear","10":"pa_filter-color-blau","11":"pa_filter-color-grau","12":"pa_filter-color-rot","13":"pa_filter-color-schwarz","15":"first","16":"instock","17":"sale","18":"taxable","19":"shipping-taxable","20":"purchasable","21":"product-type-variable","22":"add-to-wishlist-before_image"},"exclude_global_add_ons":[],"addons":[],"acf":[],"_links":{"self":[{"href":"https:\/\/shop.kustom.ch\/fr\/wp-json\/wp\/v2\/product\/689845"}],"collection":[{"href":"https:\/\/shop.kustom.ch\/fr\/wp-json\/wp\/v2\/product"}],"about":[{"href":"https:\/\/shop.kustom.ch\/fr\/wp-json\/wp\/v2\/types\/product"}],"wp:featuredmedia":[{"embeddable":true,"href":"https:\/\/shop.kustom.ch\/fr\/wp-json\/wp\/v2\/media\/689887"}],"wp:attachment":[{"href":"https:\/\/shop.kustom.ch\/fr\/wp-json\/wp\/v2\/media?parent=689845"}],"wp:term":[{"taxonomy":"product_brand","embeddable":true,"href":"https:\/\/shop.kustom.ch\/fr\/wp-json\/wp\/v2\/product_brand?post=689845"},{"taxonomy":"product_cat","embeddable":true,"href":"https:\/\/shop.kustom.ch\/fr\/wp-json\/wp\/v2\/product_cat?post=689845"},{"taxonomy":"product_tag","embeddable":true,"href":"https:\/\/shop.kustom.ch\/fr\/wp-json\/wp\/v2\/product_tag?post=689845"}],"curies":[{"name":"wp","href":"https:\/\/api.w.org\/{rel}","templated":true}]}}