{"id":689844,"date":"2026-02-09T17:24:43","date_gmt":"2026-02-09T16:24:43","guid":{"rendered":"https:\/\/shop.kustom.ch\/?post_type=product&#038;p=689844"},"modified":"2026-03-30T07:33:11","modified_gmt":"2026-03-30T06:33:11","slug":"hakro-kordel","status":"publish","type":"product","link":"https:\/\/shop.kustom.ch\/fr\/produit\/hakro-kordel\/","title":{"rendered":"Cordon HAKRO"},"content":{"rendered":"<p>Cordon \u00e0 capuche de haute qualit\u00e9 pour sweat-shirts et vestes \u00e0 capuche. Remplacer le cordon fourni par un cordon HAKRO de la couleur souhait\u00e9e et personnaliser ainsi le sweat-shirt \u00e0 capuche ou la veste sweat. Cordon tress\u00e9 en polyester avec extr\u00e9mit\u00e9s rev\u00eatues de silicone ton sur ton.<\/p>\n<p>- Mat\u00e9riau : 100 % polyester<br \/>\n- Poids :<br \/>\n- Propri\u00e9t\u00e9 :<br \/>\n- Ajustement :<br \/>\n- Certificats : Fair Wear, OEKO-TEX\u00ae STANDARD 100<br \/>\n- Temp\u00e9rature de lavage :<br \/>\n- Tailles :<\/p>\n<p><a href=\"http:\/\/media.hakro.com\/productsheets\/productsheet_0961_de.pdf\" target=\"_blank\" rel=\"noopener\"><u>Ouvrir la fiche produit<\/u><\/a><\/p>","protected":false},"excerpt":{"rendered":"<p>Hochwertige Kapuzen-Kordel f\u00fcr Kapuzen-Sweatshirts und Sweatjacken. Mitgelieferte Kordel mit HAKRO Kordel in Wunschfarbe austauschen und so das Kapuzen-Sweatshirt oder die Sweatjacke individualisieren. Geflochtene Kordel aus Polyester mit Ton in Ton silikonbeschichteten Enden. \u2022 Material: 100 % Polyester \u2022 Gewicht: \u2022 Eigenschaft: \u2022 Passform: \u2022 Zertifikate: Fair Wear, OEKO-TEX\u00ae STANDARD 100 \u2022 Waschtemperatur: \u2022 Gr\u00f6ssen: Produktdatenblatt [&hellip;]<\/p>\n","protected":false},"featured_media":689873,"template":"","meta":[],"product_brand":[],"product_cat":[4209],"product_tag":[],"class_list":{"0":"post-689844","1":"product","2":"type-product","3":"status-publish","4":"has-post-thumbnail","6":"product_cat-zubehoer","7":"pa_brand-hakro","8":"pa_brand-type-workwear","9":"pa_filter-color-blau","10":"pa_filter-color-gelb","11":"pa_filter-color-gruen","12":"pa_filter-color-orange","13":"pa_filter-color-rot","14":"pa_filter-color-schwarz","15":"pa_filter-color-weiss","17":"first","18":"instock","19":"sale","20":"taxable","21":"shipping-taxable","22":"purchasable","23":"product-type-variable","24":"add-to-wishlist-before_image"},"exclude_global_add_ons":[],"addons":[],"acf":[],"_links":{"self":[{"href":"https:\/\/shop.kustom.ch\/fr\/wp-json\/wp\/v2\/product\/689844"}],"collection":[{"href":"https:\/\/shop.kustom.ch\/fr\/wp-json\/wp\/v2\/product"}],"about":[{"href":"https:\/\/shop.kustom.ch\/fr\/wp-json\/wp\/v2\/types\/product"}],"wp:featuredmedia":[{"embeddable":true,"href":"https:\/\/shop.kustom.ch\/fr\/wp-json\/wp\/v2\/media\/689873"}],"wp:attachment":[{"href":"https:\/\/shop.kustom.ch\/fr\/wp-json\/wp\/v2\/media?parent=689844"}],"wp:term":[{"taxonomy":"product_brand","embeddable":true,"href":"https:\/\/shop.kustom.ch\/fr\/wp-json\/wp\/v2\/product_brand?post=689844"},{"taxonomy":"product_cat","embeddable":true,"href":"https:\/\/shop.kustom.ch\/fr\/wp-json\/wp\/v2\/product_cat?post=689844"},{"taxonomy":"product_tag","embeddable":true,"href":"https:\/\/shop.kustom.ch\/fr\/wp-json\/wp\/v2\/product_tag?post=689844"}],"curies":[{"name":"wp","href":"https:\/\/api.w.org\/{rel}","templated":true}]}}