{"id":689843,"date":"2026-02-09T17:24:43","date_gmt":"2026-02-09T16:24:43","guid":{"rendered":"https:\/\/shop.kustom.ch\/?post_type=product&#038;p=689843"},"modified":"2026-03-30T07:33:09","modified_gmt":"2026-03-30T06:33:09","slug":"hakro-9-fabelhafte-freunde","status":"publish","type":"product","link":"https:\/\/shop.kustom.ch\/fr\/produit\/hakro-9-fabelhafte-freunde\/","title":{"rendered":"HAKRO 9 amis fabuleux"},"content":{"rendered":"<p>Set de neuf pendentifs r\u00e9fl\u00e9chissants pour fermetures \u00e0 glissi\u00e8re pour faciliter la prise et la fermeture des fermetures \u00e0 glissi\u00e8re. Remplacer les pendentifs pour fermeture \u00e9clair fournis par les amis fabuleux de la couleur de votre choix et personnaliser ainsi votre veste ou votre gilet. Cordon en polyester avec fil r\u00e9fl\u00e9chissant int\u00e9gr\u00e9. Embout en plastique avec HAKRO Dot en relief des deux c\u00f4t\u00e9s.<\/p>\n<p>- Mati\u00e8re : 100 polyester %, avec fil r\u00e9fl\u00e9chissant<br \/>\n- Poids :<br \/>\n- Propri\u00e9t\u00e9 :<br \/>\n- Ajustement :<br \/>\n- Certificats : Fair Wear, OEKO-TEX\u00ae STANDARD 100<br \/>\n- Temp\u00e9rature de lavage :<br \/>\n- Tailles :<\/p>\n<p><a href=\"http:\/\/media.hakro.com\/productsheets\/productsheet_0960_de.pdf\" target=\"_blank\" rel=\"noopener\"><u>Ouvrir la fiche produit<\/u><\/a><\/p>","protected":false},"excerpt":{"rendered":"<p>Set mit neun reflektierenden Reissverschlussanh\u00e4ngern zum einfacheren Greifen und Schliessen von Reissverschl\u00fcssen. Mitgelieferte Reissverschlussanh\u00e4nger gegen die fabelhaften Freunde in Wunschfarbe austauschen und so die Jacke oder Weste individualisieren. Kordel aus Polyester mit eingearbeitetem Reflektorgarn. Endst\u00fcck aus Kunststoff mit beidseitig gepr\u00e4gtem HAKRO Dot. \u2022 Material: 100 % Polyester, mit reflektierendem Faden \u2022 Gewicht: \u2022 Eigenschaft: \u2022 [&hellip;]<\/p>\n","protected":false},"featured_media":689863,"template":"","meta":[],"product_brand":[],"product_cat":[4209],"product_tag":[],"class_list":{"0":"post-689843","1":"product","2":"type-product","3":"status-publish","4":"has-post-thumbnail","6":"product_cat-zubehoer","7":"pa_brand-hakro","8":"pa_brand-type-workwear","9":"pa_filter-color-blau","10":"pa_filter-color-gelb","11":"pa_filter-color-gruen","12":"pa_filter-color-orange","13":"pa_filter-color-rot","15":"first","16":"instock","17":"sale","18":"taxable","19":"shipping-taxable","20":"purchasable","21":"product-type-variable","22":"add-to-wishlist-before_image"},"exclude_global_add_ons":[],"addons":[],"acf":[],"_links":{"self":[{"href":"https:\/\/shop.kustom.ch\/fr\/wp-json\/wp\/v2\/product\/689843"}],"collection":[{"href":"https:\/\/shop.kustom.ch\/fr\/wp-json\/wp\/v2\/product"}],"about":[{"href":"https:\/\/shop.kustom.ch\/fr\/wp-json\/wp\/v2\/types\/product"}],"wp:featuredmedia":[{"embeddable":true,"href":"https:\/\/shop.kustom.ch\/fr\/wp-json\/wp\/v2\/media\/689863"}],"wp:attachment":[{"href":"https:\/\/shop.kustom.ch\/fr\/wp-json\/wp\/v2\/media?parent=689843"}],"wp:term":[{"taxonomy":"product_brand","embeddable":true,"href":"https:\/\/shop.kustom.ch\/fr\/wp-json\/wp\/v2\/product_brand?post=689843"},{"taxonomy":"product_cat","embeddable":true,"href":"https:\/\/shop.kustom.ch\/fr\/wp-json\/wp\/v2\/product_cat?post=689843"},{"taxonomy":"product_tag","embeddable":true,"href":"https:\/\/shop.kustom.ch\/fr\/wp-json\/wp\/v2\/product_tag?post=689843"}],"curies":[{"name":"wp","href":"https:\/\/api.w.org\/{rel}","templated":true}]}}