{"id":689776,"date":"2026-02-09T17:24:17","date_gmt":"2026-02-09T16:24:17","guid":{"rendered":"https:\/\/shop.kustom.ch\/?post_type=product&#038;p=689776"},"modified":"2026-03-30T07:33:06","modified_gmt":"2026-03-30T06:33:06","slug":"hakro-kapuzen-loftweste","status":"publish","type":"product","link":"https:\/\/shop.kustom.ch\/fr\/produit\/hakro-kapuzen-loftweste\/","title":{"rendered":"Gilet \u00e0 capuche en laine polaire HAKRO"},"content":{"rendered":"<p>Gilet chaud avec surpiq\u00fbres. Capuche amovible par boutons-pression et r\u00e9glable par cordon de serrage sous tunnel et stoppeur avec finition double couture. Fermeture \u00e0 glissi\u00e8re frontale \u00e0 double sens de haute qualit\u00e9 avec rabat coupe-vent int\u00e9rieur, garage \u00e0 glissi\u00e8re, poches int\u00e9rieures et poches lat\u00e9rales pour les mains avec fermeture \u00e0 glissi\u00e8re. Toutes les fermetures \u00e0 glissi\u00e8re YKK\u00ae sont noires avec des \u00e9tiquettes de fermeture \u00e0 glissi\u00e8re noires r\u00e9versibles. M\u00e9lange de mati\u00e8res respirantes en nylon avec rembourrage chaud en fibres synth\u00e9tiques faciles \u00e0 entretenir. Une fermeture \u00e0 glissi\u00e8re dissimul\u00e9e dans la partie int\u00e9rieure du dos (ouverture de r\u00e9vision) permet de personnaliser facilement la veste. Disponible \u00e9galement en mod\u00e8le femme. Coupe normale : Regular Fit.<\/p>\n<p>- Mat\u00e9riau : tissu en polyamide (nylon) 100 %, rembourrage en polyester 100 %<br \/>\n- Poids :<br \/>\n- Propri\u00e9t\u00e9 : hydrofuge, respirant<br \/>\n- Coupe : Regular Fit<br \/>\n- Certificats : Fair Wear, OEKO-TEX\u00ae STANDARD 100<br \/>\n- Temp\u00e9rature de lavage : 30 \u00b0C<br \/>\n- Tailles : XS-6XL<\/p>\n<p><a href=\"http:\/\/media.hakro.com\/productsheets\/productsheet_0897_de.pdf\" target=\"_blank\" rel=\"noopener\"><u>Ouvrir la fiche produit<\/u><\/a><\/p>","protected":false},"excerpt":{"rendered":"<p>W\u00e4rmende Weste mit Absteppungen. Mit Druckkn\u00f6pfen abnehmbare und durch Tunnelkordelzug und Stopper verstellbare Kapuze mit Zweinaht-Verarbeitung. Hochwertiger 2-Wege-Frontreissverschluss mit innenliegender Windschutzpatte, Reissverschlussgarage, Innentaschen und seitliche Einschubtaschen mit Reissverschluss. Alle Reissverschl\u00fcsse von YKK\u00ae in Schwarz mit reversiblen, schwarzen Reissverschlussanh\u00e4ngern. Atmungsaktiver Materialmix aus Nylon mit w\u00e4rmender Wattierung aus pflegeleichter Kunstfaser. Ein verdeckter Reissverschluss im inneren R\u00fcckenteil (Revisions\u00f6ffnung) [&hellip;]<\/p>\n","protected":false},"featured_media":689826,"template":"","meta":[],"product_brand":[],"product_cat":[4208],"product_tag":[],"class_list":{"0":"post-689776","1":"product","2":"type-product","3":"status-publish","4":"has-post-thumbnail","6":"product_cat-westen","7":"pa_brand-hakro","8":"pa_brand-type-workwear","9":"pa_filter-color-blau","10":"pa_filter-color-grau","11":"pa_filter-color-schwarz","13":"first","14":"instock","15":"sale","16":"taxable","17":"shipping-taxable","18":"purchasable","19":"product-type-variable","20":"add-to-wishlist-before_image"},"exclude_global_add_ons":[],"addons":[],"acf":[],"_links":{"self":[{"href":"https:\/\/shop.kustom.ch\/fr\/wp-json\/wp\/v2\/product\/689776"}],"collection":[{"href":"https:\/\/shop.kustom.ch\/fr\/wp-json\/wp\/v2\/product"}],"about":[{"href":"https:\/\/shop.kustom.ch\/fr\/wp-json\/wp\/v2\/types\/product"}],"wp:featuredmedia":[{"embeddable":true,"href":"https:\/\/shop.kustom.ch\/fr\/wp-json\/wp\/v2\/media\/689826"}],"wp:attachment":[{"href":"https:\/\/shop.kustom.ch\/fr\/wp-json\/wp\/v2\/media?parent=689776"}],"wp:term":[{"taxonomy":"product_brand","embeddable":true,"href":"https:\/\/shop.kustom.ch\/fr\/wp-json\/wp\/v2\/product_brand?post=689776"},{"taxonomy":"product_cat","embeddable":true,"href":"https:\/\/shop.kustom.ch\/fr\/wp-json\/wp\/v2\/product_cat?post=689776"},{"taxonomy":"product_tag","embeddable":true,"href":"https:\/\/shop.kustom.ch\/fr\/wp-json\/wp\/v2\/product_tag?post=689776"}],"curies":[{"name":"wp","href":"https:\/\/api.w.org\/{rel}","templated":true}]}}