{"id":689726,"date":"2026-02-09T17:24:01","date_gmt":"2026-02-09T16:24:01","guid":{"rendered":"https:\/\/shop.kustom.ch\/?post_type=product&#038;p=689726"},"modified":"2026-03-30T07:32:44","modified_gmt":"2026-03-30T06:32:44","slug":"hakro-high-activejacke-eco","status":"publish","type":"product","link":"https:\/\/shop.kustom.ch\/fr\/produit\/hakro-high-activejacke-eco\/","title":{"rendered":"Veste haute visibilit\u00e9 HAKRO ECO"},"content":{"rendered":"<p>Veste Active l\u00e9g\u00e8re et fonctionnelle avec un mat\u00e9riau ext\u00e9rieur imperm\u00e9able et coupe-vent ainsi que des coutures trait\u00e9es. Int\u00e9rieur en contraste sombre. Capuche attenante avec finition double couture qui s'enroule pour former un col. Poignets r\u00e9glables en largeur avec bande Velcro pour un ajustement continu. Partie dorsale allong\u00e9e et arrondie. Ourlet r\u00e9glable avec cordon de serrage sous tunnel et stoppeurs. Fermeture \u00e9clair frontale \u00e0 double sens de haute qualit\u00e9 avec rabat coupe-vent \u00e0 l'int\u00e9rieur. Poches lat\u00e9rales et poche poitrine avec fermetures \u00e0 glissi\u00e8re. Toutes les fermetures \u00e0 glissi\u00e8re sont de marque YKK\u00ae, \u00e9tanches, de couleur noire et avec des \u00e9tiquettes de fermeture \u00e0 glissi\u00e8re noires r\u00e9versibles. Tissu ext\u00e9rieur r\u00e9sistant en lamin\u00e9 2,5 couches avec technologie TRIACTIVE PRO : une membrane imperm\u00e9able et coupe-vent qui est \u00e9galement respirante. Disponible \u00e9galement en mod\u00e8le femme. Coupe normale : Regular Fit.<\/p>\n<p>- Mati\u00e8re : TRIACTIVE PRO, lamin\u00e9 2,5 couches en 100 polyester % (recycl\u00e9)<br \/>\n- poids : 90 g\/m<br \/>\n- Propri\u00e9t\u00e9s : coupe-vent, imperm\u00e9able (mat\u00e9riau ext\u00e9rieur avec colonne d'eau 13.000 mm), extr\u00eamement respirant (perm\u00e9abilit\u00e9 \u00e0 la vapeur d'eau RET &lt;6)<br \/>\n- Coupe : Regular Fit<br \/>\n- Certificats : Fair Wear, OEKO-TEX\u00ae STANDARD 100, Global Recycled Standard (GRS), bouton vert<br \/>\n- Temp\u00e9rature de lavage : 30 \u00b0C<br \/>\n- Tailles : XS-6XL<\/p>\n<p><a href=\"http:\/\/media.hakro.com\/productsheets\/productsheet_0884_de.pdf\" target=\"_blank\" rel=\"noopener\"><u>Ouvrir la fiche produit<\/u><\/a><\/p>","protected":false},"excerpt":{"rendered":"<p>Leichte, funktionelle Activejacke mit wasser- und winddichtem Obermaterial sowie getapten N\u00e4hten. Innenseite in dunklem Kontrast. Angeschnittene Kapuze mit Zweinaht-Verarbeitung, die eingerollt zum Kragen wird. Weitenverstellbare \u00c4rmelb\u00fcndchen mit Klettband zum stufenlosen Regulieren. Verl\u00e4ngertes, abgerundetes R\u00fcckenteil. Weitenregulierbarer Saumabschluss mit Tunnelkordelzug und Stoppern. Hochwertiger 2-Wege-Frontreissverschluss mit innenliegender Windschutzpatte. Seitentaschen und Brusttasche mit Reissverschl\u00fcssen. Alle Reissverschl\u00fcsse von YKK\u00ae, wasserdicht, [&hellip;]<\/p>\n","protected":false},"featured_media":689734,"template":"","meta":[],"product_brand":[],"product_cat":[4186],"product_tag":[],"class_list":{"0":"post-689726","1":"product","2":"type-product","3":"status-publish","4":"has-post-thumbnail","6":"product_cat-jacken","7":"pa_brand-hakro","8":"pa_brand-type-workwear","9":"pa_filter-color-blau","10":"pa_filter-color-grau","11":"pa_filter-color-gruen","12":"pa_filter-color-schwarz","14":"first","15":"instock","16":"sale","17":"taxable","18":"shipping-taxable","19":"purchasable","20":"product-type-variable","21":"add-to-wishlist-before_image"},"exclude_global_add_ons":[],"addons":[],"acf":[],"_links":{"self":[{"href":"https:\/\/shop.kustom.ch\/fr\/wp-json\/wp\/v2\/product\/689726"}],"collection":[{"href":"https:\/\/shop.kustom.ch\/fr\/wp-json\/wp\/v2\/product"}],"about":[{"href":"https:\/\/shop.kustom.ch\/fr\/wp-json\/wp\/v2\/types\/product"}],"wp:featuredmedia":[{"embeddable":true,"href":"https:\/\/shop.kustom.ch\/fr\/wp-json\/wp\/v2\/media\/689734"}],"wp:attachment":[{"href":"https:\/\/shop.kustom.ch\/fr\/wp-json\/wp\/v2\/media?parent=689726"}],"wp:term":[{"taxonomy":"product_brand","embeddable":true,"href":"https:\/\/shop.kustom.ch\/fr\/wp-json\/wp\/v2\/product_brand?post=689726"},{"taxonomy":"product_cat","embeddable":true,"href":"https:\/\/shop.kustom.ch\/fr\/wp-json\/wp\/v2\/product_cat?post=689726"},{"taxonomy":"product_tag","embeddable":true,"href":"https:\/\/shop.kustom.ch\/fr\/wp-json\/wp\/v2\/product_tag?post=689726"}],"curies":[{"name":"wp","href":"https:\/\/api.w.org\/{rel}","templated":true}]}}