{"id":689361,"date":"2026-02-09T17:20:48","date_gmt":"2026-02-09T16:20:48","guid":{"rendered":"https:\/\/shop.kustom.ch\/?post_type=product&#038;p=689361"},"modified":"2026-03-30T07:24:10","modified_gmt":"2026-03-30T06:24:10","slug":"label-free-t-shirt-heavy-mikralinar-eco","status":"publish","type":"product","link":"https:\/\/shop.kustom.ch\/fr\/produit\/label-free-t-shirt-heavy-mikralinar-eco\/","title":{"rendered":"T-shirt sans \u00e9tiquette Heavy MIKRALINAR\u00ae ECO"},"content":{"rendered":"<p>T-shirt particuli\u00e8rement r\u00e9sistant sans \u00e9tiquette principale HAKRO, sans \u00e9tiquette plate, avec encolure ronde, bordures de cou et bande de cou. Collerette de leasing pour faciliter l'identification dans les blanchisseries commerciales et bandes de suspension dans l'ourlet. Jersey simple lourd, particuli\u00e8rement facile d'entretien et fonctionnel en MIKRALINAR\u00ae ECO, le m\u00e9lange de mati\u00e8res HAKRO Performance en coton et polyester recycl\u00e9 certifi\u00e9 GRS. Coupe d\u00e9contract\u00e9e : Comfort Fit.<\/p>\n<p>- Mati\u00e8re : MIKRALINAR\u00ae ECO, jersey simple en 50 % de coton et 50 % de polyester (recycl\u00e9)<br \/>\n- poids : 190 g\/m<br \/>\n- Propri\u00e9t\u00e9s : convient au lavage industriel selon la norme DIN EN ISO 15797, facile d'entretien, pr\u00e9trait\u00e9 au r\u00e9tr\u00e9cissement<br \/>\n- Coupe : Comfort Fit<br \/>\n- Certificats : Fair Wear, OEKO-TEX\u00ae STANDARD 100, Supporting the Initiative Cotton made in Africa, Global Recycled Standard (GRS), bouton vert<br \/>\n- Temp\u00e9rature de lavage : 60 \u00b0C<br \/>\n- Tailles : 2XS-6XL<\/p>\n<p><a href=\"http:\/\/media.hakro.com\/productsheets\/productsheet_0597_de.pdf\" target=\"_blank\" rel=\"noopener\"><u>Ouvrir la fiche produit<\/u><\/a><\/p>","protected":false},"excerpt":{"rendered":"<p>Besonders strapazierf\u00e4higes T-Shirt ohne HAKRO Mainlabel, ohne Flaglabel, mit Rundhalsausschnitt, Halsb\u00fcndchen und Nackenband. Leasingkoller zur einfachen Kennzeichnung in der gewerblichen W\u00e4scherei und Aufh\u00e4ngeb\u00e4nder im Saum. Schwerer, besonders pflegeleichter und funktioneller Single-Jersey aus MIKRALINAR\u00ae ECO, dem HAKRO Performance-Materialmix aus Baumwolle und GRS-zertifiziertem, recyceltem Polyester. Lockere Passform: Comfort Fit. \u2022 Material: MIKRALINAR\u00ae ECO, Single-Jersey aus 50 % [&hellip;]<\/p>\n","protected":false},"featured_media":689362,"template":"","meta":[],"product_brand":[],"product_cat":[4201],"product_tag":[],"class_list":{"0":"post-689361","1":"product","2":"type-product","3":"status-publish","4":"has-post-thumbnail","6":"product_cat-t-shirts","7":"pa_brand-hakro","8":"pa_brand-type-workwear","9":"pa_filter-color-blau","10":"pa_filter-color-grau","11":"pa_filter-color-schwarz","12":"pa_filter-color-weiss","14":"first","15":"instock","16":"sale","17":"taxable","18":"shipping-taxable","19":"purchasable","20":"product-type-variable","21":"add-to-wishlist-before_image"},"exclude_global_add_ons":[],"addons":[],"acf":[],"_links":{"self":[{"href":"https:\/\/shop.kustom.ch\/fr\/wp-json\/wp\/v2\/product\/689361"}],"collection":[{"href":"https:\/\/shop.kustom.ch\/fr\/wp-json\/wp\/v2\/product"}],"about":[{"href":"https:\/\/shop.kustom.ch\/fr\/wp-json\/wp\/v2\/types\/product"}],"wp:featuredmedia":[{"embeddable":true,"href":"https:\/\/shop.kustom.ch\/fr\/wp-json\/wp\/v2\/media\/689362"}],"wp:attachment":[{"href":"https:\/\/shop.kustom.ch\/fr\/wp-json\/wp\/v2\/media?parent=689361"}],"wp:term":[{"taxonomy":"product_brand","embeddable":true,"href":"https:\/\/shop.kustom.ch\/fr\/wp-json\/wp\/v2\/product_brand?post=689361"},{"taxonomy":"product_cat","embeddable":true,"href":"https:\/\/shop.kustom.ch\/fr\/wp-json\/wp\/v2\/product_cat?post=689361"},{"taxonomy":"product_tag","embeddable":true,"href":"https:\/\/shop.kustom.ch\/fr\/wp-json\/wp\/v2\/product_tag?post=689361"}],"curies":[{"name":"wp","href":"https:\/\/api.w.org\/{rel}","templated":true}]}}