{"id":689240,"date":"2026-02-09T17:20:04","date_gmt":"2026-02-09T16:20:04","guid":{"rendered":"https:\/\/shop.kustom.ch\/?post_type=product&#038;p=689240"},"modified":"2026-03-30T07:23:06","modified_gmt":"2026-03-30T06:23:06","slug":"label-free-kapuzen-sweat-heavy-mikralinar-eco","status":"publish","type":"product","link":"https:\/\/shop.kustom.ch\/fr\/produit\/label-free-kapuzen-sweat-heavy-mikralinar-eco\/","title":{"rendered":"Sweat \u00e0 capuche Label-Free Heavy MIKRALINAR\u00ae ECO"},"content":{"rendered":"<p>Sweat-shirt \u00e0 capuche particuli\u00e8rement r\u00e9sistant avec poche kangourou, sans \u00e9tiquette principale HAKRO et sans \u00e9tiquette plate. Finition double couture sur la capuche doubl\u00e9e, cordon de serrage avec extr\u00e9mit\u00e9s dip en silicone ton sur ton et \u0153illets m\u00e9talliques. Colliers de leasing pour faciliter l'identification dans les blanchisseries commerciales et liens de suspension dans l'ourlet. Mati\u00e8re sweat lourde en MIKRALINAR\u00ae ECO, le m\u00e9lange de mati\u00e8res HAKRO Performance en coton et polyester recycl\u00e9 certifi\u00e9 GRS. Int\u00e9rieur non gratt\u00e9 (French Terry). Poignets ind\u00e9formables, renforc\u00e9s d'\u00e9lasthanne. Coupe d\u00e9contract\u00e9e : Comfort Fit.<\/p>\n<p>- Mati\u00e8re : MIKRALINAR\u00ae ECO, mati\u00e8re sweat French Terry (maille) en 50 % coton et 50 % polyester (recycl\u00e9)<br \/>\n- poids : 350 g\/m<br \/>\n- Propri\u00e9t\u00e9s : convient au lavage industriel selon la norme DIN EN ISO 15797, facile d'entretien, pr\u00e9trait\u00e9 au r\u00e9tr\u00e9cissement<br \/>\n- Coupe : Comfort Fit<br \/>\n- Certificats : Fair Wear, OEKO-TEX\u00ae STANDARD 100, Supporting the Initiative Cotton made in Africa, Global Recycled Standard (GRS), bouton vert<br \/>\n- Temp\u00e9rature de lavage : 60 \u00b0C<br \/>\n- Tailles : 2XS-6XL<\/p>\n<p><a href=\"http:\/\/media.hakro.com\/productsheets\/productsheet_0568_de.pdf\" target=\"_blank\" rel=\"noopener\"><u>Ouvrir la fiche produit<\/u><\/a><\/p>","protected":false},"excerpt":{"rendered":"<p>Besonders strapazierf\u00e4higes Kapuzen-Sweatshirt mit K\u00e4ngurutasche, ohne HAKRO Mainlabel und ohne Flaglabel. Zweinaht-Verarbeitung an der gef\u00fctterten Kapuze, Kordel mit Silikon-Dip-Enden Ton in Ton und Metall\u00f6sen. Leasingkoller zur einfachen Kennzeichnung in der gewerblichen W\u00e4scherei und Aufh\u00e4ngeb\u00e4nder im Saum. Schweres Sweatmaterial aus MIKRALINAR\u00ae ECO, dem HAKRO Performance-Materialmix aus Baumwolle und GRS-zertifiziertem, recyceltem Polyester. Innenseite nicht angeraut (French Terry). [&hellip;]<\/p>\n","protected":false},"featured_media":689279,"template":"","meta":[],"product_brand":[],"product_cat":[4191],"product_tag":[],"class_list":{"0":"post-689240","1":"product","2":"type-product","3":"status-publish","4":"has-post-thumbnail","6":"product_cat-longsleeves-sweatshirts","7":"pa_brand-hakro","8":"pa_brand-type-workwear","9":"pa_filter-color-blau","10":"pa_filter-color-grau","11":"pa_filter-color-schwarz","12":"pa_filter-color-weiss","14":"first","15":"instock","16":"sale","17":"taxable","18":"shipping-taxable","19":"purchasable","20":"product-type-variable","21":"add-to-wishlist-before_image"},"exclude_global_add_ons":[],"addons":[],"acf":[],"_links":{"self":[{"href":"https:\/\/shop.kustom.ch\/fr\/wp-json\/wp\/v2\/product\/689240"}],"collection":[{"href":"https:\/\/shop.kustom.ch\/fr\/wp-json\/wp\/v2\/product"}],"about":[{"href":"https:\/\/shop.kustom.ch\/fr\/wp-json\/wp\/v2\/types\/product"}],"wp:featuredmedia":[{"embeddable":true,"href":"https:\/\/shop.kustom.ch\/fr\/wp-json\/wp\/v2\/media\/689279"}],"wp:attachment":[{"href":"https:\/\/shop.kustom.ch\/fr\/wp-json\/wp\/v2\/media?parent=689240"}],"wp:term":[{"taxonomy":"product_brand","embeddable":true,"href":"https:\/\/shop.kustom.ch\/fr\/wp-json\/wp\/v2\/product_brand?post=689240"},{"taxonomy":"product_cat","embeddable":true,"href":"https:\/\/shop.kustom.ch\/fr\/wp-json\/wp\/v2\/product_cat?post=689240"},{"taxonomy":"product_tag","embeddable":true,"href":"https:\/\/shop.kustom.ch\/fr\/wp-json\/wp\/v2\/product_tag?post=689240"}],"curies":[{"name":"wp","href":"https:\/\/api.w.org\/{rel}","templated":true}]}}