{"id":688993,"date":"2026-02-09T17:18:25","date_gmt":"2026-02-09T16:18:25","guid":{"rendered":"https:\/\/shop.kustom.ch\/?post_type=product&#038;p=688993"},"modified":"2026-03-30T07:20:42","modified_gmt":"2026-03-30T06:20:42","slug":"label-free-poloshirt-heavy-mikralinar-eco","status":"publish","type":"product","link":"https:\/\/shop.kustom.ch\/fr\/produit\/label-free-poloshirt-heavy-mikralinar-eco\/","title":{"rendered":"Polo sans \u00e9tiquette Heavy MIKRALINAR\u00ae ECO"},"content":{"rendered":"<p>Polo particuli\u00e8rement r\u00e9sistant sans \u00e9tiquette principale HAKRO, sans \u00e9tiquette plate, avec patte de boutonnage \u00e0 trois trous. Boutons ton sur ton, bande d'encolure et fentes lat\u00e9rales \u00e0 double verrouillage. Collerette de leasing pour faciliter l'identification dans les blanchisseries commerciales et bandes de suspension dans l'ourlet. Piqu\u00e9 particuli\u00e8rement facile d'entretien et fonctionnel en MIKRALINAR\u00ae ECO, le m\u00e9lange de mati\u00e8res HAKRO Performance en coton et polyester recycl\u00e9 certifi\u00e9 GRS. Disponible \u00e9galement en mod\u00e8le femme avec patte de boutonnage \u00e0 quatre trous. Coupe d\u00e9contract\u00e9e : Comfort Fit.<\/p>\n<p>- Mati\u00e8re : MIKRALINAR\u00ae ECO, piqu\u00e9 de 50 coton % et 50 polyester % (recycl\u00e9)<br \/>\n- poids : 220 g\/m<br \/>\n- Propri\u00e9t\u00e9s : convient au lavage industriel selon la norme DIN EN ISO 15797, facile d'entretien, pr\u00e9trait\u00e9 au r\u00e9tr\u00e9cissement<br \/>\n- Coupe : Comfort Fit<br \/>\n- Certificats : Fair Wear, OEKO-TEX\u00ae STANDARD 100, Supporting the Initiative Cotton made in Africa, Global Recycled Standard (GRS), bouton vert<br \/>\n- Temp\u00e9rature de lavage : 60 \u00b0C<br \/>\n- Tailles : 2XS-6XL<\/p>\n<p><a href=\"http:\/\/media.hakro.com\/productsheets\/productsheet_0503_de.pdf\" target=\"_blank\" rel=\"noopener\"><u>Ouvrir la fiche produit<\/u><\/a><\/p>","protected":false},"excerpt":{"rendered":"<p>Besonders strapazierf\u00e4higes Poloshirt ohne HAKRO Mainlabel, ohne Flaglabel, mit Drei-Loch-Knopfleiste. Kn\u00f6pfe Ton in Ton, Nackenband und doppelt geriegelte Seitenschlitze. Leasingkoller zur einfachen Kennzeichnung in der gewerblichen W\u00e4scherei und Aufh\u00e4ngeb\u00e4nder im Saum. Besonders pflegeleichtes und funktionelles Piqu\u00e9 aus MIKRALINAR\u00ae ECO, dem HAKRO Performance-Materialmix aus Baumwolle und GRS-zertifiziertem, recyceltem Polyester. Verf\u00fcgbar auch als Damenmodell mit Vier-Loch-Knopfleiste. Lockere [&hellip;]<\/p>\n","protected":false},"featured_media":688994,"template":"","meta":[],"product_brand":[],"product_cat":[4193],"product_tag":[],"class_list":{"0":"post-688993","1":"product","2":"type-product","3":"status-publish","4":"has-post-thumbnail","6":"product_cat-polos","7":"pa_brand-hakro","8":"pa_brand-type-workwear","9":"pa_filter-color-blau","10":"pa_filter-color-grau","11":"pa_filter-color-schwarz","12":"pa_filter-color-weiss","14":"first","15":"instock","16":"sale","17":"taxable","18":"shipping-taxable","19":"purchasable","20":"product-type-variable","21":"add-to-wishlist-before_image"},"exclude_global_add_ons":[],"addons":[],"acf":[],"_links":{"self":[{"href":"https:\/\/shop.kustom.ch\/fr\/wp-json\/wp\/v2\/product\/688993"}],"collection":[{"href":"https:\/\/shop.kustom.ch\/fr\/wp-json\/wp\/v2\/product"}],"about":[{"href":"https:\/\/shop.kustom.ch\/fr\/wp-json\/wp\/v2\/types\/product"}],"wp:featuredmedia":[{"embeddable":true,"href":"https:\/\/shop.kustom.ch\/fr\/wp-json\/wp\/v2\/media\/688994"}],"wp:attachment":[{"href":"https:\/\/shop.kustom.ch\/fr\/wp-json\/wp\/v2\/media?parent=688993"}],"wp:term":[{"taxonomy":"product_brand","embeddable":true,"href":"https:\/\/shop.kustom.ch\/fr\/wp-json\/wp\/v2\/product_brand?post=688993"},{"taxonomy":"product_cat","embeddable":true,"href":"https:\/\/shop.kustom.ch\/fr\/wp-json\/wp\/v2\/product_cat?post=688993"},{"taxonomy":"product_tag","embeddable":true,"href":"https:\/\/shop.kustom.ch\/fr\/wp-json\/wp\/v2\/product_tag?post=688993"}],"curies":[{"name":"wp","href":"https:\/\/api.w.org\/{rel}","templated":true}]}}