{"id":688575,"date":"2026-02-05T20:05:26","date_gmt":"2026-02-05T19:05:26","guid":{"rendered":"https:\/\/shop.kustom.ch\/?post_type=product&#038;p=688575"},"modified":"2026-03-31T12:55:55","modified_gmt":"2026-03-31T11:55:55","slug":"tf-wings-tight","status":"publish","type":"product","link":"https:\/\/shop.kustom.ch\/fr\/produit\/tf-wings-tight\/","title":{"rendered":"T&amp;F WINGS Cuissard"},"content":{"rendered":"<p>Avec cette combinaison de sprinter fonctionnelle et moulante, rien ne t'emp\u00eache de r\u00e9aliser ton nouveau record.<br \/>\nTissu stretch l\u00e9ger et hydrat\u00e9 ; emmanchures larges pour une totale libert\u00e9 de mouvement ; coutures plates pour un confort sans frottement ; bas de jambes \u00e9lastiques pour un maintien parfait<br \/>\n80% polyester, 20% \u00e9lasthanne<\/p>","protected":false},"excerpt":{"rendered":"<p>Mit dem funktionellen, eng anliegenden Sprinteranzug steht deiner neuen Bestzeit nichts im Weg. Leichtes, feuchtigkeitsregulierendes Stretchmaterial; Weiter Armausschnitt gew\u00e4hrleistet volle Bewegungsfreiheit; Flache N\u00e4hte f\u00fcr ein reibungsfreies Tragegef\u00fchl; Elastischer Beinabschluss f\u00fcr perfekten Sitz 80% Polyester, 20% Elasthan<\/p>","protected":false},"featured_media":688576,"template":"","meta":[],"product_brand":[],"product_cat":[4185],"product_tag":[],"class_list":{"0":"post-688575","1":"product","2":"type-product","3":"status-publish","4":"has-post-thumbnail","6":"product_cat-hosen","7":"pa_brand-erima","8":"pa_brand-type-sportswear","9":"pa_filter-color-blau","10":"pa_filter-color-rot","11":"pa_filter-color-schwarz","13":"first","14":"instock","15":"sale","16":"taxable","17":"shipping-taxable","18":"purchasable","19":"product-type-variable","20":"add-to-wishlist-before_image"},"exclude_global_add_ons":[],"addons":[],"acf":[],"_links":{"self":[{"href":"https:\/\/shop.kustom.ch\/fr\/wp-json\/wp\/v2\/product\/688575"}],"collection":[{"href":"https:\/\/shop.kustom.ch\/fr\/wp-json\/wp\/v2\/product"}],"about":[{"href":"https:\/\/shop.kustom.ch\/fr\/wp-json\/wp\/v2\/types\/product"}],"wp:featuredmedia":[{"embeddable":true,"href":"https:\/\/shop.kustom.ch\/fr\/wp-json\/wp\/v2\/media\/688576"}],"wp:attachment":[{"href":"https:\/\/shop.kustom.ch\/fr\/wp-json\/wp\/v2\/media?parent=688575"}],"wp:term":[{"taxonomy":"product_brand","embeddable":true,"href":"https:\/\/shop.kustom.ch\/fr\/wp-json\/wp\/v2\/product_brand?post=688575"},{"taxonomy":"product_cat","embeddable":true,"href":"https:\/\/shop.kustom.ch\/fr\/wp-json\/wp\/v2\/product_cat?post=688575"},{"taxonomy":"product_tag","embeddable":true,"href":"https:\/\/shop.kustom.ch\/fr\/wp-json\/wp\/v2\/product_tag?post=688575"}],"curies":[{"name":"wp","href":"https:\/\/api.w.org\/{rel}","templated":true}]}}