{"id":688401,"date":"2026-02-05T20:04:42","date_gmt":"2026-02-05T19:04:42","guid":{"rendered":"https:\/\/shop.kustom.ch\/?post_type=product&#038;p=688401"},"modified":"2026-03-31T12:55:31","modified_gmt":"2026-03-31T11:55:31","slug":"tf-wings-singlet","status":"publish","type":"product","link":"https:\/\/shop.kustom.ch\/fr\/produit\/tf-wings-singlet\/","title":{"rendered":"T&amp;F WINGS D\u00e9bardeur"},"content":{"rendered":"<p>Ce top fonctionnel te soutient au mieux pendant l'entra\u00eenement et la comp\u00e9tition.<br \/>\nTissu doux et agr\u00e9able qui r\u00e9gule l'humidit\u00e9 ; Stretch \u00e9lev\u00e9 pour une totale libert\u00e9 de mouvement ; Bande \u00e9lastique sous la poitrine pour un maintien parfait ; Coupe ergonomique avec dos nageur<br \/>\n82% polyester (recycl\u00e9), 18% \u00e9lasthanne<\/p>","protected":false},"excerpt":{"rendered":"<p>Ce top fonctionnel te soutient au mieux pendant l'entra\u00eenement et la comp\u00e9tition. Tissu doux et agr\u00e9able qui r\u00e9gule l'humidit\u00e9 ; Stretch \u00e9lev\u00e9 pour une totale libert\u00e9 de mouvement ; Bande \u00e9lastique sous la poitrine pour un maintien parfait ; Coupe ergonomique avec dos nageur 82% polyester (recycl\u00e9), 18% \u00e9lasthanne<\/p>","protected":false},"featured_media":688402,"template":"","meta":[],"product_brand":[],"product_cat":[4202],"product_tag":[],"class_list":{"0":"post-688401","1":"product","2":"type-product","3":"status-publish","4":"has-post-thumbnail","6":"product_cat-tank-tops","7":"pa_brand-erima","8":"pa_brand-type-sportswear","9":"pa_filter-color-blau","10":"pa_filter-color-gruen","11":"pa_filter-color-rot","12":"pa_filter-color-schwarz","13":"pa_filter-color-weiss","15":"first","16":"instock","17":"sale","18":"taxable","19":"shipping-taxable","20":"purchasable","21":"product-type-variable","22":"add-to-wishlist-before_image"},"exclude_global_add_ons":[],"addons":[],"acf":[],"_links":{"self":[{"href":"https:\/\/shop.kustom.ch\/fr\/wp-json\/wp\/v2\/product\/688401"}],"collection":[{"href":"https:\/\/shop.kustom.ch\/fr\/wp-json\/wp\/v2\/product"}],"about":[{"href":"https:\/\/shop.kustom.ch\/fr\/wp-json\/wp\/v2\/types\/product"}],"wp:featuredmedia":[{"embeddable":true,"href":"https:\/\/shop.kustom.ch\/fr\/wp-json\/wp\/v2\/media\/688402"}],"wp:attachment":[{"href":"https:\/\/shop.kustom.ch\/fr\/wp-json\/wp\/v2\/media?parent=688401"}],"wp:term":[{"taxonomy":"product_brand","embeddable":true,"href":"https:\/\/shop.kustom.ch\/fr\/wp-json\/wp\/v2\/product_brand?post=688401"},{"taxonomy":"product_cat","embeddable":true,"href":"https:\/\/shop.kustom.ch\/fr\/wp-json\/wp\/v2\/product_cat?post=688401"},{"taxonomy":"product_tag","embeddable":true,"href":"https:\/\/shop.kustom.ch\/fr\/wp-json\/wp\/v2\/product_tag?post=688401"}],"curies":[{"name":"wp","href":"https:\/\/api.w.org\/{rel}","templated":true}]}}