{"id":688222,"date":"2026-02-05T20:03:22","date_gmt":"2026-02-05T19:03:22","guid":{"rendered":"https:\/\/shop.kustom.ch\/?post_type=product&#038;p=688222"},"modified":"2026-03-31T12:52:28","modified_gmt":"2026-03-31T11:52:28","slug":"ts-erilette","status":"publish","type":"product","link":"https:\/\/shop.kustom.ch\/fr\/produit\/ts-erilette\/","title":{"rendered":"TS Erilette"},"content":{"rendered":"<p>L'Erilette la plus confortable qui soit ; Semelle pr\u00e9form\u00e9e et souple pour un confort optimal ; Strap solide et s\u00e9chant rapidement ; Confort extr\u00eame gr\u00e2ce au Soft Padding ; Facile d'entretien et r\u00e9sistante \u00e0 l'usure ;<br \/>\nDessus : 100% polyur\u00e9thane, semelle : 100% EVA, doublure : 100% polyester<\/p>","protected":false},"excerpt":{"rendered":"<p>L'Erilette la plus confortable qui soit ; Semelle pr\u00e9form\u00e9e et souple pour un confort optimal ; Strap solide et \u00e0 s\u00e9chage rapide ; Confort extr\u00eame gr\u00e2ce au Soft Padding ; Facile d'entretien et r\u00e9sistant ; Dessus : 100% polyur\u00e9thane, Semelle : 100% EVA, Doublure : 100% polyester<\/p>","protected":false},"featured_media":688244,"template":"","meta":[],"product_brand":[],"product_cat":[4197,4209],"product_tag":[],"class_list":{"0":"post-688222","1":"product","2":"type-product","3":"status-publish","4":"has-post-thumbnail","6":"product_cat-schuhe-sandalen","7":"product_cat-zubehoer","8":"pa_brand-erima","9":"pa_brand-type-sportswear","10":"pa_filter-color-schwarz","11":"pa_filter-color-weiss","13":"first","14":"instock","15":"sale","16":"taxable","17":"shipping-taxable","18":"purchasable","19":"product-type-variable","20":"add-to-wishlist-before_image"},"exclude_global_add_ons":[],"addons":[],"acf":[],"_links":{"self":[{"href":"https:\/\/shop.kustom.ch\/fr\/wp-json\/wp\/v2\/product\/688222"}],"collection":[{"href":"https:\/\/shop.kustom.ch\/fr\/wp-json\/wp\/v2\/product"}],"about":[{"href":"https:\/\/shop.kustom.ch\/fr\/wp-json\/wp\/v2\/types\/product"}],"wp:featuredmedia":[{"embeddable":true,"href":"https:\/\/shop.kustom.ch\/fr\/wp-json\/wp\/v2\/media\/688244"}],"wp:attachment":[{"href":"https:\/\/shop.kustom.ch\/fr\/wp-json\/wp\/v2\/media?parent=688222"}],"wp:term":[{"taxonomy":"product_brand","embeddable":true,"href":"https:\/\/shop.kustom.ch\/fr\/wp-json\/wp\/v2\/product_brand?post=688222"},{"taxonomy":"product_cat","embeddable":true,"href":"https:\/\/shop.kustom.ch\/fr\/wp-json\/wp\/v2\/product_cat?post=688222"},{"taxonomy":"product_tag","embeddable":true,"href":"https:\/\/shop.kustom.ch\/fr\/wp-json\/wp\/v2\/product_tag?post=688222"}],"curies":[{"name":"wp","href":"https:\/\/api.w.org\/{rel}","templated":true}]}}