{"id":688220,"date":"2026-02-05T20:03:22","date_gmt":"2026-02-05T19:03:22","guid":{"rendered":"https:\/\/shop.kustom.ch\/?post_type=product&#038;p=688220"},"modified":"2026-03-31T12:52:26","modified_gmt":"2026-03-31T11:52:26","slug":"erima-allround-volleyball","status":"publish","type":"product","link":"https:\/\/shop.kustom.ch\/fr\/produit\/erima-allround-volleyball\/","title":{"rendered":"ERIMA Allround Volleyball"},"content":{"rendered":"<p>Id\u00e9al pour tous les terrains, \u00e0 l'int\u00e9rieur comme \u00e0 l'ext\u00e9rieur ; Soft Touch exceptionnel ; Volley-ball innovant avec une construction dynamique \u00e0 12 panneaux ; Grip et douceur \u00e0 chaque contact avec le ballon<br \/>\nDessus : 100% polyur\u00e9thane thermoplastique<\/p>","protected":false},"excerpt":{"rendered":"<p>Id\u00e9al pour tous les terrains, \u00e0 l'int\u00e9rieur comme \u00e0 l'ext\u00e9rieur ; Soft Touch exceptionnel ; Volley-ball innovant avec construction dynamique \u00e0 12 panneaux ; Adh\u00e9rent et doux \u00e0 chaque contact avec le ballon Tissu ext\u00e9rieur : 100% Polyur\u00e9thane thermoplastique<\/p>","protected":false},"featured_media":688226,"template":"","meta":[],"product_brand":[],"product_cat":[4175,4209],"product_tag":[],"class_list":{"0":"post-688220","1":"product","2":"type-product","3":"status-publish","4":"has-post-thumbnail","6":"product_cat-baelle","7":"product_cat-zubehoer","8":"pa_brand-erima","9":"pa_brand-type-sportswear","10":"pa_filter-color-weiss","12":"first","13":"instock","14":"sale","15":"taxable","16":"shipping-taxable","17":"purchasable","18":"product-type-variable","19":"add-to-wishlist-before_image"},"exclude_global_add_ons":[],"addons":[],"acf":[],"_links":{"self":[{"href":"https:\/\/shop.kustom.ch\/fr\/wp-json\/wp\/v2\/product\/688220"}],"collection":[{"href":"https:\/\/shop.kustom.ch\/fr\/wp-json\/wp\/v2\/product"}],"about":[{"href":"https:\/\/shop.kustom.ch\/fr\/wp-json\/wp\/v2\/types\/product"}],"wp:featuredmedia":[{"embeddable":true,"href":"https:\/\/shop.kustom.ch\/fr\/wp-json\/wp\/v2\/media\/688226"}],"wp:attachment":[{"href":"https:\/\/shop.kustom.ch\/fr\/wp-json\/wp\/v2\/media?parent=688220"}],"wp:term":[{"taxonomy":"product_brand","embeddable":true,"href":"https:\/\/shop.kustom.ch\/fr\/wp-json\/wp\/v2\/product_brand?post=688220"},{"taxonomy":"product_cat","embeddable":true,"href":"https:\/\/shop.kustom.ch\/fr\/wp-json\/wp\/v2\/product_cat?post=688220"},{"taxonomy":"product_tag","embeddable":true,"href":"https:\/\/shop.kustom.ch\/fr\/wp-json\/wp\/v2\/product_tag?post=688220"}],"curies":[{"name":"wp","href":"https:\/\/api.w.org\/{rel}","templated":true}]}}