{"id":688203,"date":"2026-02-05T20:02:49","date_gmt":"2026-02-05T19:02:49","guid":{"rendered":"https:\/\/shop.kustom.ch\/?post_type=product&#038;p=688203"},"modified":"2026-03-31T12:51:35","modified_gmt":"2026-03-31T11:51:35","slug":"towel","status":"publish","type":"product","link":"https:\/\/shop.kustom.ch\/fr\/produit\/towel\/","title":{"rendered":"Serviette"},"content":{"rendered":"<p>Tient chaud - m\u00eame les jours les plus froids ; Structure de surface douce pour un grand confort ; Coupe ajust\u00e9e pour un maintien optimal ;<br \/>\n100% Coton<\/p>","protected":false},"excerpt":{"rendered":"<p>H\u00e4lt warm &#8211; auch an den k\u00e4ltesten Tagen; Weiche Oberfl\u00e4chenstruktur f\u00fcr hohen Tragekomfort; Enganliegende Passform f\u00fcr einen optimalen Halt; 100% Baumwolle<\/p>","protected":false},"featured_media":688213,"template":"","meta":[],"product_brand":[],"product_cat":[4209],"product_tag":[],"class_list":{"0":"post-688203","1":"product","2":"type-product","3":"status-publish","4":"has-post-thumbnail","6":"product_cat-zubehoer","7":"pa_brand-erima","8":"pa_brand-type-sportswear","9":"pa_filter-color-schwarz","11":"first","12":"instock","13":"sale","14":"taxable","15":"shipping-taxable","16":"purchasable","17":"product-type-variable","18":"add-to-wishlist-before_image"},"exclude_global_add_ons":[],"addons":[],"acf":[],"_links":{"self":[{"href":"https:\/\/shop.kustom.ch\/fr\/wp-json\/wp\/v2\/product\/688203"}],"collection":[{"href":"https:\/\/shop.kustom.ch\/fr\/wp-json\/wp\/v2\/product"}],"about":[{"href":"https:\/\/shop.kustom.ch\/fr\/wp-json\/wp\/v2\/types\/product"}],"wp:featuredmedia":[{"embeddable":true,"href":"https:\/\/shop.kustom.ch\/fr\/wp-json\/wp\/v2\/media\/688213"}],"wp:attachment":[{"href":"https:\/\/shop.kustom.ch\/fr\/wp-json\/wp\/v2\/media?parent=688203"}],"wp:term":[{"taxonomy":"product_brand","embeddable":true,"href":"https:\/\/shop.kustom.ch\/fr\/wp-json\/wp\/v2\/product_brand?post=688203"},{"taxonomy":"product_cat","embeddable":true,"href":"https:\/\/shop.kustom.ch\/fr\/wp-json\/wp\/v2\/product_cat?post=688203"},{"taxonomy":"product_tag","embeddable":true,"href":"https:\/\/shop.kustom.ch\/fr\/wp-json\/wp\/v2\/product_tag?post=688203"}],"curies":[{"name":"wp","href":"https:\/\/api.w.org\/{rel}","templated":true}]}}