{"id":688201,"date":"2026-02-05T20:02:49","date_gmt":"2026-02-05T19:02:49","guid":{"rendered":"https:\/\/shop.kustom.ch\/?post_type=product&#038;p=688201"},"modified":"2026-03-31T12:51:32","modified_gmt":"2026-03-31T11:51:32","slug":"knit-beanie","status":"publish","type":"product","link":"https:\/\/shop.kustom.ch\/fr\/produit\/knit-beanie\/","title":{"rendered":"Bonnet tricot\u00e9"},"content":{"rendered":"<p>Tient chaud - m\u00eame les jours les plus froids ; Micro Fleece pour un port agr\u00e9able ; Structure de surface douce ; ; ;<br \/>\n60 % polyester, 40 % polyacrylique<\/p>","protected":false},"excerpt":{"rendered":"<p>H\u00e4lt warm &#8211; auch an den k\u00e4ltesten Tagen; Micro Fleece f\u00fcr ein angenehmes Tragegef\u00fchl; Weiche Oberfl\u00e4chenstruktur; ; ; 60 % Polyester, 40 % Polyacryl<\/p>","protected":false},"featured_media":688207,"template":"","meta":[],"product_brand":[],"product_cat":[4177,4209],"product_tag":[],"class_list":{"0":"post-688201","1":"product","2":"type-product","3":"status-publish","4":"has-post-thumbnail","6":"product_cat-caps-muetzen","7":"product_cat-zubehoer","8":"pa_brand-erima","9":"pa_brand-type-sportswear","10":"pa_filter-color-schwarz","12":"first","13":"instock","14":"sale","15":"taxable","16":"shipping-taxable","17":"purchasable","18":"product-type-variable","19":"add-to-wishlist-before_image"},"exclude_global_add_ons":[],"addons":[],"acf":[],"_links":{"self":[{"href":"https:\/\/shop.kustom.ch\/fr\/wp-json\/wp\/v2\/product\/688201"}],"collection":[{"href":"https:\/\/shop.kustom.ch\/fr\/wp-json\/wp\/v2\/product"}],"about":[{"href":"https:\/\/shop.kustom.ch\/fr\/wp-json\/wp\/v2\/types\/product"}],"wp:featuredmedia":[{"embeddable":true,"href":"https:\/\/shop.kustom.ch\/fr\/wp-json\/wp\/v2\/media\/688207"}],"wp:attachment":[{"href":"https:\/\/shop.kustom.ch\/fr\/wp-json\/wp\/v2\/media?parent=688201"}],"wp:term":[{"taxonomy":"product_brand","embeddable":true,"href":"https:\/\/shop.kustom.ch\/fr\/wp-json\/wp\/v2\/product_brand?post=688201"},{"taxonomy":"product_cat","embeddable":true,"href":"https:\/\/shop.kustom.ch\/fr\/wp-json\/wp\/v2\/product_cat?post=688201"},{"taxonomy":"product_tag","embeddable":true,"href":"https:\/\/shop.kustom.ch\/fr\/wp-json\/wp\/v2\/product_tag?post=688201"}],"curies":[{"name":"wp","href":"https:\/\/api.w.org\/{rel}","templated":true}]}}