{"id":688152,"date":"2026-02-05T20:02:13","date_gmt":"2026-02-05T19:02:13","guid":{"rendered":"https:\/\/shop.kustom.ch\/?post_type=product&#038;p=688152"},"modified":"2026-03-31T12:51:27","modified_gmt":"2026-03-31T11:51:27","slug":"armsleeve-with-pad","status":"publish","type":"product","link":"https:\/\/shop.kustom.ch\/fr\/produit\/armsleeve-with-pad\/","title":{"rendered":"Manchon de bras avec pad"},"content":{"rendered":"<p>Chemise de marquage polyvalente ; Grande surface et large anneau sur le torse pour les logos des clubs ou des sponsors ; Mati\u00e8re polyester respirante ; Grand logo ERIMA au dos<br \/>\n40% polyamide, 25% \u00e9thyl\u00e8ne-ac\u00e9tate de vinyle, 10% \u00e9lasthanne, 7% polyester, 18% autres<\/p>","protected":false},"excerpt":{"rendered":"<p>Vielseitig einsetzbares Markierungshemd; Grosse Fl\u00e4che und breiter Brustring f\u00fcr Vereins- oder Sponsorenlogos; Atmungsaktives Polyestermaterial; Grosses ERIMA Logo auf dem R\u00fccken 40% Polyamid, 25% Ethylen-vinylacetat, 10% Elasthan, 7% Polyester, 18% Andere<\/p>","protected":false},"featured_media":688191,"template":"","meta":[],"product_brand":[],"product_cat":[4209],"product_tag":[],"class_list":{"0":"post-688152","1":"product","2":"type-product","3":"status-publish","4":"has-post-thumbnail","6":"product_cat-zubehoer","7":"pa_brand-erima","8":"pa_brand-type-sportswear","9":"pa_filter-color-schwarz","11":"first","12":"instock","13":"sale","14":"taxable","15":"shipping-taxable","16":"purchasable","17":"product-type-variable","18":"add-to-wishlist-before_image"},"exclude_global_add_ons":[],"addons":[],"acf":[],"_links":{"self":[{"href":"https:\/\/shop.kustom.ch\/fr\/wp-json\/wp\/v2\/product\/688152"}],"collection":[{"href":"https:\/\/shop.kustom.ch\/fr\/wp-json\/wp\/v2\/product"}],"about":[{"href":"https:\/\/shop.kustom.ch\/fr\/wp-json\/wp\/v2\/types\/product"}],"wp:featuredmedia":[{"embeddable":true,"href":"https:\/\/shop.kustom.ch\/fr\/wp-json\/wp\/v2\/media\/688191"}],"wp:attachment":[{"href":"https:\/\/shop.kustom.ch\/fr\/wp-json\/wp\/v2\/media?parent=688152"}],"wp:term":[{"taxonomy":"product_brand","embeddable":true,"href":"https:\/\/shop.kustom.ch\/fr\/wp-json\/wp\/v2\/product_brand?post=688152"},{"taxonomy":"product_cat","embeddable":true,"href":"https:\/\/shop.kustom.ch\/fr\/wp-json\/wp\/v2\/product_cat?post=688152"},{"taxonomy":"product_tag","embeddable":true,"href":"https:\/\/shop.kustom.ch\/fr\/wp-json\/wp\/v2\/product_tag?post=688152"}],"curies":[{"name":"wp","href":"https:\/\/api.w.org\/{rel}","templated":true}]}}