{"id":688151,"date":"2026-02-05T20:02:13","date_gmt":"2026-02-05T19:02:13","guid":{"rendered":"https:\/\/shop.kustom.ch\/?post_type=product&#038;p=688151"},"modified":"2026-03-31T12:51:26","modified_gmt":"2026-03-31T11:51:26","slug":"training-bib","status":"publish","type":"product","link":"https:\/\/shop.kustom.ch\/fr\/produit\/training-bib\/","title":{"rendered":"Formation bib"},"content":{"rendered":"<p>Des manches longues faciles et rapides pour ton maillot ou ton t-shirt de course.<br \/>\nTissu \u00e9vacuant l'humidit\u00e9 ; Coupe ajust\u00e9e ; Poignets \u00e9lastiques ; Coutures plates pour un confort sans frottement ; Impression personnalis\u00e9e<br \/>\n100% Polyester<\/p>","protected":false},"excerpt":{"rendered":"<p>Schnell und einfach lange \u00c4rmel f\u00fcr dein Trikot oder Laufshirt. Feuchtigkeitsableitendes Material; Eng anliegende Passform; Elastische B\u00fcndchen; Flache N\u00e4hte f\u00fcr ein reibungsfreies Tragegef\u00fchl; Individuell bedruckbar 100% Polyester<\/p>","protected":false},"featured_media":688173,"template":"","meta":[],"product_brand":[],"product_cat":[4209],"product_tag":[],"class_list":{"0":"post-688151","1":"product","2":"type-product","3":"status-publish","4":"has-post-thumbnail","6":"product_cat-zubehoer","7":"pa_brand-erima","8":"pa_brand-type-sportswear","9":"pa_filter-color-blau","10":"pa_filter-color-gelb","11":"pa_filter-color-gruen","12":"pa_filter-color-orange","14":"first","15":"instock","16":"sale","17":"taxable","18":"shipping-taxable","19":"purchasable","20":"product-type-variable","21":"add-to-wishlist-before_image"},"exclude_global_add_ons":[],"addons":[],"acf":[],"_links":{"self":[{"href":"https:\/\/shop.kustom.ch\/fr\/wp-json\/wp\/v2\/product\/688151"}],"collection":[{"href":"https:\/\/shop.kustom.ch\/fr\/wp-json\/wp\/v2\/product"}],"about":[{"href":"https:\/\/shop.kustom.ch\/fr\/wp-json\/wp\/v2\/types\/product"}],"wp:featuredmedia":[{"embeddable":true,"href":"https:\/\/shop.kustom.ch\/fr\/wp-json\/wp\/v2\/media\/688173"}],"wp:attachment":[{"href":"https:\/\/shop.kustom.ch\/fr\/wp-json\/wp\/v2\/media?parent=688151"}],"wp:term":[{"taxonomy":"product_brand","embeddable":true,"href":"https:\/\/shop.kustom.ch\/fr\/wp-json\/wp\/v2\/product_brand?post=688151"},{"taxonomy":"product_cat","embeddable":true,"href":"https:\/\/shop.kustom.ch\/fr\/wp-json\/wp\/v2\/product_cat?post=688151"},{"taxonomy":"product_tag","embeddable":true,"href":"https:\/\/shop.kustom.ch\/fr\/wp-json\/wp\/v2\/product_tag?post=688151"}],"curies":[{"name":"wp","href":"https:\/\/api.w.org\/{rel}","templated":true}]}}