{"id":688097,"date":"2026-02-05T20:01:17","date_gmt":"2026-02-05T19:01:17","guid":{"rendered":"https:\/\/shop.kustom.ch\/?post_type=product&#038;p=688097"},"modified":"2026-03-31T12:50:10","modified_gmt":"2026-03-31T11:50:10","slug":"intro-line-backpack","status":"publish","type":"product","link":"https:\/\/shop.kustom.ch\/fr\/produit\/intro-line-backpack\/","title":{"rendered":"INTRO LINE Sac \u00e0 dos"},"content":{"rendered":"<p>Votre \u00e9quipe. Ton sac \u00e0 main. Ta ligne d'intro.<br \/>\nPolyvalent : Parfait pour le football, les camps et tous les sports d'\u00e9quipe ; Compartiment inf\u00e9rieur s\u00e9par\u00e9 : Id\u00e9al pour s\u00e9parer les chaussures ou les v\u00eatements mouill\u00e9s ; Palette de couleurs modernes : Noir, New Navy, \u00c9meraude et New Bordeaux pour un look frais ; Grandes surfaces de logo : Parfaites pour les blasons de club ou les impressions de sponsors ; Poids l\u00e9ger : Agr\u00e9able \u00e0 porter, m\u00eame \u00e0 pleine charge ; Robuste &amp; durable : Mat\u00e9riau r\u00e9sistant pour une utilisation quotidienne ; Compartiment int\u00e9rieur suppl\u00e9mentaire en mesh : Pour bouteille d'eau, objets de valeur ou petits objets ; Bandouli\u00e8re solide : Construction robuste et durable pour une utilisation fr\u00e9quente ; Taille S : 40*25*33 cm (env. 33l) ; Taille M : 50*29*37 cm (env. 53,5l) ; Taille L : 60*33*41 cm (env. 81l)<\/p>","protected":false},"excerpt":{"rendered":"<p>Dein Team. Deine Tasche. Deine Intro Line. Vielseitig einsetzbar: Perfekt f\u00fcr Fussball, Camps und alle Teamsportarten; Separates Bodenfach: Ideal zur Trennung von Schuhen oder nasser Kleidung; Moderne Farbpalette: Schwarz, New Navy, Smaragd und New Bordeaux f\u00fcr einen frischen Look; Grosse Logo-Fl\u00e4chen: Perfekt f\u00fcr Vereinswappen oder Sponsoren-Prints; Leichtgewicht: Angenehm zu tragen, selbst bei voller Beladung; Robust [&hellip;]<\/p>\n","protected":false},"featured_media":688143,"template":"","meta":[],"product_brand":[],"product_cat":[4195,4209],"product_tag":[],"class_list":{"0":"post-688097","1":"product","2":"type-product","3":"status-publish","4":"has-post-thumbnail","6":"product_cat-rucksaecke-taschen","7":"product_cat-zubehoer","8":"pa_brand-erima","9":"pa_brand-type-sportswear","10":"pa_filter-color-blau","11":"pa_filter-color-gruen","12":"pa_filter-color-rot","13":"pa_filter-color-schwarz","15":"first","16":"instock","17":"sale","18":"taxable","19":"shipping-taxable","20":"purchasable","21":"product-type-variable","22":"add-to-wishlist-before_image"},"exclude_global_add_ons":[],"addons":[],"acf":[],"_links":{"self":[{"href":"https:\/\/shop.kustom.ch\/fr\/wp-json\/wp\/v2\/product\/688097"}],"collection":[{"href":"https:\/\/shop.kustom.ch\/fr\/wp-json\/wp\/v2\/product"}],"about":[{"href":"https:\/\/shop.kustom.ch\/fr\/wp-json\/wp\/v2\/types\/product"}],"wp:featuredmedia":[{"embeddable":true,"href":"https:\/\/shop.kustom.ch\/fr\/wp-json\/wp\/v2\/media\/688143"}],"wp:attachment":[{"href":"https:\/\/shop.kustom.ch\/fr\/wp-json\/wp\/v2\/media?parent=688097"}],"wp:term":[{"taxonomy":"product_brand","embeddable":true,"href":"https:\/\/shop.kustom.ch\/fr\/wp-json\/wp\/v2\/product_brand?post=688097"},{"taxonomy":"product_cat","embeddable":true,"href":"https:\/\/shop.kustom.ch\/fr\/wp-json\/wp\/v2\/product_cat?post=688097"},{"taxonomy":"product_tag","embeddable":true,"href":"https:\/\/shop.kustom.ch\/fr\/wp-json\/wp\/v2\/product_tag?post=688097"}],"curies":[{"name":"wp","href":"https:\/\/api.w.org\/{rel}","templated":true}]}}