{"id":688095,"date":"2026-02-05T20:01:17","date_gmt":"2026-02-05T19:01:17","guid":{"rendered":"https:\/\/shop.kustom.ch\/?post_type=product&#038;p=688095"},"modified":"2026-03-31T12:50:07","modified_gmt":"2026-03-31T11:50:07","slug":"intro-line-sportsbag","status":"publish","type":"product","link":"https:\/\/shop.kustom.ch\/fr\/produit\/intro-line-sportsbag\/","title":{"rendered":"INTRO LINE Sac de sport"},"content":{"rendered":"<p>Id\u00e9al pour le sport, l'universit\u00e9 ou le shopping ; Design All-Black \u00e9l\u00e9gant ; Poche zipp\u00e9e pratique \u00e0 l'avant ; Trois poches en mesh \u00e0 l'arri\u00e8re pour un acc\u00e8s plus rapide ; Poche int\u00e9rieure zipp\u00e9e pour un rangement s\u00fbr des objets de valeur ; Sangles de transport modernes et r\u00e9glables avec la marque ERIMA, pour fixer le tapis de yoga ou le rouleau de fascia ; Dessous en polyester Water resistent reverse ; 100% 600D Polyester ; Dimensions : 50 x 15 x 40 cm ; Volume : env. 30 litres<\/p>","protected":false},"excerpt":{"rendered":"<p>Ideal f\u00fcr den Sport, die Uni oder zum Einkaufen; Edles All-Black Design; Praktische Reissverschlusstasche an der Vorderseite; Drei Mesh-Taschen auf der R\u00fcckseite f\u00fcr schnelleren Zugriff; Innentasche mit Reissverschluss, als sicheren Stauraum f\u00fcr Wertsachen; Moderne verstellbare Tragegurte mit ERIMA Branding, zur Fixierung von Yogamatte oder Faszienrolle; Unterseite aus Water resistent reverse Polyester; 100% 600D Polyester; Masse: [&hellip;]<\/p>\n","protected":false},"featured_media":688111,"template":"","meta":[],"product_brand":[],"product_cat":[4195,4209],"product_tag":[],"class_list":{"0":"post-688095","1":"product","2":"type-product","3":"status-publish","4":"has-post-thumbnail","6":"product_cat-rucksaecke-taschen","7":"product_cat-zubehoer","8":"pa_brand-erima","9":"pa_brand-type-sportswear","10":"pa_filter-color-blau","11":"pa_filter-color-gruen","12":"pa_filter-color-rot","13":"pa_filter-color-schwarz","15":"first","16":"instock","17":"sale","18":"taxable","19":"shipping-taxable","20":"purchasable","21":"product-type-variable","22":"add-to-wishlist-before_image"},"exclude_global_add_ons":[],"addons":[],"acf":[],"_links":{"self":[{"href":"https:\/\/shop.kustom.ch\/fr\/wp-json\/wp\/v2\/product\/688095"}],"collection":[{"href":"https:\/\/shop.kustom.ch\/fr\/wp-json\/wp\/v2\/product"}],"about":[{"href":"https:\/\/shop.kustom.ch\/fr\/wp-json\/wp\/v2\/types\/product"}],"wp:featuredmedia":[{"embeddable":true,"href":"https:\/\/shop.kustom.ch\/fr\/wp-json\/wp\/v2\/media\/688111"}],"wp:attachment":[{"href":"https:\/\/shop.kustom.ch\/fr\/wp-json\/wp\/v2\/media?parent=688095"}],"wp:term":[{"taxonomy":"product_brand","embeddable":true,"href":"https:\/\/shop.kustom.ch\/fr\/wp-json\/wp\/v2\/product_brand?post=688095"},{"taxonomy":"product_cat","embeddable":true,"href":"https:\/\/shop.kustom.ch\/fr\/wp-json\/wp\/v2\/product_cat?post=688095"},{"taxonomy":"product_tag","embeddable":true,"href":"https:\/\/shop.kustom.ch\/fr\/wp-json\/wp\/v2\/product_tag?post=688095"}],"curies":[{"name":"wp","href":"https:\/\/api.w.org\/{rel}","templated":true}]}}