{"id":687998,"date":"2026-02-05T20:00:00","date_gmt":"2026-02-05T19:00:00","guid":{"rendered":"https:\/\/shop.kustom.ch\/?post_type=product&#038;p=687998"},"modified":"2026-03-31T12:48:49","modified_gmt":"2026-03-31T11:48:49","slug":"aeroclaw-star","status":"publish","type":"product","link":"https:\/\/shop.kustom.ch\/fr\/produit\/aeroclaw-star\/","title":{"rendered":"AeroClaw Star"},"content":{"rendered":"<p>Un ajustement parfait et une adh\u00e9rence sup\u00e9rieure - ton gant de match pour un contr\u00f4le absolu dans toutes les situations de jeu ; 4 ?mm Latex Hypersoft pour une adh\u00e9rence professionnelle - Made in Germany ; Dessus en Knit respirant pour un confort maximal et une a\u00e9ration optimale ; Coupe n\u00e9gative pour un toucher de balle pr\u00e9cis et un contr\u00f4le optimal ; 3D-Gel Punch Zone pour une force de frappe cibl\u00e9e et une protection lors du coup de poing ; Bandage prolong\u00e9 pour un enfilage facile et une meilleure stabilit\u00e9 ; Design Strapless pour un ajustement confortable et un maintien s\u00fbr ; Thumb Wrap et paume prolong\u00e9e pour un contr\u00f4le optimal du ballon ; Flexibilit\u00e9 maximale gr\u00e2ce au Knit \u00e9lastique ; 7-12 en tailles enti\u00e8res ;<br \/>\n50 % latex, 45 % polyester, 5 % autres<\/p>","protected":false},"excerpt":{"rendered":"<p>Perfekte Passform und \u00fcberragender Grip &#8211; dein Matchhandschuh f\u00fcr die absolute Kontrolle in jeder Spielsituation; 4?mm Hypersoft-Latex f\u00fcr professionellen Grip &#8211; Made in Germany; Atmungsaktive Knit-Oberhand f\u00fcr maximalen Komfort und optimale Bel\u00fcftung; Negative Cut f\u00fcr pr\u00e4zises Ballgef\u00fchl und optimale Kontrolle; 3D-Gel Punch Zone f\u00fcr gezielte Schlagkraft und Schutz beim Fausten; Verl\u00e4ngerte Bandage f\u00fcr einfachen Einstieg [&hellip;]<\/p>\n","protected":false},"featured_media":688027,"template":"","meta":[],"product_brand":[],"product_cat":[4203,4209],"product_tag":[],"class_list":{"0":"post-687998","1":"product","2":"type-product","3":"status-publish","4":"has-post-thumbnail","6":"product_cat-torwarthandschuhe","7":"product_cat-zubehoer","8":"pa_brand-erima","9":"pa_brand-type-sportswear","10":"pa_filter-color-rot","11":"pa_filter-color-schwarz","13":"first","14":"instock","15":"sale","16":"taxable","17":"shipping-taxable","18":"purchasable","19":"product-type-variable","20":"add-to-wishlist-before_image"},"exclude_global_add_ons":[],"addons":[],"acf":[],"_links":{"self":[{"href":"https:\/\/shop.kustom.ch\/fr\/wp-json\/wp\/v2\/product\/687998"}],"collection":[{"href":"https:\/\/shop.kustom.ch\/fr\/wp-json\/wp\/v2\/product"}],"about":[{"href":"https:\/\/shop.kustom.ch\/fr\/wp-json\/wp\/v2\/types\/product"}],"wp:featuredmedia":[{"embeddable":true,"href":"https:\/\/shop.kustom.ch\/fr\/wp-json\/wp\/v2\/media\/688027"}],"wp:attachment":[{"href":"https:\/\/shop.kustom.ch\/fr\/wp-json\/wp\/v2\/media?parent=687998"}],"wp:term":[{"taxonomy":"product_brand","embeddable":true,"href":"https:\/\/shop.kustom.ch\/fr\/wp-json\/wp\/v2\/product_brand?post=687998"},{"taxonomy":"product_cat","embeddable":true,"href":"https:\/\/shop.kustom.ch\/fr\/wp-json\/wp\/v2\/product_cat?post=687998"},{"taxonomy":"product_tag","embeddable":true,"href":"https:\/\/shop.kustom.ch\/fr\/wp-json\/wp\/v2\/product_tag?post=687998"}],"curies":[{"name":"wp","href":"https:\/\/api.w.org\/{rel}","templated":true}]}}