{"id":687996,"date":"2026-02-05T20:00:00","date_gmt":"2026-02-05T19:00:00","guid":{"rendered":"https:\/\/shop.kustom.ch\/?post_type=product&#038;p=687996"},"modified":"2026-03-31T12:48:45","modified_gmt":"2026-03-31T11:48:45","slug":"flex-guard-ergono-2","status":"publish","type":"product","link":"https:\/\/shop.kustom.ch\/fr\/produit\/flex-guard-ergono-2\/","title":{"rendered":"Flex Guard Ergono"},"content":{"rendered":"<p>Visi\u00e8re en TPU extr\u00eamement flexible et r\u00e9sistante aux chocs ; Poids r\u00e9duit ; Backing en mousse EVA avec structure cellulaire pour une excellente circulation de l'air ; Facilement lavable ; Protection de la cheville fix\u00e9e ; Fermeture adaptable individuellement gr\u00e2ce \u00e0 une fermeture velcro anatomique<br \/>\n35% polyester, 20% poly\u00e9thyl\u00e8ne, 20% \u00e9thyl\u00e8ne-ac\u00e9tate de vinyle, 5% caoutchouc<\/p>","protected":false},"excerpt":{"rendered":"<p>Extrem flexibles, schlagfestes TPU-Schild; Geringes Gewicht; Backing aus EVA-Schaum mit Zellstruktur f\u00fcr hervorragende Luftzirkulation; Leicht abwaschbar; Fixierter Kn\u00f6chelschutz; Verschluss individuell anpassbar durch anatomisch angebrachten Klettverschluss 35% Polyester, 20% Polyethylen, 20% Ethylen-Vinylacetat, 5% Gummi<\/p>","protected":false},"featured_media":688011,"template":"","meta":[],"product_brand":[],"product_cat":[4196,4209],"product_tag":[],"class_list":{"0":"post-687996","1":"product","2":"type-product","3":"status-publish","4":"has-post-thumbnail","6":"product_cat-schienbeinschoner","7":"product_cat-zubehoer","8":"pa_brand-erima","9":"pa_brand-type-sportswear","10":"pa_filter-color-schwarz","12":"first","13":"instock","14":"sale","15":"taxable","16":"shipping-taxable","17":"purchasable","18":"product-type-variable","19":"add-to-wishlist-before_image"},"exclude_global_add_ons":[],"addons":[],"acf":[],"_links":{"self":[{"href":"https:\/\/shop.kustom.ch\/fr\/wp-json\/wp\/v2\/product\/687996"}],"collection":[{"href":"https:\/\/shop.kustom.ch\/fr\/wp-json\/wp\/v2\/product"}],"about":[{"href":"https:\/\/shop.kustom.ch\/fr\/wp-json\/wp\/v2\/types\/product"}],"wp:featuredmedia":[{"embeddable":true,"href":"https:\/\/shop.kustom.ch\/fr\/wp-json\/wp\/v2\/media\/688011"}],"wp:attachment":[{"href":"https:\/\/shop.kustom.ch\/fr\/wp-json\/wp\/v2\/media?parent=687996"}],"wp:term":[{"taxonomy":"product_brand","embeddable":true,"href":"https:\/\/shop.kustom.ch\/fr\/wp-json\/wp\/v2\/product_brand?post=687996"},{"taxonomy":"product_cat","embeddable":true,"href":"https:\/\/shop.kustom.ch\/fr\/wp-json\/wp\/v2\/product_cat?post=687996"},{"taxonomy":"product_tag","embeddable":true,"href":"https:\/\/shop.kustom.ch\/fr\/wp-json\/wp\/v2\/product_tag?post=687996"}],"curies":[{"name":"wp","href":"https:\/\/api.w.org\/{rel}","templated":true}]}}