{"id":687995,"date":"2026-02-05T20:00:00","date_gmt":"2026-02-05T19:00:00","guid":{"rendered":"https:\/\/shop.kustom.ch\/?post_type=product&#038;p=687995"},"modified":"2026-03-31T12:48:44","modified_gmt":"2026-03-31T11:48:44","slug":"flex-guard-protect-2","status":"publish","type":"product","link":"https:\/\/shop.kustom.ch\/fr\/produit\/flex-guard-protect-2\/","title":{"rendered":"Flex Guard Protect"},"content":{"rendered":"<p>Visi\u00e8re en TPU extr\u00eamement flexible et r\u00e9sistante aux chocs ; Faible poids ; Tr\u00e8s grand confort ; Backing en mousse EVA avec structure cellulaire pour une excellente circulation de l'air ; Facilement lavable ; Facilement fixable gr\u00e2ce aux Tube Socks fournies avec une forte teneur en stretch<br \/>\n40% polyur\u00e9thane thermoplastique, 35% \u00e9thyl\u00e8ne ac\u00e9tate de vinyle, 10 % polyester, 5% caoutchouc<\/p>","protected":false},"excerpt":{"rendered":"<p>Extrem flexibles, schlagfestes TPU-Schild; Geringes Gewicht; Sehr hoher Tragekomfort; Backing aus EVA-Schaum mit Zellstruktur f\u00fcr hervorragende Luftzirkulation; Leicht abwaschbar; Einfach fixierbar durch die mitgelieferten Tube Socks mit hohem Stretch-Anteil 40% Thermoplastisches Polyurethan, 35% Ethylenvinylacetat, 10 % Polyester, 5% Gummi<\/p>","protected":false},"featured_media":688005,"template":"","meta":[],"product_brand":[],"product_cat":[4196,4209],"product_tag":[],"class_list":{"0":"post-687995","1":"product","2":"type-product","3":"status-publish","4":"has-post-thumbnail","6":"product_cat-schienbeinschoner","7":"product_cat-zubehoer","8":"pa_brand-erima","9":"pa_brand-type-sportswear","10":"pa_filter-color-schwarz","12":"first","13":"instock","14":"sale","15":"taxable","16":"shipping-taxable","17":"purchasable","18":"product-type-variable","19":"add-to-wishlist-before_image"},"exclude_global_add_ons":[],"addons":[],"acf":[],"_links":{"self":[{"href":"https:\/\/shop.kustom.ch\/fr\/wp-json\/wp\/v2\/product\/687995"}],"collection":[{"href":"https:\/\/shop.kustom.ch\/fr\/wp-json\/wp\/v2\/product"}],"about":[{"href":"https:\/\/shop.kustom.ch\/fr\/wp-json\/wp\/v2\/types\/product"}],"wp:featuredmedia":[{"embeddable":true,"href":"https:\/\/shop.kustom.ch\/fr\/wp-json\/wp\/v2\/media\/688005"}],"wp:attachment":[{"href":"https:\/\/shop.kustom.ch\/fr\/wp-json\/wp\/v2\/media?parent=687995"}],"wp:term":[{"taxonomy":"product_brand","embeddable":true,"href":"https:\/\/shop.kustom.ch\/fr\/wp-json\/wp\/v2\/product_brand?post=687995"},{"taxonomy":"product_cat","embeddable":true,"href":"https:\/\/shop.kustom.ch\/fr\/wp-json\/wp\/v2\/product_cat?post=687995"},{"taxonomy":"product_tag","embeddable":true,"href":"https:\/\/shop.kustom.ch\/fr\/wp-json\/wp\/v2\/product_tag?post=687995"}],"curies":[{"name":"wp","href":"https:\/\/api.w.org\/{rel}","templated":true}]}}