{"id":687949,"date":"2026-02-05T19:59:20","date_gmt":"2026-02-05T18:59:20","guid":{"rendered":"https:\/\/shop.kustom.ch\/?post_type=product&#038;p=687949"},"modified":"2026-03-31T12:48:43","modified_gmt":"2026-03-31T11:48:43","slug":"flex-guard-2","status":"publish","type":"product","link":"https:\/\/shop.kustom.ch\/fr\/produit\/flex-guard-2\/","title":{"rendered":"Flex Guard"},"content":{"rendered":"<p>Pour un maintien s\u00fbr de tes prot\u00e8ge-tibias.<br \/>\nMat\u00e9riau respirant et \u00e9lastique ; Mat\u00e9riau particuli\u00e8rement bien tol\u00e9r\u00e9 par la peau pour un confort de port \u00e9lev\u00e9 ; \u00c9troitement ajust\u00e9 pour une fixation optimale du prot\u00e8ge-tibia ; Maintien optimal du prot\u00e8ge-tibia m\u00eame sans poche int\u00e9gr\u00e9e<br \/>\n50% Polyur\u00e9thane thermoplastique, 50% Ac\u00e9tate d'\u00e9thyl\u00e8ne vinyle<\/p>","protected":false},"excerpt":{"rendered":"<p>F\u00fcr einen sicheren Sitz deiner Schienbeinschoner. Atmungsaktives, elastisches Material; Besonders hautfreundliches Material f\u00fcr einen hohen Tragekomfort; Eng anliegend f\u00fcr eine optimale Fixierung des Schienbeinschoners; Optimaler Halt der Schienbeinschoner auch ohne eingearbeitete Tasche 50% Thermoplastisches Polyurethan, 50% Ethylenvinylacetat<\/p>","protected":false},"featured_media":687994,"template":"","meta":[],"product_brand":[],"product_cat":[4196,4209],"product_tag":[],"class_list":{"0":"post-687949","1":"product","2":"type-product","3":"status-publish","4":"has-post-thumbnail","6":"product_cat-schienbeinschoner","7":"product_cat-zubehoer","8":"pa_brand-erima","9":"pa_brand-type-sportswear","10":"pa_filter-color-schwarz","12":"first","13":"instock","14":"sale","15":"taxable","16":"shipping-taxable","17":"purchasable","18":"product-type-variable","19":"add-to-wishlist-before_image"},"exclude_global_add_ons":[],"addons":[],"acf":[],"_links":{"self":[{"href":"https:\/\/shop.kustom.ch\/fr\/wp-json\/wp\/v2\/product\/687949"}],"collection":[{"href":"https:\/\/shop.kustom.ch\/fr\/wp-json\/wp\/v2\/product"}],"about":[{"href":"https:\/\/shop.kustom.ch\/fr\/wp-json\/wp\/v2\/types\/product"}],"wp:featuredmedia":[{"embeddable":true,"href":"https:\/\/shop.kustom.ch\/fr\/wp-json\/wp\/v2\/media\/687994"}],"wp:attachment":[{"href":"https:\/\/shop.kustom.ch\/fr\/wp-json\/wp\/v2\/media?parent=687949"}],"wp:term":[{"taxonomy":"product_brand","embeddable":true,"href":"https:\/\/shop.kustom.ch\/fr\/wp-json\/wp\/v2\/product_brand?post=687949"},{"taxonomy":"product_cat","embeddable":true,"href":"https:\/\/shop.kustom.ch\/fr\/wp-json\/wp\/v2\/product_cat?post=687949"},{"taxonomy":"product_tag","embeddable":true,"href":"https:\/\/shop.kustom.ch\/fr\/wp-json\/wp\/v2\/product_tag?post=687949"}],"curies":[{"name":"wp","href":"https:\/\/api.w.org\/{rel}","templated":true}]}}