{"id":687947,"date":"2026-02-05T19:59:20","date_gmt":"2026-02-05T18:59:20","guid":{"rendered":"https:\/\/shop.kustom.ch\/?post_type=product&#038;p=687947"},"modified":"2026-03-31T12:48:34","modified_gmt":"2026-03-31T11:48:34","slug":"magic-white-2","status":"publish","type":"product","link":"https:\/\/shop.kustom.ch\/fr\/produit\/magic-white-2\/","title":{"rendered":"Blanc magique"},"content":{"rendered":"<p>Dessus ECO-PU extr\u00eamement adh\u00e9rent et durable ; Softness parfait gr\u00e2ce \u00e0 trois couches de backing souples ; Couches de backing perfor\u00e9es permettant une adh\u00e9rence encore meilleure (tailles 3 et 2) ; Hi-Tech Hybrid Stitching permettant un arrondi parfait et un comportement de vol incomparable ; Vessie en latex pour un rebond optimal ; Tailles r\u00e9duites pour un contr\u00f4le de balle optimal ; ;<\/p>","protected":false},"excerpt":{"rendered":"<p>Dessus ECO-PU extr\u00eamement adh\u00e9rent et durable ; Softness parfait gr\u00e2ce \u00e0 trois couches de backing souples ; Couches de backing perfor\u00e9es permettant une adh\u00e9rence encore meilleure (tailles 3 et 2) ; Hi-Tech Hybrid Stitching permettant un arrondi parfait et un comportement de vol incomparable ; Vessie en latex pour un rebond optimal ; Tailles r\u00e9duites pour un contr\u00f4le de balle optimal ; ;<\/p>","protected":false},"featured_media":687982,"template":"","meta":[],"product_brand":[],"product_cat":[4175,4209],"product_tag":[],"class_list":{"0":"post-687947","1":"product","2":"type-product","3":"status-publish","4":"has-post-thumbnail","6":"product_cat-baelle","7":"product_cat-zubehoer","8":"pa_brand-erima","9":"pa_brand-type-sportswear","10":"pa_filter-color-rot","12":"first","13":"instock","14":"sale","15":"taxable","16":"shipping-taxable","17":"purchasable","18":"product-type-variable","19":"add-to-wishlist-before_image"},"exclude_global_add_ons":[],"addons":[],"acf":[],"_links":{"self":[{"href":"https:\/\/shop.kustom.ch\/fr\/wp-json\/wp\/v2\/product\/687947"}],"collection":[{"href":"https:\/\/shop.kustom.ch\/fr\/wp-json\/wp\/v2\/product"}],"about":[{"href":"https:\/\/shop.kustom.ch\/fr\/wp-json\/wp\/v2\/types\/product"}],"wp:featuredmedia":[{"embeddable":true,"href":"https:\/\/shop.kustom.ch\/fr\/wp-json\/wp\/v2\/media\/687982"}],"wp:attachment":[{"href":"https:\/\/shop.kustom.ch\/fr\/wp-json\/wp\/v2\/media?parent=687947"}],"wp:term":[{"taxonomy":"product_brand","embeddable":true,"href":"https:\/\/shop.kustom.ch\/fr\/wp-json\/wp\/v2\/product_brand?post=687947"},{"taxonomy":"product_cat","embeddable":true,"href":"https:\/\/shop.kustom.ch\/fr\/wp-json\/wp\/v2\/product_cat?post=687947"},{"taxonomy":"product_tag","embeddable":true,"href":"https:\/\/shop.kustom.ch\/fr\/wp-json\/wp\/v2\/product_tag?post=687947"}],"curies":[{"name":"wp","href":"https:\/\/api.w.org\/{rel}","templated":true}]}}