{"id":687517,"date":"2026-02-05T19:56:32","date_gmt":"2026-02-05T18:56:32","guid":{"rendered":"https:\/\/shop.kustom.ch\/?post_type=product&#038;p=687517"},"modified":"2026-03-31T12:44:43","modified_gmt":"2026-03-31T11:44:43","slug":"rio-2-0-shorts-mit-innenslip-2","status":"publish","type":"product","link":"https:\/\/shop.kustom.ch\/fr\/produit\/rio-2-0-shorts-mit-innenslip-2\/","title":{"rendered":"RIO 2.0 Short avec slip int\u00e9rieur"},"content":{"rendered":"<p>Le classique ERIMA ; Logo ERIMA brod\u00e9 ; Mat\u00e9riau fonctionnel \u00e9lastique de haute qualit\u00e9 ; Avec slip int\u00e9rieur ; Agr\u00e9able \u00e0 porter<br \/>\n100% Polyester<\/p>","protected":false},"excerpt":{"rendered":"<p>Der ERIMA Klassiker; Gesticktes ERIMA Logo; Hochwertiges elastisches Funktionsmaterial; Mit Innenslip; Angenehmer Tragekomfort 100% Polyester<\/p>","protected":false},"featured_media":687530,"template":"","meta":[],"product_brand":[],"product_cat":[4198],"product_tag":[],"class_list":{"0":"post-687517","1":"product","2":"type-product","3":"status-publish","4":"has-post-thumbnail","6":"product_cat-shorts","7":"pa_brand-erima","8":"pa_brand-type-sportswear","9":"pa_filter-color-blau","10":"pa_filter-color-rot","11":"pa_filter-color-schwarz","12":"pa_filter-color-weiss","14":"first","15":"instock","16":"sale","17":"taxable","18":"shipping-taxable","19":"purchasable","20":"product-type-variable","21":"add-to-wishlist-before_image"},"exclude_global_add_ons":[],"addons":[],"acf":[],"_links":{"self":[{"href":"https:\/\/shop.kustom.ch\/fr\/wp-json\/wp\/v2\/product\/687517"}],"collection":[{"href":"https:\/\/shop.kustom.ch\/fr\/wp-json\/wp\/v2\/product"}],"about":[{"href":"https:\/\/shop.kustom.ch\/fr\/wp-json\/wp\/v2\/types\/product"}],"wp:featuredmedia":[{"embeddable":true,"href":"https:\/\/shop.kustom.ch\/fr\/wp-json\/wp\/v2\/media\/687530"}],"wp:attachment":[{"href":"https:\/\/shop.kustom.ch\/fr\/wp-json\/wp\/v2\/media?parent=687517"}],"wp:term":[{"taxonomy":"product_brand","embeddable":true,"href":"https:\/\/shop.kustom.ch\/fr\/wp-json\/wp\/v2\/product_brand?post=687517"},{"taxonomy":"product_cat","embeddable":true,"href":"https:\/\/shop.kustom.ch\/fr\/wp-json\/wp\/v2\/product_cat?post=687517"},{"taxonomy":"product_tag","embeddable":true,"href":"https:\/\/shop.kustom.ch\/fr\/wp-json\/wp\/v2\/product_tag?post=687517"}],"curies":[{"name":"wp","href":"https:\/\/api.w.org\/{rel}","templated":true}]}}