{"id":687363,"date":"2026-02-05T19:55:29","date_gmt":"2026-02-05T18:55:29","guid":{"rendered":"https:\/\/shop.kustom.ch\/?post_type=product&#038;p=687363"},"modified":"2026-03-31T12:43:55","modified_gmt":"2026-03-31T11:43:55","slug":"referee-jersey-shortsleeve","status":"publish","type":"product","link":"https:\/\/shop.kustom.ch\/fr\/produit\/referee-jersey-shortsleeve\/","title":{"rendered":"REFEREE Jersey manches courtes"},"content":{"rendered":"<p>Mat\u00e9riau fonctionnel l\u00e9ger et \u00e0 s\u00e9chage rapide ; Deux poches poitrine int\u00e9gr\u00e9es avec fermeture velcro ; Mat\u00e9riau en mesh dans le dos ; Article unisexe : Les femmes doivent choisir une taille en dessous<br \/>\n100% Polyester (recycl\u00e9)<\/p>","protected":false},"excerpt":{"rendered":"<p>Mat\u00e9riau fonctionnel l\u00e9ger et \u00e0 s\u00e9chage rapide ; Deux poches poitrine int\u00e9gr\u00e9es avec fermeture velcro ; Mat\u00e9riau en mesh dans le dos ; Article unisexe : Les femmes doivent choisir une taille en dessous 100% Polyester (recycl\u00e9)<\/p>","protected":false},"featured_media":687367,"template":"","meta":[],"product_brand":[],"product_cat":[4205],"product_tag":[],"class_list":{"0":"post-687363","1":"product","2":"type-product","3":"status-publish","4":"has-post-thumbnail","6":"product_cat-trikots","7":"pa_brand-erima","8":"pa_brand-type-sportswear","9":"pa_filter-color-gruen","10":"pa_filter-color-orange","11":"pa_filter-color-schwarz","13":"first","14":"instock","15":"sale","16":"taxable","17":"shipping-taxable","18":"purchasable","19":"product-type-variable","20":"add-to-wishlist-before_image"},"exclude_global_add_ons":[],"addons":[],"acf":[],"_links":{"self":[{"href":"https:\/\/shop.kustom.ch\/fr\/wp-json\/wp\/v2\/product\/687363"}],"collection":[{"href":"https:\/\/shop.kustom.ch\/fr\/wp-json\/wp\/v2\/product"}],"about":[{"href":"https:\/\/shop.kustom.ch\/fr\/wp-json\/wp\/v2\/types\/product"}],"wp:featuredmedia":[{"embeddable":true,"href":"https:\/\/shop.kustom.ch\/fr\/wp-json\/wp\/v2\/media\/687367"}],"wp:attachment":[{"href":"https:\/\/shop.kustom.ch\/fr\/wp-json\/wp\/v2\/media?parent=687363"}],"wp:term":[{"taxonomy":"product_brand","embeddable":true,"href":"https:\/\/shop.kustom.ch\/fr\/wp-json\/wp\/v2\/product_brand?post=687363"},{"taxonomy":"product_cat","embeddable":true,"href":"https:\/\/shop.kustom.ch\/fr\/wp-json\/wp\/v2\/product_cat?post=687363"},{"taxonomy":"product_tag","embeddable":true,"href":"https:\/\/shop.kustom.ch\/fr\/wp-json\/wp\/v2\/product_tag?post=687363"}],"curies":[{"name":"wp","href":"https:\/\/api.w.org\/{rel}","templated":true}]}}