{"id":686128,"date":"2026-02-05T19:49:05","date_gmt":"2026-02-05T18:49:05","guid":{"rendered":"https:\/\/shop.kustom.ch\/?post_type=product&#038;p=686128"},"modified":"2026-04-08T15:02:41","modified_gmt":"2026-04-08T14:02:41","slug":"intro-tank-top-function","status":"publish","type":"product","link":"https:\/\/shop.kustom.ch\/fr\/produit\/intro-tank-top-function\/","title":{"rendered":"INTRO D\u00e9bardeur function"},"content":{"rendered":"<p>Optimal pour les journ\u00e9es chaudes - que ce soit sur le terrain de sport, en salle, \u00e0 la gym ou pour le beach-handball, le -volleyball et le -football ; Polyester fonctionnel l\u00e9ger et \u00e0 s\u00e9chage rapide ; Proc\u00e9d\u00e9 de teinture durable Dry Dye sans eau ; Poids : env. 140g\/m\u00b2 ; Article unisexe : Les femmes doivent choisir une taille en dessous<br \/>\n100% Polyester (recycl\u00e9)<\/p>","protected":false},"excerpt":{"rendered":"<p>Optimal pour les journ\u00e9es chaudes - que ce soit sur le terrain de sport, en salle, \u00e0 la gym ou pour le beach-handball, le -volleyball et le -football ; Polyester fonctionnel l\u00e9ger et \u00e0 s\u00e9chage rapide ; Proc\u00e9d\u00e9 de teinture durable Dry Dye sans eau ; Poids : env. 140g\/m\u00b2 ; Article unisexe : Les femmes doivent choisir une taille en dessous 100% Polyester (recycl\u00e9)<\/p>","protected":false},"featured_media":686163,"template":"","meta":[],"product_brand":[],"product_cat":[4202],"product_tag":[],"class_list":{"0":"post-686128","1":"product","2":"type-product","3":"status-publish","4":"has-post-thumbnail","6":"product_cat-tank-tops","7":"pa_brand-erima","8":"pa_brand-type-sportswear","9":"pa_filter-color-blau","10":"pa_filter-color-gruen","11":"pa_filter-color-rot","12":"pa_filter-color-schwarz","13":"pa_filter-color-weiss","15":"first","16":"instock","17":"sale","18":"taxable","19":"shipping-taxable","20":"purchasable","21":"product-type-variable","22":"add-to-wishlist-before_image"},"exclude_global_add_ons":[],"addons":[],"acf":[],"_links":{"self":[{"href":"https:\/\/shop.kustom.ch\/fr\/wp-json\/wp\/v2\/product\/686128"}],"collection":[{"href":"https:\/\/shop.kustom.ch\/fr\/wp-json\/wp\/v2\/product"}],"about":[{"href":"https:\/\/shop.kustom.ch\/fr\/wp-json\/wp\/v2\/types\/product"}],"wp:featuredmedia":[{"embeddable":true,"href":"https:\/\/shop.kustom.ch\/fr\/wp-json\/wp\/v2\/media\/686163"}],"wp:attachment":[{"href":"https:\/\/shop.kustom.ch\/fr\/wp-json\/wp\/v2\/media?parent=686128"}],"wp:term":[{"taxonomy":"product_brand","embeddable":true,"href":"https:\/\/shop.kustom.ch\/fr\/wp-json\/wp\/v2\/product_brand?post=686128"},{"taxonomy":"product_cat","embeddable":true,"href":"https:\/\/shop.kustom.ch\/fr\/wp-json\/wp\/v2\/product_cat?post=686128"},{"taxonomy":"product_tag","embeddable":true,"href":"https:\/\/shop.kustom.ch\/fr\/wp-json\/wp\/v2\/product_tag?post=686128"}],"curies":[{"name":"wp","href":"https:\/\/api.w.org\/{rel}","templated":true}]}}