{"id":685797,"date":"2026-02-05T19:47:43","date_gmt":"2026-02-05T18:47:43","guid":{"rendered":"https:\/\/shop.kustom.ch\/?post_type=product&#038;p=685797"},"modified":"2026-03-31T12:38:54","modified_gmt":"2026-03-31T11:38:54","slug":"intro-shirt-function","status":"publish","type":"product","link":"https:\/\/shop.kustom.ch\/fr\/produit\/intro-shirt-function\/","title":{"rendered":"INTRO Shirt function"},"content":{"rendered":"<p>Notre T-shirt classique de sport d'\u00e9quipe fonctionnel revisit\u00e9 ; Polyester fonctionnel l\u00e9ger et \u00e0 s\u00e9chage rapide ; Design classique uni ; Teinture durable Dry Dye sans eau ; Poids : env. 140g\/m\u00b2.<br \/>\n100% Polyester (recycl\u00e9)<\/p>","protected":false},"excerpt":{"rendered":"<p>Unser klassisches Funktions Teamsport T-Shirt neu \u00fcberarbeitet; Leichtes und schnelltrocknendes Funktionspolyester; Klassisch einfarbiges Design; Nachhaltiges wasserloses Dry Dye F\u00e4rbeverhalten; Gewicht: ca. 140g\/m\u00b2 100% Polyester (recycelt)<\/p>","protected":false},"featured_media":685813,"template":"","meta":[],"product_brand":[],"product_cat":[4193,4201],"product_tag":[],"class_list":{"0":"post-685797","1":"product","2":"type-product","3":"status-publish","4":"has-post-thumbnail","6":"product_cat-polos","7":"product_cat-t-shirts","8":"pa_brand-erima","9":"pa_brand-type-sportswear","10":"pa_filter-color-blau","11":"pa_filter-color-gelb","12":"pa_filter-color-grau","13":"pa_filter-color-gruen","14":"pa_filter-color-orange","15":"pa_filter-color-pink","16":"pa_filter-color-rot","17":"pa_filter-color-schwarz","18":"pa_filter-color-violet","19":"pa_filter-color-weiss","21":"first","22":"instock","23":"sale","24":"taxable","25":"shipping-taxable","26":"purchasable","27":"product-type-variable","28":"add-to-wishlist-before_image"},"exclude_global_add_ons":[],"addons":[],"acf":[],"_links":{"self":[{"href":"https:\/\/shop.kustom.ch\/fr\/wp-json\/wp\/v2\/product\/685797"}],"collection":[{"href":"https:\/\/shop.kustom.ch\/fr\/wp-json\/wp\/v2\/product"}],"about":[{"href":"https:\/\/shop.kustom.ch\/fr\/wp-json\/wp\/v2\/types\/product"}],"wp:featuredmedia":[{"embeddable":true,"href":"https:\/\/shop.kustom.ch\/fr\/wp-json\/wp\/v2\/media\/685813"}],"wp:attachment":[{"href":"https:\/\/shop.kustom.ch\/fr\/wp-json\/wp\/v2\/media?parent=685797"}],"wp:term":[{"taxonomy":"product_brand","embeddable":true,"href":"https:\/\/shop.kustom.ch\/fr\/wp-json\/wp\/v2\/product_brand?post=685797"},{"taxonomy":"product_cat","embeddable":true,"href":"https:\/\/shop.kustom.ch\/fr\/wp-json\/wp\/v2\/product_cat?post=685797"},{"taxonomy":"product_tag","embeddable":true,"href":"https:\/\/shop.kustom.ch\/fr\/wp-json\/wp\/v2\/product_tag?post=685797"}],"curies":[{"name":"wp","href":"https:\/\/api.w.org\/{rel}","templated":true}]}}