{"id":684027,"date":"2026-02-05T16:04:37","date_gmt":"2026-02-05T15:04:37","guid":{"rendered":"https:\/\/shop.kustom.ch\/?post_type=product&#038;p=684027"},"modified":"2026-03-30T14:39:32","modified_gmt":"2026-03-30T13:39:32","slug":"sicherheitsstiefel-footwear-4","status":"publish","type":"product","link":"https:\/\/shop.kustom.ch\/fr\/produit\/sicherheitsstiefel-footwear-4\/","title":{"rendered":"Bottes de s\u00e9curit\u00e9 FOOTWEAR"},"content":{"rendered":"<p>Se ferme et s'ouvre avec le BOA\u00ae Fit System, un syst\u00e8me compos\u00e9 d'un bouton rotatif, d'un c\u00e2ble et de guides de lacet. Embout de protection en aluminium, de forme ergonomique. Semelle interm\u00e9diaire en PU. Semelle ext\u00e9rieure en caoutchouc avec inserts en caoutchouc \u00e0 friction. Les semelles int\u00e9rieures sont interchangeables, antistatiques et r\u00e9sistantes. L'humidit\u00e9 est absorb\u00e9e et efficacement restitu\u00e9e. Protection des pointes en TPU, inject\u00e9e. Semelle r\u00e9sistante \u00e0 l'huile et \u00e0 l'essence. La semelle r\u00e9siste \u00e0 une chaleur de contact de 300\u00b0C. Bord du talon. Semelle int\u00e9rieure, amortissant les chocs. Doublure int\u00e9rieure isolante gr\u00e2ce \u00e0 l'isolation Thinsulate\u2122. Membrane imperm\u00e9able en tissu MASCOTEX\u00ae. Tissu ext\u00e9rieur hydrofuge et respirant. Convient pour le travail \u00e0 genoux. Embout arri\u00e8re de protection. Test\u00e9 ESD selon EN IEC 61340-4-3 : 2018, EN 61340-5-1 : 2016.<\/p>\n<p>Classe de s\u00e9curit\u00e9 S7S ; Semelle r\u00e9sistante aux huiles et aux hydrocarbures (FO) ; Antid\u00e9rapant (SR) ; Semelle ext\u00e9rieure r\u00e9sistante \u00e0 la chaleur (HRO) ; Chaussure isolante contre la chaleur (HI) ; Chaussure isolante contre le froid (CI) ; Surchaussure r\u00e9sistante \u00e0 l'usure (SC) ; Bord du talon (LG) ; Dissipation de l'\u00e9lectricit\u00e9 statique (ESD) ; EN ISO 20345 : 2022<br \/>\nCuir sup\u00e9rieur de buffle pleine fleur<br \/>\nTaille 1042 : 841 g<\/p>\n<p><a href=\"https:\/\/mascotsitecore-1ccb8.kxcdn.com\/pdf\/F1105-902-09-de.pdf\" target=\"_blank\" rel=\"noopener\"><u>Ouvrir la fiche produit<\/u><\/a><\/p>","protected":false},"excerpt":{"rendered":"<ul>\n<li>Botte de s\u00e9curit\u00e9 r\u00e9sistante en cuir souple et flexible pour tous ceux qui travaillent dans des environnements froids.<\/li>\n<li>La botte isole du froid et de la chaleur, est imperm\u00e9able et respirante, de sorte qu'il n'est pas n\u00e9cessaire de se laisser arr\u00eater par le temps.<\/li>\n<li>La semelle ext\u00e9rieure antid\u00e9rapante et r\u00e9sistante \u00e0 la chaleur (jusqu'\u00e0 300\u00b0C de chaleur de contact) avec bord de talon pour une bonne stabilit\u00e9 sur les \u00e9chelles assure une bonne adh\u00e9rence sur les surfaces glissantes.<\/li>\n<li>L'embout de talon en TPU et le prot\u00e8ge-pointe en TPU vous offrent une protection optimale et rendent la chaussure particuli\u00e8rement r\u00e9sistante.<\/li>\n<li>Bon ajustement gr\u00e2ce au syst\u00e8me BOA\u00ae Fit.<\/li>\n<\/ul>","protected":false},"featured_media":684052,"template":"","meta":[],"product_brand":[],"product_cat":[4197],"product_tag":[],"class_list":{"0":"post-684027","1":"product","2":"type-product","3":"status-publish","4":"has-post-thumbnail","6":"product_cat-schuhe-sandalen","7":"pa_brand-mascot","8":"pa_brand-type-workwear","9":"pa_filter-color-schwarz","11":"first","12":"instock","13":"sale","14":"taxable","15":"shipping-taxable","16":"purchasable","17":"product-type-variable","18":"add-to-wishlist-before_image"},"exclude_global_add_ons":[],"addons":[],"acf":[],"_links":{"self":[{"href":"https:\/\/shop.kustom.ch\/fr\/wp-json\/wp\/v2\/product\/684027"}],"collection":[{"href":"https:\/\/shop.kustom.ch\/fr\/wp-json\/wp\/v2\/product"}],"about":[{"href":"https:\/\/shop.kustom.ch\/fr\/wp-json\/wp\/v2\/types\/product"}],"wp:featuredmedia":[{"embeddable":true,"href":"https:\/\/shop.kustom.ch\/fr\/wp-json\/wp\/v2\/media\/684052"}],"wp:attachment":[{"href":"https:\/\/shop.kustom.ch\/fr\/wp-json\/wp\/v2\/media?parent=684027"}],"wp:term":[{"taxonomy":"product_brand","embeddable":true,"href":"https:\/\/shop.kustom.ch\/fr\/wp-json\/wp\/v2\/product_brand?post=684027"},{"taxonomy":"product_cat","embeddable":true,"href":"https:\/\/shop.kustom.ch\/fr\/wp-json\/wp\/v2\/product_cat?post=684027"},{"taxonomy":"product_tag","embeddable":true,"href":"https:\/\/shop.kustom.ch\/fr\/wp-json\/wp\/v2\/product_tag?post=684027"}],"curies":[{"name":"wp","href":"https:\/\/api.w.org\/{rel}","templated":true}]}}