{"id":683901,"date":"2026-02-05T16:03:34","date_gmt":"2026-02-05T15:03:34","guid":{"rendered":"https:\/\/shop.kustom.ch\/?post_type=product&#038;p=683901"},"modified":"2026-03-30T14:37:42","modified_gmt":"2026-03-30T13:37:42","slug":"einlegesohlen-footwear-accessories-6","status":"publish","type":"product","link":"https:\/\/shop.kustom.ch\/fr\/produit\/einlegesohlen-footwear-accessories-6\/","title":{"rendered":"Semelles int\u00e9rieures FOOTWEAR ACCESSORIES"},"content":{"rendered":"<p>Semelle int\u00e9rieure amortissante, l\u00e9g\u00e8re et flexible. Perm\u00e9able \u00e0 l'air. Soutien de la vo\u00fbte plantaire. Pour les pieds \u00e0 vo\u00fbte plantaire haute. Test\u00e9 ESD.<\/p>\n<p>Dissipation de l'\u00e9lectricit\u00e9 statique (ESD)<br \/>\nMousse PU Tech \u00e0 cellules ouvertes<br \/>\nNe pas laver ; Ne pas blanchir ; Ne pas s\u00e9cher au s\u00e8che-linge ; Ne pas repasser ; Ne convient pas au nettoyage \u00e0 sec<\/p>\n<p><a href=\"https:\/\/mascotsitecore-1ccb8.kxcdn.com\/pdf\/FT102-276-09-de.pdf\" target=\"_blank\" rel=\"noopener\"><u>Ouvrir la fiche produit<\/u><\/a><\/p>","protected":false},"excerpt":{"rendered":"<ul>\n<li>Pour les pieds \u00e0 vo\u00fbte plantaire haute - offre un soutien suppl\u00e9mentaire au niveau de la vo\u00fbte plantaire et soulage le talon et l'avant-pied.<\/li>\n<li>Support de vo\u00fbte plantaire en PA moul\u00e9 par compression.<\/li>\n<li>Absorbe particuli\u00e8rement bien les chocs et \u00e9vacue l'humidit\u00e9.<\/li>\n<li>Rembourrage amortissant sous le talon pour plus de confort.<\/li>\n<li>Respirant gr\u00e2ce \u00e0 de petits trous d'a\u00e9ration.<\/li>\n<li>Test\u00e9 ESD.<\/li>\n<\/ul>","protected":false},"featured_media":683914,"template":"","meta":[],"product_brand":[],"product_cat":[4209],"product_tag":[],"class_list":{"0":"post-683901","1":"product","2":"type-product","3":"status-publish","4":"has-post-thumbnail","6":"product_cat-zubehoer","7":"pa_brand-mascot","8":"pa_brand-type-workwear","9":"pa_filter-color-schwarz","11":"first","12":"instock","13":"sale","14":"taxable","15":"shipping-taxable","16":"purchasable","17":"product-type-variable","18":"add-to-wishlist-before_image"},"exclude_global_add_ons":[],"addons":[],"acf":[],"_links":{"self":[{"href":"https:\/\/shop.kustom.ch\/fr\/wp-json\/wp\/v2\/product\/683901"}],"collection":[{"href":"https:\/\/shop.kustom.ch\/fr\/wp-json\/wp\/v2\/product"}],"about":[{"href":"https:\/\/shop.kustom.ch\/fr\/wp-json\/wp\/v2\/types\/product"}],"wp:featuredmedia":[{"embeddable":true,"href":"https:\/\/shop.kustom.ch\/fr\/wp-json\/wp\/v2\/media\/683914"}],"wp:attachment":[{"href":"https:\/\/shop.kustom.ch\/fr\/wp-json\/wp\/v2\/media?parent=683901"}],"wp:term":[{"taxonomy":"product_brand","embeddable":true,"href":"https:\/\/shop.kustom.ch\/fr\/wp-json\/wp\/v2\/product_brand?post=683901"},{"taxonomy":"product_cat","embeddable":true,"href":"https:\/\/shop.kustom.ch\/fr\/wp-json\/wp\/v2\/product_cat?post=683901"},{"taxonomy":"product_tag","embeddable":true,"href":"https:\/\/shop.kustom.ch\/fr\/wp-json\/wp\/v2\/product_tag?post=683901"}],"curies":[{"name":"wp","href":"https:\/\/api.w.org\/{rel}","templated":true}]}}