{"id":683729,"date":"2026-02-05T15:39:57","date_gmt":"2026-02-05T14:39:57","guid":{"rendered":"https:\/\/shop.kustom.ch\/?post_type=product&#038;p=683729"},"modified":"2026-03-30T13:09:42","modified_gmt":"2026-03-30T12:09:42","slug":"sweatshirt-accelerate-3","status":"publish","type":"product","link":"https:\/\/shop.kustom.ch\/fr\/produit\/sweatshirt-accelerate-3\/","title":{"rendered":"Sweat-shirt ACCELERATE"},"content":{"rendered":"<p>Premium. Fluorescent et avec des reflets obliques. Bicolore, avec des couleurs vives. Coupe moderne. Coton agr\u00e9able \u00e0 l'int\u00e9rieur et polyester r\u00e9sistant avec stretch \u00e0 l'ext\u00e9rieur. Motif jacquard carr\u00e9. Les reflets sont \u00e9lastiques. Encolure ronde. Bords c\u00f4tes au cou. Garniture de la nuque. Bandeau sur la nuque. Bande \u00e9lastique aux poignets et \u00e0 l'ourlet inf\u00e9rieur.<\/p>\n<p>OEKO-TEX\u00ae STANDARD 100 ; EN ISO 20471 - classe 1 ; EN 13758-2 UPF 40+ ; Hi-Vis groupe B<br \/>\n50% Polyester recycl\u00e9\/50% Coton<br \/>\nTricot au m\u00e8tre. Peut r\u00e9tr\u00e9cir jusqu'\u00e0 5%. Le produit est certifi\u00e9 selon la norme EN ISO 20471 qu'il conserve ses propri\u00e9t\u00e9s pendant 50 lavages \u00e0 domicile.<br \/>\n260 g\/m<br \/>\nLavage de couleur, max. 60\u00b0 C ; Pas de blanchiment ; Supporte le s\u00e8che-linge - temp\u00e9rature de d\u00e9part max. 60\u00b0 C ; Pas de repassage ; Supporte le nettoyage normal<\/p>\n<p><a href=\"https:\/\/mascotsitecore-1ccb8.kxcdn.com\/pdf\/25084-781-01014-de.pdf\" target=\"_blank\" rel=\"noopener\"><u>Ouvrir la fiche produit<\/u><\/a><\/p>","protected":false},"excerpt":{"rendered":"<ul>\n<li>Ce tissu est compos\u00e9 de polyester \u00e0 l'ext\u00e9rieur pour plus de r\u00e9sistance et de solidit\u00e9 des couleurs et de coton \u00e0 l'int\u00e9rieur pour plus de confort.<\/li>\n<li>Coupe moderne, pr\u00e8s du corps, offrant une grande libert\u00e9 de mouvement.<\/li>\n<li>Plus de libert\u00e9 de mouvement gr\u00e2ce \u00e0 des r\u00e9flexes \u00e9lastiques.<\/li>\n<li>Ruban au-dessus de la couture dans la nuque pour que la couture ne g\u00eane pas.<\/li>\n<\/ul>","protected":false},"featured_media":683783,"template":"","meta":[],"product_brand":[],"product_cat":[4191],"product_tag":[],"class_list":{"0":"post-683729","1":"product","2":"type-product","3":"status-publish","4":"has-post-thumbnail","6":"product_cat-longsleeves-sweatshirts","7":"pa_brand-mascot","8":"pa_brand-type-workwear","9":"pa_filter-color-gelb","10":"pa_filter-color-orange","11":"pa_filter-color-schwarz","13":"first","14":"instock","15":"sale","16":"taxable","17":"shipping-taxable","18":"purchasable","19":"product-type-variable","20":"add-to-wishlist-before_image"},"exclude_global_add_ons":[],"addons":[],"acf":[],"_links":{"self":[{"href":"https:\/\/shop.kustom.ch\/fr\/wp-json\/wp\/v2\/product\/683729"}],"collection":[{"href":"https:\/\/shop.kustom.ch\/fr\/wp-json\/wp\/v2\/product"}],"about":[{"href":"https:\/\/shop.kustom.ch\/fr\/wp-json\/wp\/v2\/types\/product"}],"wp:featuredmedia":[{"embeddable":true,"href":"https:\/\/shop.kustom.ch\/fr\/wp-json\/wp\/v2\/media\/683783"}],"wp:attachment":[{"href":"https:\/\/shop.kustom.ch\/fr\/wp-json\/wp\/v2\/media?parent=683729"}],"wp:term":[{"taxonomy":"product_brand","embeddable":true,"href":"https:\/\/shop.kustom.ch\/fr\/wp-json\/wp\/v2\/product_brand?post=683729"},{"taxonomy":"product_cat","embeddable":true,"href":"https:\/\/shop.kustom.ch\/fr\/wp-json\/wp\/v2\/product_cat?post=683729"},{"taxonomy":"product_tag","embeddable":true,"href":"https:\/\/shop.kustom.ch\/fr\/wp-json\/wp\/v2\/product_tag?post=683729"}],"curies":[{"name":"wp","href":"https:\/\/api.w.org\/{rel}","templated":true}]}}