{"id":683425,"date":"2026-02-05T15:32:40","date_gmt":"2026-02-05T14:32:40","guid":{"rendered":"https:\/\/shop.kustom.ch\/?post_type=product&#038;p=683425"},"modified":"2026-03-30T12:52:39","modified_gmt":"2026-03-30T11:52:39","slug":"werkzeugweste-accelerate","status":"publish","type":"product","link":"https:\/\/shop.kustom.ch\/fr\/produit\/werkzeugweste-accelerate\/","title":{"rendered":"Gilet porte-outils ACCELERATE"},"content":{"rendered":"<p>Bicolore, il est tr\u00e8s r\u00e9sistant. Antistatique et ignifuge. Fluorescent avec reflets. Pr\u00e9par\u00e9 pour les poches suspendues avec syst\u00e8me Click Pocket. Fermeture avec fermeture \u00e9clair, double rabat de protection contre les intemp\u00e9ries et boutons-pression cach\u00e9s. Poche poitrine pour t\u00e9l\u00e9phone portable avec rabat. Pr\u00e9par\u00e9e pour la fixation d'un porte-cartes d'identit\u00e9. Poches poitrine.<\/p>\n<p>OEKO-TEX\u00ae STANDARD 100 ; *EN 1149-5 (test\u00e9 selon EN 1149-3) ; *EN ISO 11612 (A1, B1, C1, F1) ; *EN 61482-1-1 (ELIM 10 cal\/cm\u00b2, ATPV 11 cal\/cm\u00b2) ; *EN 61482-1-2 APC 1 ; EN ISO 20471 - classe 1 ; Hi-Vis groupe C ; ProWash\u00ae.<br \/>\n44% Modacryl\/30% Coton\/20% Polyamide\/5% Aramide\/1% Fibres de carbone<br \/>\nLe ripstop est un tissu r\u00e9sistant. Le produit est certifi\u00e9 selon la norme EN ISO 20471 comme conservant ses propri\u00e9t\u00e9s apr\u00e8s 50 lavages \u00e0 domicile ou 40 lavages industriels. Pour respecter la norme EN 13034, il est recommand\u00e9 d'appliquer une impr\u00e9gnation d\u00e8s le premier lavage.<br \/>\n260 g\/m<br \/>\nLavage de couleur, max. 60\u00b0 C ; Pas de blanchiment ; Supporte le s\u00e8che-linge - temp\u00e9rature de d\u00e9part max. 80\u00b0 C ; Pas de repassage ; Ne convient pas au nettoyage \u00e0 sec<\/p>\n<p><a href=\"https:\/\/mascotsitecore-1ccb8.kxcdn.com\/pdf\/21389-281-17010-de.pdf\" target=\"_blank\" rel=\"noopener\"><u>Ouvrir la fiche produit<\/u><\/a><\/p>","protected":false},"excerpt":{"rendered":"<ul>\n<li>Haute protection gr\u00e2ce aux propri\u00e9t\u00e9s antistatiques et ignifuges.<\/li>\n<li>Fermeture avec fermeture \u00e9clair et rabat de protection contre les intemp\u00e9ries.<\/li>\n<li>Fixation simple des sacs suspendus gr\u00e2ce au syst\u00e8me Click Pocket.<\/li>\n<li>Convient pour le lavage industriel.<\/li>\n<\/ul>","protected":false},"featured_media":683426,"template":"","meta":[],"product_brand":[],"product_cat":[4208],"product_tag":[],"class_list":{"0":"post-683425","1":"product","2":"type-product","3":"status-publish","4":"has-post-thumbnail","6":"product_cat-westen","7":"pa_brand-mascot","8":"pa_brand-type-workwear","9":"pa_filter-color-blau","10":"pa_filter-color-gelb","11":"pa_filter-color-schwarz","13":"first","14":"instock","15":"sale","16":"taxable","17":"shipping-taxable","18":"purchasable","19":"product-type-variable","20":"add-to-wishlist-before_image"},"exclude_global_add_ons":[],"addons":[],"acf":[],"_links":{"self":[{"href":"https:\/\/shop.kustom.ch\/fr\/wp-json\/wp\/v2\/product\/683425"}],"collection":[{"href":"https:\/\/shop.kustom.ch\/fr\/wp-json\/wp\/v2\/product"}],"about":[{"href":"https:\/\/shop.kustom.ch\/fr\/wp-json\/wp\/v2\/types\/product"}],"wp:featuredmedia":[{"embeddable":true,"href":"https:\/\/shop.kustom.ch\/fr\/wp-json\/wp\/v2\/media\/683426"}],"wp:attachment":[{"href":"https:\/\/shop.kustom.ch\/fr\/wp-json\/wp\/v2\/media?parent=683425"}],"wp:term":[{"taxonomy":"product_brand","embeddable":true,"href":"https:\/\/shop.kustom.ch\/fr\/wp-json\/wp\/v2\/product_brand?post=683425"},{"taxonomy":"product_cat","embeddable":true,"href":"https:\/\/shop.kustom.ch\/fr\/wp-json\/wp\/v2\/product_cat?post=683425"},{"taxonomy":"product_tag","embeddable":true,"href":"https:\/\/shop.kustom.ch\/fr\/wp-json\/wp\/v2\/product_tag?post=683425"}],"curies":[{"name":"wp","href":"https:\/\/api.w.org\/{rel}","templated":true}]}}