{"id":683165,"date":"2026-02-02T14:14:17","date_gmt":"2026-02-02T13:14:17","guid":{"rendered":"https:\/\/shop.kustom.ch\/?post_type=product&#038;p=683165"},"modified":"2026-04-01T07:33:51","modified_gmt":"2026-04-01T06:33:51","slug":"maik-zunft-shorts-extra-kurz","status":"publish","type":"product","link":"https:\/\/shop.kustom.ch\/fr\/produit\/maik-zunft-shorts-extra-kurz\/","title":{"rendered":"MAIK Zunft-Shorts extra court"},"content":{"rendered":"<p>Mat\u00e9riau : 1.tissu ext\u00e9rieur : coton 50%, polyester 50%<br \/>\n2. tissu ext\u00e9rieur : 100% polyamide (Cordura)<\/p>","protected":false},"excerpt":{"rendered":"<p>Mat\u00e9riau : 1. tissu ext\u00e9rieur : 50% coton, 50% polyester 2. tissu ext\u00e9rieur : 100% polyamide (Cordura)<\/p>","protected":false},"featured_media":683247,"template":"","meta":[],"product_brand":[],"product_cat":[4185],"product_tag":[],"class_list":{"0":"post-683165","1":"product","2":"type-product","3":"status-publish","4":"has-post-thumbnail","6":"product_cat-hosen","7":"pa_brand-fhb","8":"pa_brand-type-workwear","9":"pa_filter-color-schwarz","11":"first","12":"instock","13":"sale","14":"taxable","15":"shipping-taxable","16":"purchasable","17":"product-type-variable","18":"add-to-wishlist-before_image"},"exclude_global_add_ons":[],"addons":[],"acf":[],"_links":{"self":[{"href":"https:\/\/shop.kustom.ch\/fr\/wp-json\/wp\/v2\/product\/683165"}],"collection":[{"href":"https:\/\/shop.kustom.ch\/fr\/wp-json\/wp\/v2\/product"}],"about":[{"href":"https:\/\/shop.kustom.ch\/fr\/wp-json\/wp\/v2\/types\/product"}],"wp:featuredmedia":[{"embeddable":true,"href":"https:\/\/shop.kustom.ch\/fr\/wp-json\/wp\/v2\/media\/683247"}],"wp:attachment":[{"href":"https:\/\/shop.kustom.ch\/fr\/wp-json\/wp\/v2\/media?parent=683165"}],"wp:term":[{"taxonomy":"product_brand","embeddable":true,"href":"https:\/\/shop.kustom.ch\/fr\/wp-json\/wp\/v2\/product_brand?post=683165"},{"taxonomy":"product_cat","embeddable":true,"href":"https:\/\/shop.kustom.ch\/fr\/wp-json\/wp\/v2\/product_cat?post=683165"},{"taxonomy":"product_tag","embeddable":true,"href":"https:\/\/shop.kustom.ch\/fr\/wp-json\/wp\/v2\/product_tag?post=683165"}],"curies":[{"name":"wp","href":"https:\/\/api.w.org\/{rel}","templated":true}]}}