{"id":682317,"date":"2026-01-29T15:03:50","date_gmt":"2026-01-29T14:03:50","guid":{"rendered":"https:\/\/shop.kustom.ch\/?post_type=product&#038;p=682317"},"modified":"2026-03-31T16:06:44","modified_gmt":"2026-03-31T15:06:44","slug":"tracksuit-jacke-wardrobe","status":"publish","type":"product","link":"https:\/\/shop.kustom.ch\/fr\/produit\/tracksuit-jacke-wardrobe\/","title":{"rendered":"Veste de surv\u00eatement Wardrobe"},"content":{"rendered":"<p>Logo r\u00e9tro JAKO de l'ann\u00e9e 1992<br \/>\nBas des manches avec bord-c\u00f4te<br \/>\nPoches lat\u00e9rales zipp\u00e9es<br \/>\nLogo JAKO en contraste<br \/>\nPolyester interlock<br \/>\n93 % polyester (recycl\u00e9), 7 % \u00e9lasthanne<br \/>\n275 g\/m<\/p>","protected":false},"excerpt":{"rendered":"<p>Logo r\u00e9tro JAKO de 1992 Finition des manches en bord-c\u00f4te Poches lat\u00e9rales zipp\u00e9es Logo JAKO contrast\u00e9 Polyester Interlock 93 % polyester (recycl\u00e9), 7 % \u00e9lasthanne 275 g\/m\u00b2.<\/p>","protected":false},"featured_media":682342,"template":"","meta":[],"product_brand":[],"product_cat":[4186],"product_tag":[],"class_list":{"0":"post-682317","1":"product","2":"type-product","3":"status-publish","4":"has-post-thumbnail","6":"product_cat-jacken","7":"pa_brand-jako","8":"pa_brand-type-sportswear","9":"pa_filter-color-blau","10":"pa_filter-color-rot","11":"pa_filter-color-schwarz","12":"pa_filter-color-weiss","14":"first","15":"instock","16":"sale","17":"taxable","18":"shipping-taxable","19":"purchasable","20":"product-type-variable","21":"add-to-wishlist-before_image"},"exclude_global_add_ons":[],"addons":[],"acf":[],"_links":{"self":[{"href":"https:\/\/shop.kustom.ch\/fr\/wp-json\/wp\/v2\/product\/682317"}],"collection":[{"href":"https:\/\/shop.kustom.ch\/fr\/wp-json\/wp\/v2\/product"}],"about":[{"href":"https:\/\/shop.kustom.ch\/fr\/wp-json\/wp\/v2\/types\/product"}],"wp:featuredmedia":[{"embeddable":true,"href":"https:\/\/shop.kustom.ch\/fr\/wp-json\/wp\/v2\/media\/682342"}],"wp:attachment":[{"href":"https:\/\/shop.kustom.ch\/fr\/wp-json\/wp\/v2\/media?parent=682317"}],"wp:term":[{"taxonomy":"product_brand","embeddable":true,"href":"https:\/\/shop.kustom.ch\/fr\/wp-json\/wp\/v2\/product_brand?post=682317"},{"taxonomy":"product_cat","embeddable":true,"href":"https:\/\/shop.kustom.ch\/fr\/wp-json\/wp\/v2\/product_cat?post=682317"},{"taxonomy":"product_tag","embeddable":true,"href":"https:\/\/shop.kustom.ch\/fr\/wp-json\/wp\/v2\/product_tag?post=682317"}],"curies":[{"name":"wp","href":"https:\/\/api.w.org\/{rel}","templated":true}]}}