{"id":682185,"date":"2026-01-29T15:03:08","date_gmt":"2026-01-29T14:03:08","guid":{"rendered":"https:\/\/shop.kustom.ch\/?post_type=product&#038;p=682185"},"modified":"2026-03-31T16:06:41","modified_gmt":"2026-03-31T15:06:41","slug":"freizeitjacke-one","status":"publish","type":"product","link":"https:\/\/shop.kustom.ch\/fr\/produit\/freizeitjacke-one\/","title":{"rendered":"Veste de loisirs One"},"content":{"rendered":"<p>JAKO Dots sur l'\u00e9paule<br \/>\nId\u00e9al pour la finition<br \/>\nLogo JAKO sur la poitrine droite<br \/>\nPoches lat\u00e9rales avec fermeture \u00e9clair<br \/>\nMicro-Twill<br \/>\n100 % polyester (recycl\u00e9)<\/p>","protected":false},"excerpt":{"rendered":"<p>Dots JAKO sur l'\u00e9paule Id\u00e9al pour la personnalisation Logo JAKO sur la poitrine droite Poches lat\u00e9rales avec fermeture \u00e9clair Micro-Twill 100 % polyester (recycl\u00e9)<\/p>","protected":false},"featured_media":682214,"template":"","meta":[],"product_brand":[],"product_cat":[4186],"product_tag":[],"class_list":{"0":"post-682185","1":"product","2":"type-product","3":"status-publish","4":"has-post-thumbnail","6":"product_cat-jacken","7":"pa_brand-jako","8":"pa_brand-type-sportswear","9":"pa_filter-color-blau","10":"pa_filter-color-gelb","11":"pa_filter-color-grau","12":"pa_filter-color-gruen","13":"pa_filter-color-orange","14":"pa_filter-color-pink","15":"pa_filter-color-rot","16":"pa_filter-color-schwarz","17":"pa_filter-color-violet","18":"pa_filter-color-weiss","20":"first","21":"instock","22":"sale","23":"taxable","24":"shipping-taxable","25":"purchasable","26":"product-type-variable","27":"add-to-wishlist-before_image"},"exclude_global_add_ons":[],"addons":[],"acf":[],"_links":{"self":[{"href":"https:\/\/shop.kustom.ch\/fr\/wp-json\/wp\/v2\/product\/682185"}],"collection":[{"href":"https:\/\/shop.kustom.ch\/fr\/wp-json\/wp\/v2\/product"}],"about":[{"href":"https:\/\/shop.kustom.ch\/fr\/wp-json\/wp\/v2\/types\/product"}],"wp:featuredmedia":[{"embeddable":true,"href":"https:\/\/shop.kustom.ch\/fr\/wp-json\/wp\/v2\/media\/682214"}],"wp:attachment":[{"href":"https:\/\/shop.kustom.ch\/fr\/wp-json\/wp\/v2\/media?parent=682185"}],"wp:term":[{"taxonomy":"product_brand","embeddable":true,"href":"https:\/\/shop.kustom.ch\/fr\/wp-json\/wp\/v2\/product_brand?post=682185"},{"taxonomy":"product_cat","embeddable":true,"href":"https:\/\/shop.kustom.ch\/fr\/wp-json\/wp\/v2\/product_cat?post=682185"},{"taxonomy":"product_tag","embeddable":true,"href":"https:\/\/shop.kustom.ch\/fr\/wp-json\/wp\/v2\/product_tag?post=682185"}],"curies":[{"name":"wp","href":"https:\/\/api.w.org\/{rel}","templated":true}]}}