{"id":682007,"date":"2026-01-29T15:02:02","date_gmt":"2026-01-29T14:02:02","guid":{"rendered":"https:\/\/shop.kustom.ch\/?post_type=product&#038;p=682007"},"modified":"2026-03-31T16:06:06","modified_gmt":"2026-03-31T15:06:06","slug":"polyesterjacke-one-bambini","status":"publish","type":"product","link":"https:\/\/shop.kustom.ch\/fr\/produit\/polyesterjacke-one-bambini\/","title":{"rendered":"Veste en polyester One Bambini"},"content":{"rendered":"<p>JAKO Dots sur l'\u00e9paule<br \/>\nId\u00e9al pour la finition<br \/>\nLogo JAKO sur la poitrine droite<br \/>\nbas de la veste et des manches en bord-c\u00f4te<br \/>\nPoches lat\u00e9rales<br \/>\nTricot de polyester brillant<br \/>\n100 % polyester (recycl\u00e9)<\/p>","protected":false},"excerpt":{"rendered":"<p>Dots JAKO sur l'\u00e9paule Id\u00e9al pour la personnalisation Logo JAKO sur la poitrine droite Bas de la veste et des manches avec c\u00f4tes Poches lat\u00e9rales Tricot polyester brillant 100 % polyester (recycl\u00e9)<\/p>","protected":false},"featured_media":682062,"template":"","meta":[],"product_brand":[],"product_cat":[4186],"product_tag":[],"class_list":{"0":"post-682007","1":"product","2":"type-product","3":"status-publish","4":"has-post-thumbnail","6":"product_cat-jacken","7":"pa_brand-jako","8":"pa_brand-type-sportswear","9":"pa_filter-color-blau","10":"pa_filter-color-gruen","11":"pa_filter-color-rot","12":"pa_filter-color-schwarz","14":"first","15":"instock","16":"sale","17":"taxable","18":"shipping-taxable","19":"purchasable","20":"product-type-variable","21":"add-to-wishlist-before_image"},"exclude_global_add_ons":[],"addons":[],"acf":[],"_links":{"self":[{"href":"https:\/\/shop.kustom.ch\/fr\/wp-json\/wp\/v2\/product\/682007"}],"collection":[{"href":"https:\/\/shop.kustom.ch\/fr\/wp-json\/wp\/v2\/product"}],"about":[{"href":"https:\/\/shop.kustom.ch\/fr\/wp-json\/wp\/v2\/types\/product"}],"wp:featuredmedia":[{"embeddable":true,"href":"https:\/\/shop.kustom.ch\/fr\/wp-json\/wp\/v2\/media\/682062"}],"wp:attachment":[{"href":"https:\/\/shop.kustom.ch\/fr\/wp-json\/wp\/v2\/media?parent=682007"}],"wp:term":[{"taxonomy":"product_brand","embeddable":true,"href":"https:\/\/shop.kustom.ch\/fr\/wp-json\/wp\/v2\/product_brand?post=682007"},{"taxonomy":"product_cat","embeddable":true,"href":"https:\/\/shop.kustom.ch\/fr\/wp-json\/wp\/v2\/product_cat?post=682007"},{"taxonomy":"product_tag","embeddable":true,"href":"https:\/\/shop.kustom.ch\/fr\/wp-json\/wp\/v2\/product_tag?post=682007"}],"curies":[{"name":"wp","href":"https:\/\/api.w.org\/{rel}","templated":true}]}}